{"id":4947,"date":"2021-06-10T11:32:31","date_gmt":"2021-06-10T11:32:31","guid":{"rendered":"https:\/\/creublava.com\/ecografias-emocionales-3d-4d-y-5d-hd-live\/"},"modified":"2024-03-20T10:21:26","modified_gmt":"2024-03-20T10:21:26","slug":"ecografies-emocionals-3d-4d-y-5d-hd-live","status":"publish","type":"page","link":"https:\/\/creublava.com\/ca\/ecografies-emocionals-3d-4d-y-5d-hd-live\/","title":{"rendered":"Ecografies emocionals 3D, 4D y 5D HD-Live"},"content":{"rendered":"<div id='av-layout-grid-1'  class='av-layout-grid-container av-7nr04g-df671bf7576e358510c4c88d810b6d8f entry-content-wrapper main_color av-flex-cells  avia-builder-el-0  el_before_av_section  avia-builder-el-first   container_wrap fullsize'  >\n\n<style type=\"text\/css\" data-created_by=\"avia_inline_auto\" id=\"style-css-av-7kqrio-6e978fba2e38ac565afe3f8fe2eace28\">\n.flex_cell.av-7kqrio-6e978fba2e38ac565afe3f8fe2eace28{\nvertical-align:middle;\nheight:500px;\nmin-height:500px;\nbackground:url(https:\/\/creublava.com\/wp-content\/uploads\/2021\/06\/pexels-mart-production-7089396.jpg) 0% 0% no-repeat scroll #22689e;\n}\n.responsive #top #wrap_all .flex_cell.av-7kqrio-6e978fba2e38ac565afe3f8fe2eace28{\npadding:0px 0px 0px 0px !important;\n}\n<\/style>\n<div class='flex_cell av-7kqrio-6e978fba2e38ac565afe3f8fe2eace28 av-gridrow-cell av_one_half no_margin  avia-builder-el-1  el_before_av_cell_one_half  avia-builder-el-first  content-align-middle av-zero-padding avia-full-stretch'  ><div class='flex_cell_inner'><\/div><\/div>\n<style type=\"text\/css\" data-created_by=\"avia_inline_auto\" id=\"style-css-av-21jgqeo-ea5fed5d6f9b534f170f2a9b42546432\">\n.flex_cell.av-21jgqeo-ea5fed5d6f9b534f170f2a9b42546432{\nvertical-align:middle;\nheight:500px;\nmin-height:500px;\nbackground-color:#22689e;\n}\n.responsive #top #wrap_all .flex_cell.av-21jgqeo-ea5fed5d6f9b534f170f2a9b42546432{\npadding:80px 80px 80px 80px !important;\n}\n<\/style>\n<div class='flex_cell av-21jgqeo-ea5fed5d6f9b534f170f2a9b42546432 av-gridrow-cell av_one_half no_margin  avia-builder-el-2  el_after_av_cell_one_half  avia-builder-el-last  content-align-middle'  ><div class='flex_cell_inner'><p>\n<style type=\"text\/css\" data-created_by=\"avia_inline_auto\" id=\"style-css-av-1zp6z28-9ff967b4313aa3d01264ffaaac97f574\">\n#top .av-special-heading.av-1zp6z28-9ff967b4313aa3d01264ffaaac97f574{\npadding-bottom:25px;\ncolor:#ffffff;\nfont-size:34px;\n}\nbody .av-special-heading.av-1zp6z28-9ff967b4313aa3d01264ffaaac97f574 .av-special-heading-tag .heading-char{\nfont-size:25px;\n}\n#top #wrap_all .av-special-heading.av-1zp6z28-9ff967b4313aa3d01264ffaaac97f574 .av-special-heading-tag{\nfont-size:34px;\n}\n.av-special-heading.av-1zp6z28-9ff967b4313aa3d01264ffaaac97f574 .special-heading-inner-border{\nborder-color:#ffffff;\n}\n.av-special-heading.av-1zp6z28-9ff967b4313aa3d01264ffaaac97f574 .av-subheading{\nfont-size:15px;\n}\n\n@media only screen and (min-width: 480px) and (max-width: 767px){ \n#top #wrap_all .av-special-heading.av-1zp6z28-9ff967b4313aa3d01264ffaaac97f574 .av-special-heading-tag{\nfont-size:0.8em;\n}\n}\n\n@media only screen and (max-width: 479px){ \n#top #wrap_all .av-special-heading.av-1zp6z28-9ff967b4313aa3d01264ffaaac97f574 .av-special-heading-tag{\nfont-size:0.8em;\n}\n}\n<\/style>\n<div  class='av-special-heading av-1zp6z28-9ff967b4313aa3d01264ffaaac97f574 av-special-heading-h3 custom-color-heading blockquote modern-quote  avia-builder-el-3  el_before_av_textblock  avia-builder-el-first  av-inherit-size'><div class='av_custom_color av-subheading av-subheading_above'><p>El millor record del teu embar\u00e0s<\/p>\n<\/div><h3 class='av-special-heading-tag '  itemprop=\"headline\"  >Ecografies emocionals 3D, 4D y 5D HD-Live<\/h3><div class=\"special-heading-border\"><div class=\"special-heading-inner-border\"><\/div><\/div><\/div><br \/>\n\n<style type=\"text\/css\" data-created_by=\"avia_inline_auto\" id=\"style-css-av-1xttk8w-9d83de393dcf076b94f0962c004c82ce\">\n#top .av_textblock_section.av-1xttk8w-9d83de393dcf076b94f0962c004c82ce .avia_textblock{\ncolor:#ffffff;\n}\n<\/style>\n<section  class='av_textblock_section av-1xttk8w-9d83de393dcf076b94f0962c004c82ce '   itemscope=\"itemscope\" itemtype=\"https:\/\/schema.org\/CreativeWork\" ><div class='avia_textblock av_inherit_color'  itemprop=\"text\" ><p>Som <strong>especialistes en imatge prenatal<\/strong>, posem a la teva disposici\u00f3 l&#8217;\u00faltima tecnologia en ecografies emocionals en 3D, 4d i 5D HD-Live de la m\u00e0 d&#8217;un excel\u00b7lent equip de professionals ec\u00f2grafs.<\/p>\n<p>A m\u00e9s de veure el teu nad\u00f3 dins del teu ventre en temps real, tindr\u00e0s un gran nombre d&#8217;imatges i v\u00eddeos. Un reportatge perqu\u00e8 vegis tots els detalls, els seus peus, mans, cord\u00f3, sexe i poder veure&#8217;l riure, badallar, enfadar-se.<\/p>\n<p>No us perdeu l&#8217;oportunitat de veure el vostre nad\u00f3!<\/p>\n<\/div><\/section><\/p>\n<\/div><\/div><\/div><div id='av_section_1'  class='avia-section av-ol2v4-5411a4ecfda5d3f20922eec61b56e184 main_color avia-section-huge avia-no-border-styling  avia-builder-el-5  el_after_av_layout_row  avia-builder-el-last  avia-bg-style-scroll container_wrap fullsize'  ><div class='container av-section-cont-open' ><div class='template-page content  av-content-full alpha units'><div class='post-entry post-entry-type-page post-entry-4947'><div class='entry-content-wrapper clearfix'>\n<div class='flex_column_table av-b61oog-fa6fe178b391e59832114e3c4a96600a sc-av_one_half av-equal-height-column-flextable'>\n<style type=\"text\/css\" data-created_by=\"avia_inline_auto\" id=\"style-css-av-b61oog-fa6fe178b391e59832114e3c4a96600a\">\n#top .flex_column_table.av-equal-height-column-flextable.av-b61oog-fa6fe178b391e59832114e3c4a96600a{\nmargin-top:-200px;\nmargin-bottom:0px;\n}\n.flex_column.av-b61oog-fa6fe178b391e59832114e3c4a96600a{\nborder-radius:0px 0px 0px 0px;\npadding:40px 40px 40px 40px;\nbackground-color:#1698e2;\n}\n<\/style>\n<div  class='flex_column av-b61oog-fa6fe178b391e59832114e3c4a96600a av_one_half  avia-builder-el-6  el_before_av_one_half  avia-builder-el-first  first no_margin flex_column_table_cell av-equal-height-column av-align-top  '     ><p>\n<style type=\"text\/css\" data-created_by=\"avia_inline_auto\" id=\"style-css-av-9pb3ww-deeafe32a39a082b29537c7699fc921d\">\n.av_font_icon.av-9pb3ww-deeafe32a39a082b29537c7699fc921d{\ncolor:#ffffff;\nborder-color:#ffffff;\n}\n.avia-svg-icon.av-9pb3ww-deeafe32a39a082b29537c7699fc921d svg:first-child{\nstroke:#ffffff;\nfill:#ffffff;\n}\n.av_font_icon.av-9pb3ww-deeafe32a39a082b29537c7699fc921d .av-icon-char{\nfont-size:60px;\nline-height:60px;\n}\n<\/style>\n<span  class='av_font_icon av-9pb3ww-deeafe32a39a082b29537c7699fc921d avia_animate_when_visible av-icon-style- avia-icon-pos-center avia-iconfont avia-font-entypo-fontello avia-icon-animate'><span class='av-icon-char' data-av_icon='\ue807' data-av_iconfont='entypo-fontello' aria-hidden=\"true\" ><\/span><\/span><br \/>\n\n<style type=\"text\/css\" data-created_by=\"avia_inline_auto\" id=\"style-css-av-7pjink-fa9f1a56aba7e5e9f3e4d1a60e2884f0\">\n#top .hr.hr-invisible.av-7pjink-fa9f1a56aba7e5e9f3e4d1a60e2884f0{\nheight:20px;\n}\n<\/style>\n<div  class='hr av-7pjink-fa9f1a56aba7e5e9f3e4d1a60e2884f0 hr-invisible  avia-builder-el-8  el_after_av_font_icon  el_before_av_textblock '><span class='hr-inner '><span class=\"hr-inner-style\"><\/span><\/span><\/div><br \/>\n\n<style type=\"text\/css\" data-created_by=\"avia_inline_auto\" id=\"style-css-av-1pfn05s-67355da94cc7e6069d4317142b8d5189\">\n#top .av_textblock_section.av-1pfn05s-67355da94cc7e6069d4317142b8d5189 .avia_textblock{\ncolor:#ffffff;\n}\n<\/style>\n<section  class='av_textblock_section av-1pfn05s-67355da94cc7e6069d4317142b8d5189 '   itemscope=\"itemscope\" itemtype=\"https:\/\/schema.org\/CreativeWork\" ><div class='avia_textblock av_inherit_color'  itemprop=\"text\" ><h4 style=\"text-align: center;\">Eco Qu\u00e8 ser\u00e0?<\/h4>\n<p style=\"text-align: center;\">59 \u20ac <em>(IVA incl\u00f2s)<\/em><\/p>\n<\/div><\/section><br \/>\n\n<style type=\"text\/css\" data-created_by=\"avia_inline_auto\" id=\"style-css-av-3zq4q8-0ca78dff3bba5a3a262695c7bd163439\">\n#top .hr.hr-invisible.av-3zq4q8-0ca78dff3bba5a3a262695c7bd163439{\nheight:8px;\n}\n<\/style>\n<div  class='hr av-3zq4q8-0ca78dff3bba5a3a262695c7bd163439 hr-invisible  avia-builder-el-10  el_after_av_textblock  el_before_av_textblock '><span class='hr-inner '><span class=\"hr-inner-style\"><\/span><\/span><\/div><br \/>\n\n<style type=\"text\/css\" data-created_by=\"avia_inline_auto\" id=\"style-css-av-4dhvy8-d4f6c369caf2656a0aee4ff818e368f1\">\n#top .av_textblock_section.av-4dhvy8-d4f6c369caf2656a0aee4ff818e368f1 .avia_textblock{\ncolor:#ffffff;\n}\n<\/style>\n<section  class='av_textblock_section av-4dhvy8-d4f6c369caf2656a0aee4ff818e368f1 '   itemscope=\"itemscope\" itemtype=\"https:\/\/schema.org\/CreativeWork\" ><div class='avia_textblock av_inherit_color'  itemprop=\"text\" ><p>&#8211; 15 minuts. D&#8217;ecografia 5D-HD Live per con\u00e8ixer el sexe del nad\u00f3.<br \/>\n&#8211; Abans de la setmana 15 a la 20.<br \/>\n&#8211; Fotografies impresa.<br \/>\n&#8211; Batec fetal.<br \/>\n&#8211; Foto en fam\u00edlia durant lexperi\u00e8ncia.<\/p>\n<p><em>* + 10 \u20ac en embarassos bessons \/ m\u00faltiples + 5 min + una foto extra<\/em><\/p>\n<\/div><\/section><\/p><\/div>\n<style type=\"text\/css\" data-created_by=\"avia_inline_auto\" id=\"style-css-av-1bng4w0-3d2ef7d4f8664793b421741164aedf94\">\n#top .flex_column_table.av-equal-height-column-flextable.av-1bng4w0-3d2ef7d4f8664793b421741164aedf94{\nmargin-top:-200px;\nmargin-bottom:0px;\n}\n.flex_column.av-1bng4w0-3d2ef7d4f8664793b421741164aedf94{\nborder-radius:0px 0px 0px 0px;\npadding:40px 40px 40px 40px;\nbackground-color:#48aae2;\n}\n<\/style>\n<div  class='flex_column av-1bng4w0-3d2ef7d4f8664793b421741164aedf94 av_one_half  avia-builder-el-12  el_after_av_one_half  el_before_av_hr  no_margin flex_column_table_cell av-equal-height-column av-align-top  '     ><p>\n<style type=\"text\/css\" data-created_by=\"avia_inline_auto\" id=\"style-css-av-197dp34-c82b2829f8ad0d8041dae9e7fd38de93\">\n.av_font_icon.av-197dp34-c82b2829f8ad0d8041dae9e7fd38de93{\ncolor:#ffffff;\nborder-color:#ffffff;\n}\n.avia-svg-icon.av-197dp34-c82b2829f8ad0d8041dae9e7fd38de93 svg:first-child{\nstroke:#ffffff;\nfill:#ffffff;\n}\n.av_font_icon.av-197dp34-c82b2829f8ad0d8041dae9e7fd38de93 .av-icon-char{\nfont-size:60px;\nline-height:60px;\n}\n<\/style>\n<span  class='av_font_icon av-197dp34-c82b2829f8ad0d8041dae9e7fd38de93 avia_animate_when_visible av-icon-style- avia-icon-pos-center avia-iconfont avia-font-entypo-fontello avia-icon-animate'><span class='av-icon-char' data-av_icon='\ue807' data-av_iconfont='entypo-fontello' aria-hidden=\"true\" ><\/span><\/span><br \/>\n\n<style type=\"text\/css\" data-created_by=\"avia_inline_auto\" id=\"style-css-av-18a3cnk-55170127bd908780d72b1f5f5ea9fa2f\">\n#top .hr.hr-invisible.av-18a3cnk-55170127bd908780d72b1f5f5ea9fa2f{\nheight:20px;\n}\n<\/style>\n<div  class='hr av-18a3cnk-55170127bd908780d72b1f5f5ea9fa2f hr-invisible  avia-builder-el-14  el_after_av_font_icon  el_before_av_textblock '><span class='hr-inner '><span class=\"hr-inner-style\"><\/span><\/span><\/div><br \/>\n\n<style type=\"text\/css\" data-created_by=\"avia_inline_auto\" id=\"style-css-av-15opapc-d4f6fef43f656a79482c3d3ab1ff1bde\">\n#top .av_textblock_section.av-15opapc-d4f6fef43f656a79482c3d3ab1ff1bde .avia_textblock{\ncolor:#ffffff;\n}\n<\/style>\n<section  class='av_textblock_section av-15opapc-d4f6fef43f656a79482c3d3ab1ff1bde '   itemscope=\"itemscope\" itemtype=\"https:\/\/schema.org\/CreativeWork\" ><div class='avia_textblock av_inherit_color'  itemprop=\"text\" ><h4 style=\"text-align: center;\">ECO Premium 5D<\/h4>\n<p style=\"text-align: center;\">69 \u20ac <em>(IVA incl\u00f2s)<\/em><\/p>\n<\/div><\/section><br \/>\n\n<style type=\"text\/css\" data-created_by=\"avia_inline_auto\" id=\"style-css-av-2mwl4g-e934ee22d9c6ba5f24f9ba693420e105\">\n#top .hr.hr-invisible.av-2mwl4g-e934ee22d9c6ba5f24f9ba693420e105{\nheight:8px;\n}\n<\/style>\n<div  class='hr av-2mwl4g-e934ee22d9c6ba5f24f9ba693420e105 hr-invisible  avia-builder-el-16  el_after_av_textblock  el_before_av_textblock '><span class='hr-inner '><span class=\"hr-inner-style\"><\/span><\/span><\/div><br \/>\n\n<style type=\"text\/css\" data-created_by=\"avia_inline_auto\" id=\"style-css-av-kpsaz37h-14486a3633006fe7e85986d2de49c9e0\">\n#top .av_textblock_section.av-kpsaz37h-14486a3633006fe7e85986d2de49c9e0 .avia_textblock{\ncolor:#ffffff;\n}\n<\/style>\n<section  class='av_textblock_section av-kpsaz37h-14486a3633006fe7e85986d2de49c9e0 '   itemscope=\"itemscope\" itemtype=\"https:\/\/schema.org\/CreativeWork\" ><div class='avia_textblock av_inherit_color'  itemprop=\"text\" ><p>&#8211; 30 minuts. D&#8217;ecografia 5D-HD Live.<br \/>\n&#8211; Fotografies impreses.<br \/>\n&#8211; Enregistrament de la sessi\u00f3 completa a l&#8217;USB.<br \/>\n&#8211; Batec fetal.<br \/>\n&#8211; Foto en fam\u00edlia durant lexperi\u00e8ncia.<\/p>\n<p><em>* + 10 \u20ac en embarassos bessons \/ m\u00faltiples + 5 min + una foto extra<\/em><\/p>\n<\/div><\/section><\/p><\/div><\/div><!--close column table wrapper. Autoclose: 1 -->\n<style type=\"text\/css\" data-created_by=\"avia_inline_auto\" id=\"style-css-av-295ork-675a901fe688d3b585e7493d6255c21a\">\n#top .hr.hr-invisible.av-295ork-675a901fe688d3b585e7493d6255c21a{\nheight:20px;\n}\n<\/style>\n<div  class='hr av-295ork-675a901fe688d3b585e7493d6255c21a hr-invisible  avia-builder-el-18  el_after_av_one_half  el_before_av_textblock '><span class='hr-inner '><span class=\"hr-inner-style\"><\/span><\/span><\/div>\n<section  class='av_textblock_section av-2q9weo-cf756338bbe2d55650c75a176bd2d14d '   itemscope=\"itemscope\" itemtype=\"https:\/\/schema.org\/CreativeWork\" ><div class='avia_textblock'  itemprop=\"text\" ><p>Podem rebre les cites segons el Reial decret llei 21\/2020:<\/p>\n<ul>\n<li>Embarassada + 3 convidats (inclosos com a persones f\u00edsiques de la mateixa bombolla familiar; parella, altres fills, nadons).<\/li>\n<li>Imprescindible portar m\u00e0scara.<\/li>\n<\/ul>\n<\/div><\/section>\n<\/p>\n","protected":false},"excerpt":{"rendered":"","protected":false},"author":1,"featured_media":0,"parent":0,"menu_order":0,"comment_status":"closed","ping_status":"closed","template":"","meta":{"footnotes":""},"class_list":["post-4947","page","type-page","status-publish","hentry"],"yoast_head":"<!-- This site is optimized with the Yoast SEO plugin v27.4 - https:\/\/yoast.com\/product\/yoast-seo-wordpress\/ -->\n<title>Ecografies emocionals 3D, 4D y 5D HD-Live - Creu Blava<\/title>\n<meta name=\"robots\" content=\"index, follow, max-snippet:-1, max-image-preview:large, max-video-preview:-1\" \/>\n<link rel=\"canonical\" href=\"https:\/\/creublava.com\/ca\/ecografies-emocionals-3d-4d-y-5d-hd-live\/\" \/>\n<meta property=\"og:locale\" content=\"ca_ES\" \/>\n<meta property=\"og:type\" content=\"article\" \/>\n<meta property=\"og:title\" content=\"Ecografies emocionals 3D, 4D y 5D HD-Live - Creu Blava\" \/>\n<meta property=\"og:url\" content=\"https:\/\/creublava.com\/ca\/ecografies-emocionals-3d-4d-y-5d-hd-live\/\" \/>\n<meta property=\"og:site_name\" content=\"Creu Blava\" \/>\n<meta property=\"article:modified_time\" content=\"2024-03-20T10:21:26+00:00\" \/>\n<meta name=\"twitter:card\" content=\"summary_large_image\" \/>\n<meta name=\"twitter:label1\" content=\"Temps estimat de lectura\" \/>\n\t<meta name=\"twitter:data1\" content=\"1 minut\" \/>\n<script type=\"application\/ld+json\" class=\"yoast-schema-graph\">{\"@context\":\"https:\\\/\\\/schema.org\",\"@graph\":[{\"@type\":\"WebPage\",\"@id\":\"https:\\\/\\\/creublava.com\\\/ca\\\/ecografies-emocionals-3d-4d-y-5d-hd-live\\\/\",\"url\":\"https:\\\/\\\/creublava.com\\\/ca\\\/ecografies-emocionals-3d-4d-y-5d-hd-live\\\/\",\"name\":\"Ecografies emocionals 3D, 4D y 5D HD-Live - Creu Blava\",\"isPartOf\":{\"@id\":\"https:\\\/\\\/creublava.com\\\/ca\\\/#website\"},\"datePublished\":\"2021-06-10T11:32:31+00:00\",\"dateModified\":\"2024-03-20T10:21:26+00:00\",\"breadcrumb\":{\"@id\":\"https:\\\/\\\/creublava.com\\\/ca\\\/ecografies-emocionals-3d-4d-y-5d-hd-live\\\/#breadcrumb\"},\"inLanguage\":\"ca\",\"potentialAction\":[{\"@type\":\"ReadAction\",\"target\":[\"https:\\\/\\\/creublava.com\\\/ca\\\/ecografies-emocionals-3d-4d-y-5d-hd-live\\\/\"]}]},{\"@type\":\"BreadcrumbList\",\"@id\":\"https:\\\/\\\/creublava.com\\\/ca\\\/ecografies-emocionals-3d-4d-y-5d-hd-live\\\/#breadcrumb\",\"itemListElement\":[{\"@type\":\"ListItem\",\"position\":1,\"name\":\"Portada\",\"item\":\"https:\\\/\\\/creublava.com\\\/ca\\\/creublava-malgrat-de-mar\\\/\"},{\"@type\":\"ListItem\",\"position\":2,\"name\":\"Ecografies emocionals 3D, 4D y 5D HD-Live\"}]},{\"@type\":\"WebSite\",\"@id\":\"https:\\\/\\\/creublava.com\\\/ca\\\/#website\",\"url\":\"https:\\\/\\\/creublava.com\\\/ca\\\/\",\"name\":\"Cloutions\",\"description\":\"Centro cl\u00ednico en Malgrat de Mar\",\"potentialAction\":[{\"@type\":\"SearchAction\",\"target\":{\"@type\":\"EntryPoint\",\"urlTemplate\":\"https:\\\/\\\/creublava.com\\\/ca\\\/?s={search_term_string}\"},\"query-input\":{\"@type\":\"PropertyValueSpecification\",\"valueRequired\":true,\"valueName\":\"search_term_string\"}}],\"inLanguage\":\"ca\"}]}<\/script>\n<!-- \/ Yoast SEO plugin. -->","yoast_head_json":{"title":"Ecografies emocionals 3D, 4D y 5D HD-Live - Creu Blava","robots":{"index":"index","follow":"follow","max-snippet":"max-snippet:-1","max-image-preview":"max-image-preview:large","max-video-preview":"max-video-preview:-1"},"canonical":"https:\/\/creublava.com\/ca\/ecografies-emocionals-3d-4d-y-5d-hd-live\/","og_locale":"ca_ES","og_type":"article","og_title":"Ecografies emocionals 3D, 4D y 5D HD-Live - Creu Blava","og_url":"https:\/\/creublava.com\/ca\/ecografies-emocionals-3d-4d-y-5d-hd-live\/","og_site_name":"Creu Blava","article_modified_time":"2024-03-20T10:21:26+00:00","twitter_card":"summary_large_image","twitter_misc":{"Temps estimat de lectura":"1 minut"},"schema":{"@context":"https:\/\/schema.org","@graph":[{"@type":"WebPage","@id":"https:\/\/creublava.com\/ca\/ecografies-emocionals-3d-4d-y-5d-hd-live\/","url":"https:\/\/creublava.com\/ca\/ecografies-emocionals-3d-4d-y-5d-hd-live\/","name":"Ecografies emocionals 3D, 4D y 5D HD-Live - Creu Blava","isPartOf":{"@id":"https:\/\/creublava.com\/ca\/#website"},"datePublished":"2021-06-10T11:32:31+00:00","dateModified":"2024-03-20T10:21:26+00:00","breadcrumb":{"@id":"https:\/\/creublava.com\/ca\/ecografies-emocionals-3d-4d-y-5d-hd-live\/#breadcrumb"},"inLanguage":"ca","potentialAction":[{"@type":"ReadAction","target":["https:\/\/creublava.com\/ca\/ecografies-emocionals-3d-4d-y-5d-hd-live\/"]}]},{"@type":"BreadcrumbList","@id":"https:\/\/creublava.com\/ca\/ecografies-emocionals-3d-4d-y-5d-hd-live\/#breadcrumb","itemListElement":[{"@type":"ListItem","position":1,"name":"Portada","item":"https:\/\/creublava.com\/ca\/creublava-malgrat-de-mar\/"},{"@type":"ListItem","position":2,"name":"Ecografies emocionals 3D, 4D y 5D HD-Live"}]},{"@type":"WebSite","@id":"https:\/\/creublava.com\/ca\/#website","url":"https:\/\/creublava.com\/ca\/","name":"Cloutions","description":"Centro cl\u00ednico en Malgrat de Mar","potentialAction":[{"@type":"SearchAction","target":{"@type":"EntryPoint","urlTemplate":"https:\/\/creublava.com\/ca\/?s={search_term_string}"},"query-input":{"@type":"PropertyValueSpecification","valueRequired":true,"valueName":"search_term_string"}}],"inLanguage":"ca"}]}},"_links":{"self":[{"href":"https:\/\/creublava.com\/ca\/wp-json\/wp\/v2\/pages\/4947","targetHints":{"allow":["GET"]}}],"collection":[{"href":"https:\/\/creublava.com\/ca\/wp-json\/wp\/v2\/pages"}],"about":[{"href":"https:\/\/creublava.com\/ca\/wp-json\/wp\/v2\/types\/page"}],"author":[{"embeddable":true,"href":"https:\/\/creublava.com\/ca\/wp-json\/wp\/v2\/users\/1"}],"replies":[{"embeddable":true,"href":"https:\/\/creublava.com\/ca\/wp-json\/wp\/v2\/comments?post=4947"}],"version-history":[{"count":0,"href":"https:\/\/creublava.com\/ca\/wp-json\/wp\/v2\/pages\/4947\/revisions"}],"wp:attachment":[{"href":"https:\/\/creublava.com\/ca\/wp-json\/wp\/v2\/media?parent=4947"}],"curies":[{"name":"wp","href":"https:\/\/api.w.org\/{rel}","templated":true}]}}