{"id":4955,"date":"2019-03-22T09:58:14","date_gmt":"2019-03-22T09:58:14","guid":{"rendered":"https:\/\/creublava.com\/enfermeria\/"},"modified":"2025-08-20T07:50:53","modified_gmt":"2025-08-20T07:50:53","slug":"infermeria","status":"publish","type":"page","link":"https:\/\/creublava.com\/ca\/infermeria\/","title":{"rendered":"Infermeria"},"content":{"rendered":"<div id='av-layout-grid-1'  class='av-layout-grid-container av-e5guzw-1c6fda7aad9dcf56614fd1147b800670 entry-content-wrapper main_color av-flex-cells  avia-builder-el-0  el_before_av_one_full  avia-builder-el-first   container_wrap fullsize'  >\n\n<style type=\"text\/css\" data-created_by=\"avia_inline_auto\" id=\"style-css-av-c65zl8-67bfb034f52801a9d01f32c5fb951e56\">\n.flex_cell.av-c65zl8-67bfb034f52801a9d01f32c5fb951e56{\nvertical-align:middle;\nheight:500px;\nmin-height:500px;\nbackground:url(https:\/\/creublava.com\/wp-content\/uploads\/2019\/03\/Avia_infermera-1.jpg) 50% 0% no-repeat scroll #22689e;\n}\n.responsive #top #wrap_all .flex_cell.av-c65zl8-67bfb034f52801a9d01f32c5fb951e56{\npadding:0px 0px 0px 0px !important;\n}\n<\/style>\n<div class='flex_cell av-c65zl8-67bfb034f52801a9d01f32c5fb951e56 av-gridrow-cell av_one_half no_margin  avia-builder-el-1  el_before_av_cell_one_half  avia-builder-el-first  content-align-middle av-zero-padding avia-full-stretch'  ><div class='flex_cell_inner'><\/div><\/div>\n<style type=\"text\/css\" data-created_by=\"avia_inline_auto\" id=\"style-css-av-avyjbw-bb3635054c8f5d5026dc9095b9233cd8\">\n.flex_cell.av-avyjbw-bb3635054c8f5d5026dc9095b9233cd8{\nvertical-align:middle;\nheight:500px;\nmin-height:500px;\nbackground-color:#0174c5;\n}\n.responsive #top #wrap_all .flex_cell.av-avyjbw-bb3635054c8f5d5026dc9095b9233cd8{\npadding:80px 80px 80px 80px !important;\n}\n<\/style>\n<div class='flex_cell av-avyjbw-bb3635054c8f5d5026dc9095b9233cd8 av-gridrow-cell av_one_half no_margin  avia-builder-el-2  el_after_av_cell_one_half  avia-builder-el-last  content-align-middle'  ><div class='flex_cell_inner'><p>\n<style type=\"text\/css\" data-created_by=\"avia_inline_auto\" id=\"style-css-av-25nu6m-acf01f7a3e4bb759bdc865d9d25e5bc8\">\n#top .av-special-heading.av-25nu6m-acf01f7a3e4bb759bdc865d9d25e5bc8{\npadding-bottom:25px;\ncolor:#ffffff;\nfont-size:34px;\n}\nbody .av-special-heading.av-25nu6m-acf01f7a3e4bb759bdc865d9d25e5bc8 .av-special-heading-tag .heading-char{\nfont-size:25px;\n}\n#top #wrap_all .av-special-heading.av-25nu6m-acf01f7a3e4bb759bdc865d9d25e5bc8 .av-special-heading-tag{\nfont-size:34px;\n}\n.av-special-heading.av-25nu6m-acf01f7a3e4bb759bdc865d9d25e5bc8 .special-heading-inner-border{\nborder-color:#ffffff;\n}\n.av-special-heading.av-25nu6m-acf01f7a3e4bb759bdc865d9d25e5bc8 .av-subheading{\nfont-size:15px;\n}\n\n@media only screen and (min-width: 480px) and (max-width: 767px){ \n#top #wrap_all .av-special-heading.av-25nu6m-acf01f7a3e4bb759bdc865d9d25e5bc8 .av-special-heading-tag{\nfont-size:0.8em;\n}\n}\n\n@media only screen and (max-width: 479px){ \n#top #wrap_all .av-special-heading.av-25nu6m-acf01f7a3e4bb759bdc865d9d25e5bc8 .av-special-heading-tag{\nfont-size:0.8em;\n}\n}\n<\/style>\n<div  class='av-special-heading av-25nu6m-acf01f7a3e4bb759bdc865d9d25e5bc8 av-special-heading-h3 custom-color-heading blockquote modern-quote modern-centered  avia-builder-el-3  el_before_av_textblock  avia-builder-el-first  av-inherit-size av-linked-heading'><h3 class='av-special-heading-tag '  itemprop=\"headline\"  >Infermeria<\/h3><div class=\"special-heading-border\"><div class=\"special-heading-inner-border\"><\/div><\/div><\/div><br \/>\n\n<style type=\"text\/css\" data-created_by=\"avia_inline_auto\" id=\"style-css-av-9usg18-4e9bc52d73ef7518577259b32f3852ed\">\n#top .av_textblock_section.av-9usg18-4e9bc52d73ef7518577259b32f3852ed .avia_textblock{\ncolor:#ffffff;\n}\n<\/style>\n<section  class='av_textblock_section av-9usg18-4e9bc52d73ef7518577259b32f3852ed '   itemscope=\"itemscope\" itemtype=\"https:\/\/schema.org\/CreativeWork\" ><div class='avia_textblock av_inherit_color'  itemprop=\"text\" ><blockquote>\n<p><em>\u201cLa infermeria posa el pacient en les millors condicions perqu\u00e8 la natura pugui curar les ferides\u201d.<\/em><\/p>\n<p>Florence Nightingale.<\/p>\n<\/blockquote>\n<\/div><\/section><\/p>\n<\/div><\/div>\n<\/div><div id='after_grid_row_1'  class='main_color av_default_container_wrap container_wrap fullsize'  ><div class='container av-section-cont-open' ><div class='template-page content  av-content-full alpha units'><div class='post-entry post-entry-type-page post-entry-4955'><div class='entry-content-wrapper clearfix'>\n\n<style type=\"text\/css\" data-created_by=\"avia_inline_auto\" id=\"style-css-av-h8h5qv-21ceb0487d4beadf78cbddd244708411\">\n.flex_column.av-h8h5qv-21ceb0487d4beadf78cbddd244708411{\nborder-radius:0px 0px 0px 0px;\npadding:0px 0px 0px 0px;\n}\n<\/style>\n<div  class='flex_column av-h8h5qv-21ceb0487d4beadf78cbddd244708411 av_one_full  avia-builder-el-5  el_after_av_layout_row  el_before_av_section  avia-builder-el-no-sibling  first flex_column_div av-zero-column-padding  '     ><section  class='av_textblock_section av-jtikaxsb-3fe6eacd028c551661bafff574e0c96a '   itemscope=\"itemscope\" itemtype=\"https:\/\/schema.org\/CreativeWork\" ><div class='avia_textblock'  itemprop=\"text\" ><p>La <strong>Infermeria<\/strong> abra\u00e7a l&#8217;atenci\u00f3 aut\u00f2noma i en col\u00b7laboraci\u00f3 dispensada a persones de totes les edats, fam\u00edlies, grups i comunitats, malalts o no, i en totes les circumst\u00e0ncies. La infermeria \u00e9s la professi\u00f3 de la cura que emfatitza les relacions humanes, l&#8217;ajuda i l&#8217;autocura mitjan\u00e7ant la promoci\u00f3 de la salut, la prevenci\u00f3 de les malalties i la cura dels qui ho necessiten. Compr\u00e8n la promoci\u00f3 de la salut, la prevenci\u00f3 de malalties i latenci\u00f3 dispensada a malalts, discapacitats i persones en situaci\u00f3 terminal.<\/p>\n<p>La <strong>Infermeria<\/strong>, a m\u00e9s d&#8217;aplicar de manera integral un conjunt de cures a l&#8217;individu, la fam\u00edlia i la comunitat en el proc\u00e9s salut-malaltia, ha de contribuir que adquireixin habilitats, h\u00e0bits i conductes que en fomentin l&#8217;autocura en el marc d&#8217;una atenci\u00f3 prim\u00e0ria integral i comunit\u00e0ria que inclou la promoci\u00f3, protecci\u00f3, recuperaci\u00f3 i rehabilitaci\u00f3 de la salut, i la prevenci\u00f3 de la malaltia.<\/p>\n<\/div><\/section><\/div>\n<\/div><\/div><\/div><!-- close content main div --><\/div><\/div>\n<style type=\"text\/css\" data-created_by=\"avia_inline_auto\" id=\"style-css-av-ju3t935e-05954974cdae901abfd7a526a2c5ae30\">\n.avia-section.av-ju3t935e-05954974cdae901abfd7a526a2c5ae30{\nbackground-color:#e8e8e8;\nbackground-image:unset;\n}\n<\/style>\n<div id='av_section_1'  class='avia-section av-ju3t935e-05954974cdae901abfd7a526a2c5ae30 main_color avia-section-default avia-no-border-styling  avia-builder-el-7  el_after_av_one_full  el_before_av_hr  avia-bg-style-scroll container_wrap fullsize'  ><div class='container av-section-cont-open' ><div class='template-page content  av-content-full alpha units'><div class='post-entry post-entry-type-page post-entry-4955'><div class='entry-content-wrapper clearfix'>\n\n<style type=\"text\/css\" data-created_by=\"avia_inline_auto\" id=\"style-css-av-ju3t9olj-ec722fb89fcdb486bac0aa301d56f3a9\">\n#top .av-special-heading.av-ju3t9olj-ec722fb89fcdb486bac0aa301d56f3a9{\npadding-bottom:0;\n}\nbody .av-special-heading.av-ju3t9olj-ec722fb89fcdb486bac0aa301d56f3a9 .av-special-heading-tag .heading-char{\nfont-size:25px;\n}\n.av-special-heading.av-ju3t9olj-ec722fb89fcdb486bac0aa301d56f3a9 .av-subheading{\nfont-size:15px;\n}\n<\/style>\n<div  class='av-special-heading av-ju3t9olj-ec722fb89fcdb486bac0aa301d56f3a9 av-special-heading-h2 blockquote modern-quote  avia-builder-el-8  el_before_av_textblock  avia-builder-el-first  av-linked-heading'><h2 class='av-special-heading-tag '  itemprop=\"headline\"  >Infermeria a domicili<\/h2><div class=\"special-heading-border\"><div class=\"special-heading-inner-border\"><\/div><\/div><\/div>\n<section  class='av_textblock_section av-jpnx6v1a-3cb03311433246266997532f4f491da9 '   itemscope=\"itemscope\" itemtype=\"https:\/\/schema.org\/CreativeWork\" ><div class='avia_textblock'  itemprop=\"text\" ><p>El <strong>Consultori m\u00e8dic Creu Blava<\/strong> disposa d&#8217;un servei d&#8217;infermeria a domicili que t\u00e9 com a objectiu, millorar la qualitat de vida d&#8217;aquelles persones que pateixen malalties cr\u00f2niques o b\u00e9 afronten de manera temporal o permanent, una limitaci\u00f3 tant de la seva capacitat d&#8217;autocuidar-se, com per despla\u00e7ar-se de manera aut\u00f2noma. La infermeria abasta la cura integral de l&#8217;individu i inclou la promoci\u00f3 de la salut, la prevenci\u00f3 de la malaltia, i les cures sanit\u00e0ries.<\/p>\n<\/div><\/section>\n\n<style type=\"text\/css\" data-created_by=\"avia_inline_auto\" id=\"style-css-av-ju3t9t93-5c767ed4cf8e1aed4e7de04db506031a\">\n#top .av-special-heading.av-ju3t9t93-5c767ed4cf8e1aed4e7de04db506031a{\npadding-bottom:0;\n}\nbody .av-special-heading.av-ju3t9t93-5c767ed4cf8e1aed4e7de04db506031a .av-special-heading-tag .heading-char{\nfont-size:25px;\n}\n.av-special-heading.av-ju3t9t93-5c767ed4cf8e1aed4e7de04db506031a .av-subheading{\nfont-size:15px;\n}\n<\/style>\n<div  class='av-special-heading av-ju3t9t93-5c767ed4cf8e1aed4e7de04db506031a av-special-heading-h2 blockquote modern-quote  avia-builder-el-10  el_after_av_textblock  el_before_av_iconlist  av-linked-heading'><h2 class='av-special-heading-tag '  itemprop=\"headline\"  >Quins avantatges t\u00e9 una infermera a domicili?<\/h2><div class=\"special-heading-border\"><div class=\"special-heading-inner-border\"><\/div><\/div><\/div>\n\n<style type=\"text\/css\" data-created_by=\"avia_inline_auto\" id=\"style-css-av-jtikf6wu-b54abcc5e3c63777b8028bb3d4f00375\">\n#top .avia-icon-list-container.av-jtikf6wu-b54abcc5e3c63777b8028bb3d4f00375 .iconlist_icon{\ncolor:#7ab6e6;\n}\n#top .avia-icon-list-container.av-jtikf6wu-b54abcc5e3c63777b8028bb3d4f00375 .iconlist_icon svg:first-child{\nstroke:#7ab6e6;\nfill:#7ab6e6;\n}\n<\/style>\n<div  class='avia-icon-list-container av-jtikf6wu-b54abcc5e3c63777b8028bb3d4f00375  avia-builder-el-11  el_after_av_heading  el_before_av_textblock '><ul class='avia-icon-list avia_animate_when_almost_visible avia-icon-list-left av-iconlist-small av-jtikf6wu-b54abcc5e3c63777b8028bb3d4f00375 avia-iconlist-animate'>\n<li><div class='iconlist_icon av-cf4lce-af02439d2cc8ea00f0c76b7b14457f8b avia-font-entypo-fontello avia-iconfont avia-font-entypo-fontello'><span class='av-icon-char' data-av_icon='\ue812' data-av_iconfont='entypo-fontello' aria-hidden=\"true\"><\/span><\/div><article class=\"article-icon-entry av-iconlist-empty\"  itemscope=\"itemscope\" itemtype=\"https:\/\/schema.org\/CreativeWork\" ><div class=\"iconlist_content_wrap\"><header class=\"entry-content-header\" aria-label=\"Icon: Comoditat per al pacient.\"><div class='av_iconlist_title iconlist_title_small  '  itemprop=\"headline\" >Comoditat per al pacient.<\/div><\/header><div class='iconlist_content '  itemprop=\"text\" ><\/div><\/div><footer class=\"entry-footer\"><\/footer><\/article><div class=\"iconlist-timeline\"><\/div><\/li>\n<li><div class='iconlist_icon av-ax507i-6a6e7908c6e3be7371153b261d10d61c avia-font-entypo-fontello avia-iconfont avia-font-entypo-fontello'><span class='av-icon-char' data-av_icon='\ue812' data-av_iconfont='entypo-fontello' aria-hidden=\"true\"><\/span><\/div><article class=\"article-icon-entry av-iconlist-empty\"  itemscope=\"itemscope\" itemtype=\"https:\/\/schema.org\/CreativeWork\" ><div class=\"iconlist_content_wrap\"><header class=\"entry-content-header\" aria-label=\"Icon: Reducci\u00f3 de costos per despla\u00e7aments en tractaments perllongats.\"><div class='av_iconlist_title iconlist_title_small  '  itemprop=\"headline\" >Reducci\u00f3 de costos per despla\u00e7aments en tractaments perllongats.<\/div><\/header><div class='iconlist_content '  itemprop=\"text\" ><\/div><\/div><footer class=\"entry-footer\"><\/footer><\/article><div class=\"iconlist-timeline\"><\/div><\/li>\n<li><div class='iconlist_icon av-9mtwry-d099410387f9074038e5496535173633 avia-font-entypo-fontello avia-iconfont avia-font-entypo-fontello'><span class='av-icon-char' data-av_icon='\ue812' data-av_iconfont='entypo-fontello' aria-hidden=\"true\"><\/span><\/div><article class=\"article-icon-entry av-iconlist-empty\"  itemscope=\"itemscope\" itemtype=\"https:\/\/schema.org\/CreativeWork\" ><div class=\"iconlist_content_wrap\"><header class=\"entry-content-header\" aria-label=\"Icon: Evitar riscos per despla\u00e7ament inadequat del pacient.\"><div class='av_iconlist_title iconlist_title_small  '  itemprop=\"headline\" >Evitar riscos per despla\u00e7ament inadequat del pacient.<\/div><\/header><div class='iconlist_content '  itemprop=\"text\" ><\/div><\/div><footer class=\"entry-footer\"><\/footer><\/article><div class=\"iconlist-timeline\"><\/div><\/li>\n<li><div class='iconlist_icon av-6vs0v2-f0e365324dc6feafad5e9ecd5dcd1750 avia-font-entypo-fontello avia-iconfont avia-font-entypo-fontello'><span class='av-icon-char' data-av_icon='\ue812' data-av_iconfont='entypo-fontello' aria-hidden=\"true\"><\/span><\/div><article class=\"article-icon-entry av-iconlist-empty\"  itemscope=\"itemscope\" itemtype=\"https:\/\/schema.org\/CreativeWork\" ><div class=\"iconlist_content_wrap\"><header class=\"entry-content-header\" aria-label=\"Icon: Maneig Post-operatori adequat.\"><div class='av_iconlist_title iconlist_title_small  '  itemprop=\"headline\" >Maneig Post-operatori adequat.<\/div><\/header><div class='iconlist_content '  itemprop=\"text\" ><\/div><\/div><footer class=\"entry-footer\"><\/footer><\/article><div class=\"iconlist-timeline\"><\/div><\/li>\n<li><div class='iconlist_icon av-66tbgu-95e19acaa004abd77f223820c257564e avia-font-entypo-fontello avia-iconfont avia-font-entypo-fontello'><span class='av-icon-char' data-av_icon='\ue812' data-av_iconfont='entypo-fontello' aria-hidden=\"true\"><\/span><\/div><article class=\"article-icon-entry av-iconlist-empty\"  itemscope=\"itemscope\" itemtype=\"https:\/\/schema.org\/CreativeWork\" ><div class=\"iconlist_content_wrap\"><header class=\"entry-content-header\" aria-label=\"Icon: Disminuci\u00f3 de costos ocults.\"><div class='av_iconlist_title iconlist_title_small  '  itemprop=\"headline\" >Disminuci\u00f3 de costos ocults.<\/div><\/header><div class='iconlist_content '  itemprop=\"text\" ><\/div><\/div><footer class=\"entry-footer\"><\/footer><\/article><div class=\"iconlist-timeline\"><\/div><\/li>\n<li><div class='iconlist_icon av-herri-bc7aeb900bc7a72fdf765f47bbad5a47 avia-font-entypo-fontello avia-iconfont avia-font-entypo-fontello'><span class='av-icon-char' data-av_icon='\ue812' data-av_iconfont='entypo-fontello' aria-hidden=\"true\"><\/span><\/div><article class=\"article-icon-entry av-iconlist-empty\"  itemscope=\"itemscope\" itemtype=\"https:\/\/schema.org\/CreativeWork\" ><div class=\"iconlist_content_wrap\"><header class=\"entry-content-header\" aria-label=\"Icon: Prevenci\u00f3\"><div class='av_iconlist_title iconlist_title_small  '  itemprop=\"headline\" >Prevenci\u00f3<\/div><\/header><div class='iconlist_content '  itemprop=\"text\" ><\/div><\/div><footer class=\"entry-footer\"><\/footer><\/article><div class=\"iconlist-timeline\"><\/div><\/li>\n<li><div class='iconlist_icon av-2ny266-d7910cb4b027069cc8427256051d21f3 avia-font-entypo-fontello avia-iconfont avia-font-entypo-fontello'><span class='av-icon-char' data-av_icon='\ue812' data-av_iconfont='entypo-fontello' aria-hidden=\"true\"><\/span><\/div><article class=\"article-icon-entry av-iconlist-empty\"  itemscope=\"itemscope\" itemtype=\"https:\/\/schema.org\/CreativeWork\" ><div class=\"iconlist_content_wrap\"><header class=\"entry-content-header\" aria-label=\"Icon: Cura especial i individual a cadascun dels pacients, aix\u00ed com als membres de la seva fam\u00edlia i persones que estiguin a c\u00e0rrec.\"><div class='av_iconlist_title iconlist_title_small  '  itemprop=\"headline\" >Cura especial i individual a cadascun dels pacients, aix\u00ed com als membres de la seva fam\u00edlia i persones que estiguin a c\u00e0rrec.<\/div><\/header><div class='iconlist_content '  itemprop=\"text\" ><\/div><\/div><footer class=\"entry-footer\"><\/footer><\/article><div class=\"iconlist-timeline\"><\/div><\/li>\n<\/ul><\/div>\n<section  class='av_textblock_section av-jpnx6v1a-3cb03311433246266997532f4f491da9 '   itemscope=\"itemscope\" itemtype=\"https:\/\/schema.org\/CreativeWork\" ><div class='avia_textblock'  itemprop=\"text\" ><p>Al\u00a0<strong>Consultori m\u00e8dic Creu Blava<\/strong>, tots els nostres professionals s\u00f3n titulats universitaris i estan col\u00b7legiats. Si en aquests moments necessiteu comptes de <strong>malalts<\/strong>, <strong>serveis d&#8217;infermeria<\/strong>,<strong> curaci\u00f3 de ferides<\/strong>,<strong> aplicaci\u00f3 d&#8217;injectables<\/strong>, o qualsevol altre servei a<strong> domicili d&#8217;una infermera<\/strong>, compteu amb nosaltres.<\/p>\n<\/div><\/section>\n<\/div><\/div><\/div><!-- close content main div --><\/div><\/div><div id='after_section_1'  class='main_color av_default_container_wrap container_wrap fullsize'  ><div class='container av-section-cont-open' ><div class='template-page content  av-content-full alpha units'><div class='post-entry post-entry-type-page post-entry-4955'><div class='entry-content-wrapper clearfix'>\n\n<style type=\"text\/css\" data-created_by=\"avia_inline_auto\" id=\"style-css-av-mejoau3g-c042973c5e79eb7d99f932ba6f5e184b\">\n#top .hr.hr-invisible.av-mejoau3g-c042973c5e79eb7d99f932ba6f5e184b{\nheight:50px;\n}\n<\/style>\n<div  class='hr av-mejoau3g-c042973c5e79eb7d99f932ba6f5e184b hr-invisible  avia-builder-el-13  el_after_av_section  el_before_av_textblock  avia-builder-el-first '><span class='hr-inner '><span class=\"hr-inner-style\"><\/span><\/span><\/div>\n\n<style type=\"text\/css\" data-created_by=\"avia_inline_auto\" id=\"style-css-av-jtikaxsb-1ee1943d20c4402e0e8f86aec9422a46\">\n#top .av_textblock_section.av-jtikaxsb-1ee1943d20c4402e0e8f86aec9422a46 .avia_textblock{\nfont-size:20px;\n}\n<\/style>\n<section  class='av_textblock_section av-jtikaxsb-1ee1943d20c4402e0e8f86aec9422a46 '   itemscope=\"itemscope\" itemtype=\"https:\/\/schema.org\/CreativeWork\" ><div class='avia_textblock'  itemprop=\"text\" ><p style=\"text-align: center;\"><strong>D\u00eda de visita:<\/strong> horas concertadas.<\/p>\n<\/div><\/section>\n","protected":false},"excerpt":{"rendered":"","protected":false},"author":1,"featured_media":0,"parent":0,"menu_order":0,"comment_status":"closed","ping_status":"closed","template":"","meta":{"footnotes":""},"class_list":["post-4955","page","type-page","status-publish","hentry"],"yoast_head":"<!-- This site is optimized with the Yoast SEO plugin v27.4 - https:\/\/yoast.com\/product\/yoast-seo-wordpress\/ -->\n<title>Infermeria - Creu Blava<\/title>\n<meta name=\"robots\" content=\"index, follow, max-snippet:-1, max-image-preview:large, max-video-preview:-1\" \/>\n<link rel=\"canonical\" href=\"https:\/\/creublava.com\/ca\/infermeria\/\" \/>\n<meta property=\"og:locale\" content=\"ca_ES\" \/>\n<meta property=\"og:type\" content=\"article\" \/>\n<meta property=\"og:title\" content=\"Infermeria - Creu Blava\" \/>\n<meta property=\"og:url\" content=\"https:\/\/creublava.com\/ca\/infermeria\/\" \/>\n<meta property=\"og:site_name\" content=\"Creu Blava\" \/>\n<meta property=\"article:modified_time\" content=\"2025-08-20T07:50:53+00:00\" \/>\n<meta name=\"twitter:card\" content=\"summary_large_image\" \/>\n<meta name=\"twitter:label1\" content=\"Temps estimat de lectura\" \/>\n\t<meta name=\"twitter:data1\" content=\"2 minuts\" \/>\n<script type=\"application\/ld+json\" class=\"yoast-schema-graph\">{\"@context\":\"https:\\\/\\\/schema.org\",\"@graph\":[{\"@type\":\"WebPage\",\"@id\":\"https:\\\/\\\/creublava.com\\\/ca\\\/infermeria\\\/\",\"url\":\"https:\\\/\\\/creublava.com\\\/ca\\\/infermeria\\\/\",\"name\":\"Infermeria - Creu Blava\",\"isPartOf\":{\"@id\":\"https:\\\/\\\/creublava.com\\\/ca\\\/#website\"},\"datePublished\":\"2019-03-22T09:58:14+00:00\",\"dateModified\":\"2025-08-20T07:50:53+00:00\",\"breadcrumb\":{\"@id\":\"https:\\\/\\\/creublava.com\\\/ca\\\/infermeria\\\/#breadcrumb\"},\"inLanguage\":\"ca\",\"potentialAction\":[{\"@type\":\"ReadAction\",\"target\":[\"https:\\\/\\\/creublava.com\\\/ca\\\/infermeria\\\/\"]}]},{\"@type\":\"BreadcrumbList\",\"@id\":\"https:\\\/\\\/creublava.com\\\/ca\\\/infermeria\\\/#breadcrumb\",\"itemListElement\":[{\"@type\":\"ListItem\",\"position\":1,\"name\":\"Portada\",\"item\":\"https:\\\/\\\/creublava.com\\\/ca\\\/creublava-malgrat-de-mar\\\/\"},{\"@type\":\"ListItem\",\"position\":2,\"name\":\"Infermeria\"}]},{\"@type\":\"WebSite\",\"@id\":\"https:\\\/\\\/creublava.com\\\/ca\\\/#website\",\"url\":\"https:\\\/\\\/creublava.com\\\/ca\\\/\",\"name\":\"Cloutions\",\"description\":\"Centro cl\u00ednico en Malgrat de Mar\",\"potentialAction\":[{\"@type\":\"SearchAction\",\"target\":{\"@type\":\"EntryPoint\",\"urlTemplate\":\"https:\\\/\\\/creublava.com\\\/ca\\\/?s={search_term_string}\"},\"query-input\":{\"@type\":\"PropertyValueSpecification\",\"valueRequired\":true,\"valueName\":\"search_term_string\"}}],\"inLanguage\":\"ca\"}]}<\/script>\n<!-- \/ Yoast SEO plugin. -->","yoast_head_json":{"title":"Infermeria - Creu Blava","robots":{"index":"index","follow":"follow","max-snippet":"max-snippet:-1","max-image-preview":"max-image-preview:large","max-video-preview":"max-video-preview:-1"},"canonical":"https:\/\/creublava.com\/ca\/infermeria\/","og_locale":"ca_ES","og_type":"article","og_title":"Infermeria - Creu Blava","og_url":"https:\/\/creublava.com\/ca\/infermeria\/","og_site_name":"Creu Blava","article_modified_time":"2025-08-20T07:50:53+00:00","twitter_card":"summary_large_image","twitter_misc":{"Temps estimat de lectura":"2 minuts"},"schema":{"@context":"https:\/\/schema.org","@graph":[{"@type":"WebPage","@id":"https:\/\/creublava.com\/ca\/infermeria\/","url":"https:\/\/creublava.com\/ca\/infermeria\/","name":"Infermeria - Creu Blava","isPartOf":{"@id":"https:\/\/creublava.com\/ca\/#website"},"datePublished":"2019-03-22T09:58:14+00:00","dateModified":"2025-08-20T07:50:53+00:00","breadcrumb":{"@id":"https:\/\/creublava.com\/ca\/infermeria\/#breadcrumb"},"inLanguage":"ca","potentialAction":[{"@type":"ReadAction","target":["https:\/\/creublava.com\/ca\/infermeria\/"]}]},{"@type":"BreadcrumbList","@id":"https:\/\/creublava.com\/ca\/infermeria\/#breadcrumb","itemListElement":[{"@type":"ListItem","position":1,"name":"Portada","item":"https:\/\/creublava.com\/ca\/creublava-malgrat-de-mar\/"},{"@type":"ListItem","position":2,"name":"Infermeria"}]},{"@type":"WebSite","@id":"https:\/\/creublava.com\/ca\/#website","url":"https:\/\/creublava.com\/ca\/","name":"Cloutions","description":"Centro cl\u00ednico en Malgrat de Mar","potentialAction":[{"@type":"SearchAction","target":{"@type":"EntryPoint","urlTemplate":"https:\/\/creublava.com\/ca\/?s={search_term_string}"},"query-input":{"@type":"PropertyValueSpecification","valueRequired":true,"valueName":"search_term_string"}}],"inLanguage":"ca"}]}},"_links":{"self":[{"href":"https:\/\/creublava.com\/ca\/wp-json\/wp\/v2\/pages\/4955","targetHints":{"allow":["GET"]}}],"collection":[{"href":"https:\/\/creublava.com\/ca\/wp-json\/wp\/v2\/pages"}],"about":[{"href":"https:\/\/creublava.com\/ca\/wp-json\/wp\/v2\/types\/page"}],"author":[{"embeddable":true,"href":"https:\/\/creublava.com\/ca\/wp-json\/wp\/v2\/users\/1"}],"replies":[{"embeddable":true,"href":"https:\/\/creublava.com\/ca\/wp-json\/wp\/v2\/comments?post=4955"}],"version-history":[{"count":0,"href":"https:\/\/creublava.com\/ca\/wp-json\/wp\/v2\/pages\/4955\/revisions"}],"wp:attachment":[{"href":"https:\/\/creublava.com\/ca\/wp-json\/wp\/v2\/media?parent=4955"}],"curies":[{"name":"wp","href":"https:\/\/api.w.org\/{rel}","templated":true}]}}