{"id":4961,"date":"2019-02-13T12:30:51","date_gmt":"2019-02-13T12:30:51","guid":{"rendered":"https:\/\/creublava.com\/especialidades\/aromaterapia\/"},"modified":"2024-06-19T10:30:47","modified_gmt":"2024-06-19T10:30:47","slug":"aromaterapia","status":"publish","type":"page","link":"https:\/\/creublava.com\/ca\/especialitats\/aromaterapia\/","title":{"rendered":"Massatge amb Aromater\u00e0pia"},"content":{"rendered":"<div id='av-layout-grid-1'  class='av-layout-grid-container av-e5guzw-1c6fda7aad9dcf56614fd1147b800670 entry-content-wrapper main_color av-flex-cells  avia-builder-el-0  el_before_av_one_half  avia-builder-el-first   container_wrap fullsize'  >\n\n<style type=\"text\/css\" data-created_by=\"avia_inline_auto\" id=\"style-css-av-c65zl8-2f7c29fa8ea9abf6170681f52edc96a7\">\n.flex_cell.av-c65zl8-2f7c29fa8ea9abf6170681f52edc96a7{\nvertical-align:middle;\nheight:500px;\nmin-height:500px;\nbackground:url(https:\/\/creublava.com\/wp-content\/uploads\/2019\/03\/1553597446_IMG3202.jpg) 50% 50% no-repeat scroll #22689e;\n}\n.responsive #top #wrap_all .flex_cell.av-c65zl8-2f7c29fa8ea9abf6170681f52edc96a7{\npadding:0px 0px 0px 0px !important;\n}\n<\/style>\n<div class='flex_cell av-c65zl8-2f7c29fa8ea9abf6170681f52edc96a7 av-gridrow-cell av_one_half no_margin  avia-builder-el-1  el_before_av_cell_one_half  avia-builder-el-first  content-align-middle av-zero-padding avia-full-stretch'  ><div class='flex_cell_inner'><\/div><\/div>\n<style type=\"text\/css\" data-created_by=\"avia_inline_auto\" id=\"style-css-av-avyjbw-bb3635054c8f5d5026dc9095b9233cd8\">\n.flex_cell.av-avyjbw-bb3635054c8f5d5026dc9095b9233cd8{\nvertical-align:middle;\nheight:500px;\nmin-height:500px;\nbackground-color:#0174c5;\n}\n.responsive #top #wrap_all .flex_cell.av-avyjbw-bb3635054c8f5d5026dc9095b9233cd8{\npadding:80px 80px 80px 80px !important;\n}\n<\/style>\n<div class='flex_cell av-avyjbw-bb3635054c8f5d5026dc9095b9233cd8 av-gridrow-cell av_one_half no_margin  avia-builder-el-2  el_after_av_cell_one_half  avia-builder-el-last  content-align-middle'  ><div class='flex_cell_inner'><p>\n<style type=\"text\/css\" data-created_by=\"avia_inline_auto\" id=\"style-css-av-1x6m4a-15464fc839aadcb81a07938dc8d80df3\">\n#top .av-special-heading.av-1x6m4a-15464fc839aadcb81a07938dc8d80df3{\npadding-bottom:25px;\ncolor:#ffffff;\n}\nbody .av-special-heading.av-1x6m4a-15464fc839aadcb81a07938dc8d80df3 .av-special-heading-tag .heading-char{\nfont-size:25px;\n}\n.av-special-heading.av-1x6m4a-15464fc839aadcb81a07938dc8d80df3 .special-heading-inner-border{\nborder-color:#ffffff;\n}\n.av-special-heading.av-1x6m4a-15464fc839aadcb81a07938dc8d80df3 .av-subheading{\nfont-size:15px;\n}\n<\/style>\n<div  class='av-special-heading av-1x6m4a-15464fc839aadcb81a07938dc8d80df3 av-special-heading-h1 custom-color-heading blockquote modern-quote  avia-builder-el-3  el_before_av_textblock  avia-builder-el-first  av-linked-heading'><h1 class='av-special-heading-tag '  itemprop=\"headline\"  >Aromater\u00e0pia<\/h1><div class=\"special-heading-border\"><div class=\"special-heading-inner-border\"><\/div><\/div><\/div><br \/>\n\n<style type=\"text\/css\" data-created_by=\"avia_inline_auto\" id=\"style-css-av-9usg18-4e9bc52d73ef7518577259b32f3852ed\">\n#top .av_textblock_section.av-9usg18-4e9bc52d73ef7518577259b32f3852ed .avia_textblock{\ncolor:#ffffff;\n}\n<\/style>\n<section  class='av_textblock_section av-9usg18-4e9bc52d73ef7518577259b32f3852ed '   itemscope=\"itemscope\" itemtype=\"https:\/\/schema.org\/CreativeWork\" ><div class='avia_textblock av_inherit_color'  itemprop=\"text\" ><blockquote>\n<p>&#8220;Si busques resultats diferents, no facis sempre el mateix&#8221;.<\/p>\n<p>Albert Einstein.<\/p>\n<\/blockquote>\n<\/div><\/section><\/p>\n<\/div><\/div><\/div><div id='after_grid_row_1'  class='main_color av_default_container_wrap container_wrap fullsize'  ><div class='container av-section-cont-open' ><div class='template-page content  av-content-full alpha units'><div class='post-entry post-entry-type-page post-entry-4961'><div class='entry-content-wrapper clearfix'>\n<style type=\"text\/css\" data-created_by=\"avia_inline_auto\" id=\"style-css-av-1mmyk24-d3fb37ff3ff9ba39c4770b7e6f9d36cb\">\n.flex_column.av-1mmyk24-d3fb37ff3ff9ba39c4770b7e6f9d36cb{\nborder-radius:0px 0px 0px 0px;\npadding:0px 0px 0px 0px;\n}\n<\/style>\n<div  class='flex_column av-1mmyk24-d3fb37ff3ff9ba39c4770b7e6f9d36cb av_one_half  avia-builder-el-5  el_after_av_layout_row  el_before_av_one_half  avia-builder-el-first  first flex_column_div av-zero-column-padding  '     ><section  class='av_textblock_section av-js33ij5t-faf07550b6c9f5793249968c7327c286 '   itemscope=\"itemscope\" itemtype=\"https:\/\/schema.org\/CreativeWork\" ><div class='avia_textblock'  itemprop=\"text\" ><p><strong>L&#8217;Aromater\u00e0pia\u00a0<\/strong>\u00e9s una branca de l&#8217;herbol\u00e0ria\u00a0que\u00a0utilitza olis vegetals concentrats\u00a0\u00a0(olis essencials). El seu objectiu \u00e9s millorar la salut f\u00edsica, mental o totes dues a trav\u00e9s de massatges d&#8217;olis vegetals. A difer\u00e8ncia de les plantes utilitzades en herbol\u00e0ria, els olis essencials no s&#8217;ingereixen, sin\u00f3 que s&#8217;inhalen o s&#8217;apliquen a la pell.<\/p>\n<p><strong>L&#8217;Aromater\u00e0pia<\/strong> t\u00e9 la seva for\u00e7a en qu\u00e8 ajuda a promoure la relaxaci\u00f3 a trav\u00e9s del massatge ia m\u00e9s, produeix sensacions d&#8217;alegria o tranquil\u00b7litat. Els seus efectes s\u00f3n r\u00e0pids i duradors perqu\u00e8 arriben a les emocions m\u00e9s profundes de la persona. Una aroma pot generar\u00a0records gaireb\u00e9 oblidats\u00a0\u2013 la part del cervell associada amb l&#8217;olor \u00e9s la mateixa que la de la mem\u00f2ria.<\/p>\n<p>Alguns dels suposats\u00a0efectes psicol\u00f2gics dels olis essencials: relaxants, equilibradors, estimulants, antidepressius, afrodis\u00edacs, anafrodis\u00edacs, estimulants de la ment.\u00a0Els olis essencials m\u00e9s utilitzats s\u00f3n els de alf\u00e0brega, d&#8217;arbre de te, de gessam\u00ed, de lavanda, de rosa, de s\u00e0ndal i de roman\u00ed.<\/p>\n<\/div><\/section><\/div>\n<style type=\"text\/css\" data-created_by=\"avia_inline_auto\" id=\"style-css-av-1mmyk24-d2b122fad7c651c1510e8793e487a9f6\">\n@keyframes av_boxShadowEffect_av-1mmyk24-d2b122fad7c651c1510e8793e487a9f6-column {\n0%   { box-shadow:  0 0 0 0 #6b6b6b; opacity: 1; }\n100% { box-shadow:  0 0 10px 0 #6b6b6b; opacity: 1; }\n}\n.flex_column.av-1mmyk24-d2b122fad7c651c1510e8793e487a9f6{\nbox-shadow: 0 0 10px 0 #6b6b6b;\nborder-radius:0px 0px 0px 0px;\npadding:0px 0px 0px 0px;\n}\n<\/style>\n<div  class='flex_column av-1mmyk24-d2b122fad7c651c1510e8793e487a9f6 av_one_half  avia-builder-el-7  el_after_av_one_half  el_before_av_hr  flex_column_div shadow-not-animated av-zero-column-padding  '     ><style type=\"text\/css\" data-created_by=\"avia_inline_auto\" id=\"style-css-av-jpmeka22-3450168a98bd7efea5a0f36f0200bbf2\">\n.av_promobox.av-jpmeka22-3450168a98bd7efea5a0f36f0200bbf2{\nbackground:#f4f4f4;\n}\n<\/style>\n<div  class='av_promobox av-jpmeka22-3450168a98bd7efea5a0f36f0200bbf2 avia-button-yes  avia-builder-el-8  avia-builder-el-no-sibling '><div class='avia-promocontent'><\/p>\n<h3><span style=\"color: #40a8e4;\"><strong>PREU<\/strong><\/span><\/h3>\n<ul>\n<li>PRIMERA VISITA: 45 \u20ac<\/li>\n<\/ul>\n<p style=\"padding-left: 30px;\"><strong>DURADA DE LA SESSI\u00d3: 60 minuts.<\/strong><\/p>\n<ul>\n<li>PREU RESTA DE SESSIONS: 35 \u20ac<\/li>\n<\/ul>\n<p style=\"padding-left: 30px;\"><strong>DURADA DE LA SESSI\u00d3: 40 minuts.<\/strong><\/p>\n<p>\n<\/div><div  class='avia-button-wrap av-jpmeka22-e555ab62b9f0e636911920fba851a7cc-wrap avia-button-right '><a href='https:\/\/creublava.com\/ca\/contacta\/'  class='avia-button av-jpmeka22-e555ab62b9f0e636911920fba851a7cc av-link-btn avia-icon_select-yes-left-icon avia-size-large avia-position-right avia-color-theme-color'   aria-label=\"M\u00e1s Info\"><span class='avia_button_icon avia_button_icon_left avia-iconfont avia-font-entypo-fontello' data-av_icon='\ue81f' data-av_iconfont='entypo-fontello' ><\/span><span class='avia_iconbox_title' >M\u00e1s Info<\/span><\/a><\/div><\/div><\/div>\n<style type=\"text\/css\" data-created_by=\"avia_inline_auto\" id=\"style-css-av-jtjsux4d-6841c982ff1f18ed8837b1270ff60367\">\n#top .hr.av-jtjsux4d-6841c982ff1f18ed8837b1270ff60367{\nmargin-top:0px;\nmargin-bottom:0px;\n}\n.hr.av-jtjsux4d-6841c982ff1f18ed8837b1270ff60367 .hr-inner{\nwidth:80px;\nborder-color:#ffffff;\n}\n<\/style>\n<div  class='hr av-jtjsux4d-6841c982ff1f18ed8837b1270ff60367 hr-custom  avia-builder-el-9  el_after_av_one_half  el_before_av_section  avia-builder-el-last  hr-center hr-icon-no'><span class='hr-inner inner-border-av-border-fat'><span class=\"hr-inner-style\"><\/span><\/span><\/div><\/p>\n<\/div><\/div><\/div><!-- close content main div --><\/div><\/div>\n<style type=\"text\/css\" data-created_by=\"avia_inline_auto\" id=\"style-css-av-jtikr2ug-b67f7eee0a66cd2bedf2486b99ce686a\">\n.avia-section.av-jtikr2ug-b67f7eee0a66cd2bedf2486b99ce686a{\nbackground-color:#0174c5;\nbackground-image:unset;\n}\n<\/style>\n<div id='av_section_1'  class='avia-section av-jtikr2ug-b67f7eee0a66cd2bedf2486b99ce686a main_color avia-section-default avia-no-border-styling  avia-builder-el-10  el_after_av_hr  avia-builder-el-last  avia-bg-style-scroll container_wrap fullsize'  ><div class='container av-section-cont-open' ><div class='template-page content  av-content-full alpha units'><div class='post-entry post-entry-type-page post-entry-4961'><div class='entry-content-wrapper clearfix'>\n\n<style type=\"text\/css\" data-created_by=\"avia_inline_auto\" id=\"style-css-av-c00e7b-8475fda583ff5cbbc27e8cd9c6d90637\">\n.flex_column.av-c00e7b-8475fda583ff5cbbc27e8cd9c6d90637{\nborder-radius:0px 0px 0px 0px;\npadding:0px 0px 0px 0px;\n}\n<\/style>\n<div  class='flex_column av-c00e7b-8475fda583ff5cbbc27e8cd9c6d90637 av_one_fifth  avia-builder-el-11  el_before_av_three_fifth  avia-builder-el-first  first flex_column_div av-zero-column-padding  '     ><\/div>\n<style type=\"text\/css\" data-created_by=\"avia_inline_auto\" id=\"style-css-av-c00e7b-969006dccad6bea43c8e44984e6d849a\">\n.flex_column.av-c00e7b-969006dccad6bea43c8e44984e6d849a{\nborder-radius:0px 0px 0px 0px;\npadding:0px 0px 0px 0px;\n}\n<\/style>\n<div  class='flex_column av-c00e7b-969006dccad6bea43c8e44984e6d849a av_three_fifth  avia-builder-el-12  el_after_av_one_fifth  el_before_av_one_fifth  flex_column_div av-zero-column-padding  '     ><style type=\"text\/css\" data-created_by=\"avia_inline_auto\" id=\"style-css-av-jtikaxsb-bbafff6c8dbda2b7817914d6cab3b8d6\">\n#top .av_textblock_section.av-jtikaxsb-bbafff6c8dbda2b7817914d6cab3b8d6 .avia_textblock{\nfont-size:20px;\ncolor:#ffffff;\n}\n<\/style>\n<section  class='av_textblock_section av-jtikaxsb-bbafff6c8dbda2b7817914d6cab3b8d6 '   itemscope=\"itemscope\" itemtype=\"https:\/\/schema.org\/CreativeWork\" ><div class='avia_textblock av_inherit_color'  itemprop=\"text\" ><p style=\"text-align: center;\">Si teniu algun dubte o desitgeu m\u00e9s informaci\u00f3<\/p>\n<\/div><\/section><br \/>\n<div  class='avia-button-wrap av-jtikv7hp-85cdde225f2f830ecfca99dbd1a87a15-wrap avia-button-center  avia-builder-el-14  el_after_av_textblock  avia-builder-el-last '><a href='https:\/\/creublava.com\/ca\/contacta\/'  class='avia-button av-jtikv7hp-85cdde225f2f830ecfca99dbd1a87a15 av-link-btn avia-icon_select-no avia-size-large avia-position-center avia-color-light'  target=\"_blank\"  rel=\"noopener noreferrer\"  aria-label=\"Contacti amb nosaltres\"><span class='avia_iconbox_title' >Contacti amb nosaltres<\/span><\/a><\/div><\/p><\/div>\n<style type=\"text\/css\" data-created_by=\"avia_inline_auto\" id=\"style-css-av-c00e7b-969006dccad6bea43c8e44984e6d849a\">\n.flex_column.av-c00e7b-969006dccad6bea43c8e44984e6d849a{\nborder-radius:0px 0px 0px 0px;\npadding:0px 0px 0px 0px;\n}\n<\/style>\n<div  class='flex_column av-c00e7b-969006dccad6bea43c8e44984e6d849a av_one_fifth  avia-builder-el-15  el_after_av_three_fifth  avia-builder-el-last  flex_column_div av-zero-column-padding  '     ><\/div>\n","protected":false},"excerpt":{"rendered":"","protected":false},"author":1,"featured_media":0,"parent":4957,"menu_order":0,"comment_status":"closed","ping_status":"closed","template":"","meta":{"footnotes":""},"class_list":["post-4961","page","type-page","status-publish","hentry"],"yoast_head":"<!-- This site is optimized with the Yoast SEO plugin v27.5 - https:\/\/yoast.com\/product\/yoast-seo-wordpress\/ -->\n<title>Massatge amb Aromater\u00e0pia - Creu Blava<\/title>\n<meta name=\"robots\" content=\"index, follow, max-snippet:-1, max-image-preview:large, max-video-preview:-1\" \/>\n<link rel=\"canonical\" href=\"https:\/\/creublava.com\/ca\/especialitats\/aromaterapia\/\" \/>\n<meta property=\"og:locale\" content=\"ca_ES\" \/>\n<meta property=\"og:type\" content=\"article\" \/>\n<meta property=\"og:title\" content=\"Massatge amb Aromater\u00e0pia - Creu Blava\" \/>\n<meta property=\"og:url\" content=\"https:\/\/creublava.com\/ca\/especialitats\/aromaterapia\/\" \/>\n<meta property=\"og:site_name\" content=\"Creu Blava\" \/>\n<meta property=\"article:modified_time\" content=\"2024-06-19T10:30:47+00:00\" \/>\n<meta name=\"twitter:card\" content=\"summary_large_image\" \/>\n<meta name=\"twitter:label1\" content=\"Temps estimat de lectura\" \/>\n\t<meta name=\"twitter:data1\" content=\"1 minut\" \/>\n<script type=\"application\/ld+json\" class=\"yoast-schema-graph\">{\"@context\":\"https:\\\/\\\/schema.org\",\"@graph\":[{\"@type\":\"WebPage\",\"@id\":\"https:\\\/\\\/creublava.com\\\/ca\\\/especialitats\\\/aromaterapia\\\/\",\"url\":\"https:\\\/\\\/creublava.com\\\/ca\\\/especialitats\\\/aromaterapia\\\/\",\"name\":\"Massatge amb Aromater\u00e0pia - Creu Blava\",\"isPartOf\":{\"@id\":\"https:\\\/\\\/creublava.com\\\/ca\\\/#website\"},\"datePublished\":\"2019-02-13T12:30:51+00:00\",\"dateModified\":\"2024-06-19T10:30:47+00:00\",\"breadcrumb\":{\"@id\":\"https:\\\/\\\/creublava.com\\\/ca\\\/especialitats\\\/aromaterapia\\\/#breadcrumb\"},\"inLanguage\":\"ca\",\"potentialAction\":[{\"@type\":\"ReadAction\",\"target\":[\"https:\\\/\\\/creublava.com\\\/ca\\\/especialitats\\\/aromaterapia\\\/\"]}]},{\"@type\":\"BreadcrumbList\",\"@id\":\"https:\\\/\\\/creublava.com\\\/ca\\\/especialitats\\\/aromaterapia\\\/#breadcrumb\",\"itemListElement\":[{\"@type\":\"ListItem\",\"position\":1,\"name\":\"Portada\",\"item\":\"https:\\\/\\\/creublava.com\\\/ca\\\/creublava-malgrat-de-mar\\\/\"},{\"@type\":\"ListItem\",\"position\":2,\"name\":\"Especialitats\",\"item\":\"https:\\\/\\\/creublava.com\\\/ca\\\/especialitats\\\/\"},{\"@type\":\"ListItem\",\"position\":3,\"name\":\"Massatge amb Aromater\u00e0pia\"}]},{\"@type\":\"WebSite\",\"@id\":\"https:\\\/\\\/creublava.com\\\/ca\\\/#website\",\"url\":\"https:\\\/\\\/creublava.com\\\/ca\\\/\",\"name\":\"Cloutions\",\"description\":\"Centro cl\u00ednico en Malgrat de Mar\",\"potentialAction\":[{\"@type\":\"SearchAction\",\"target\":{\"@type\":\"EntryPoint\",\"urlTemplate\":\"https:\\\/\\\/creublava.com\\\/ca\\\/?s={search_term_string}\"},\"query-input\":{\"@type\":\"PropertyValueSpecification\",\"valueRequired\":true,\"valueName\":\"search_term_string\"}}],\"inLanguage\":\"ca\"}]}<\/script>\n<!-- \/ Yoast SEO plugin. -->","yoast_head_json":{"title":"Massatge amb Aromater\u00e0pia - Creu Blava","robots":{"index":"index","follow":"follow","max-snippet":"max-snippet:-1","max-image-preview":"max-image-preview:large","max-video-preview":"max-video-preview:-1"},"canonical":"https:\/\/creublava.com\/ca\/especialitats\/aromaterapia\/","og_locale":"ca_ES","og_type":"article","og_title":"Massatge amb Aromater\u00e0pia - Creu Blava","og_url":"https:\/\/creublava.com\/ca\/especialitats\/aromaterapia\/","og_site_name":"Creu Blava","article_modified_time":"2024-06-19T10:30:47+00:00","twitter_card":"summary_large_image","twitter_misc":{"Temps estimat de lectura":"1 minut"},"schema":{"@context":"https:\/\/schema.org","@graph":[{"@type":"WebPage","@id":"https:\/\/creublava.com\/ca\/especialitats\/aromaterapia\/","url":"https:\/\/creublava.com\/ca\/especialitats\/aromaterapia\/","name":"Massatge amb Aromater\u00e0pia - Creu Blava","isPartOf":{"@id":"https:\/\/creublava.com\/ca\/#website"},"datePublished":"2019-02-13T12:30:51+00:00","dateModified":"2024-06-19T10:30:47+00:00","breadcrumb":{"@id":"https:\/\/creublava.com\/ca\/especialitats\/aromaterapia\/#breadcrumb"},"inLanguage":"ca","potentialAction":[{"@type":"ReadAction","target":["https:\/\/creublava.com\/ca\/especialitats\/aromaterapia\/"]}]},{"@type":"BreadcrumbList","@id":"https:\/\/creublava.com\/ca\/especialitats\/aromaterapia\/#breadcrumb","itemListElement":[{"@type":"ListItem","position":1,"name":"Portada","item":"https:\/\/creublava.com\/ca\/creublava-malgrat-de-mar\/"},{"@type":"ListItem","position":2,"name":"Especialitats","item":"https:\/\/creublava.com\/ca\/especialitats\/"},{"@type":"ListItem","position":3,"name":"Massatge amb Aromater\u00e0pia"}]},{"@type":"WebSite","@id":"https:\/\/creublava.com\/ca\/#website","url":"https:\/\/creublava.com\/ca\/","name":"Cloutions","description":"Centro cl\u00ednico en Malgrat de Mar","potentialAction":[{"@type":"SearchAction","target":{"@type":"EntryPoint","urlTemplate":"https:\/\/creublava.com\/ca\/?s={search_term_string}"},"query-input":{"@type":"PropertyValueSpecification","valueRequired":true,"valueName":"search_term_string"}}],"inLanguage":"ca"}]}},"_links":{"self":[{"href":"https:\/\/creublava.com\/ca\/wp-json\/wp\/v2\/pages\/4961","targetHints":{"allow":["GET"]}}],"collection":[{"href":"https:\/\/creublava.com\/ca\/wp-json\/wp\/v2\/pages"}],"about":[{"href":"https:\/\/creublava.com\/ca\/wp-json\/wp\/v2\/types\/page"}],"author":[{"embeddable":true,"href":"https:\/\/creublava.com\/ca\/wp-json\/wp\/v2\/users\/1"}],"replies":[{"embeddable":true,"href":"https:\/\/creublava.com\/ca\/wp-json\/wp\/v2\/comments?post=4961"}],"version-history":[{"count":0,"href":"https:\/\/creublava.com\/ca\/wp-json\/wp\/v2\/pages\/4961\/revisions"}],"up":[{"embeddable":true,"href":"https:\/\/creublava.com\/ca\/wp-json\/wp\/v2\/pages\/4957"}],"wp:attachment":[{"href":"https:\/\/creublava.com\/ca\/wp-json\/wp\/v2\/media?parent=4961"}],"curies":[{"name":"wp","href":"https:\/\/api.w.org\/{rel}","templated":true}]}}