{"id":4967,"date":"2019-02-13T12:49:50","date_gmt":"2019-02-13T12:49:50","guid":{"rendered":"https:\/\/creublava.com\/flores-de-bach\/"},"modified":"2019-02-13T12:49:50","modified_gmt":"2019-02-13T12:49:50","slug":"flores-de-bach","status":"publish","type":"page","link":"https:\/\/creublava.com\/ca\/flores-de-bach\/","title":{"rendered":"Flores de Bach"},"content":{"rendered":"<div id='av-layout-grid-1'  class='av-layout-grid-container av-e5guzw-1c6fda7aad9dcf56614fd1147b800670 entry-content-wrapper main_color av-flex-cells  avia-builder-el-0  el_before_av_one_full  avia-builder-el-first   container_wrap fullsize'  >\n\n<style type=\"text\/css\" data-created_by=\"avia_inline_auto\" id=\"style-css-av-c65zl8-867bf04833f546ad5a0dbac4fbe4687d\">\n.flex_cell.av-c65zl8-867bf04833f546ad5a0dbac4fbe4687d{\nvertical-align:middle;\nheight:500px;\nmin-height:500px;\nbackground:url(https:\/\/creublava.com\/wp-content\/uploads\/2019\/02\/fitoterapia.jpg) 50% 50% no-repeat scroll #22689e;\n}\n.responsive #top #wrap_all .flex_cell.av-c65zl8-867bf04833f546ad5a0dbac4fbe4687d{\npadding:0px 0px 0px 0px !important;\n}\n<\/style>\n<div class='flex_cell av-c65zl8-867bf04833f546ad5a0dbac4fbe4687d av-gridrow-cell av_one_half no_margin  avia-builder-el-1  el_before_av_cell_one_half  avia-builder-el-first  content-align-middle av-zero-padding avia-full-stretch'  ><div class='flex_cell_inner'><\/div><\/div>\n<style type=\"text\/css\" data-created_by=\"avia_inline_auto\" id=\"style-css-av-avyjbw-bb3635054c8f5d5026dc9095b9233cd8\">\n.flex_cell.av-avyjbw-bb3635054c8f5d5026dc9095b9233cd8{\nvertical-align:middle;\nheight:500px;\nmin-height:500px;\nbackground-color:#0174c5;\n}\n.responsive #top #wrap_all .flex_cell.av-avyjbw-bb3635054c8f5d5026dc9095b9233cd8{\npadding:80px 80px 80px 80px !important;\n}\n<\/style>\n<div class='flex_cell av-avyjbw-bb3635054c8f5d5026dc9095b9233cd8 av-gridrow-cell av_one_half no_margin  avia-builder-el-2  el_after_av_cell_one_half  avia-builder-el-last  content-align-middle'  ><div class='flex_cell_inner'><p>\n<style type=\"text\/css\" data-created_by=\"avia_inline_auto\" id=\"style-css-av-av_heading-c0cd55dde612635a99b415f20e88a595\">\n#top .av-special-heading.av-av_heading-c0cd55dde612635a99b415f20e88a595{\npadding-bottom:25px;\ncolor:#ffffff;\n}\nbody .av-special-heading.av-av_heading-c0cd55dde612635a99b415f20e88a595 .av-special-heading-tag .heading-char{\nfont-size:25px;\n}\n.av-special-heading.av-av_heading-c0cd55dde612635a99b415f20e88a595 .special-heading-inner-border{\nborder-color:#ffffff;\n}\n.av-special-heading.av-av_heading-c0cd55dde612635a99b415f20e88a595 .av-subheading{\nfont-size:15px;\n}\n<\/style>\n<div  class='av-special-heading av-av_heading-c0cd55dde612635a99b415f20e88a595 av-special-heading-h1 custom-color-heading blockquote modern-quote  avia-builder-el-3  el_before_av_textblock  avia-builder-el-first '><h1 class='av-special-heading-tag '  itemprop=\"headline\"  >Flores de Bach<\/h1><div class=\"special-heading-border\"><div class=\"special-heading-inner-border\"><\/div><\/div><\/div><br \/>\n\n<style type=\"text\/css\" data-created_by=\"avia_inline_auto\" id=\"style-css-av-9usg18-5467488876230657cd4333c5e5517a21\">\n#top .av_textblock_section.av-9usg18-5467488876230657cd4333c5e5517a21 .avia_textblock{\ncolor:#ffffff;\n}\n<\/style>\n<section  class='av_textblock_section av-9usg18-5467488876230657cd4333c5e5517a21 '   itemscope=\"itemscope\" itemtype=\"https:\/\/schema.org\/CreativeWork\" ><div class='avia_textblock av_inherit_color'  itemprop=\"text\" ><p><em>\u201cLo que llamamos enfermedad es la fase terminal de un desorden mucho m\u00e1s profundo. Es evidente que si queremos que un tratamiento sea totalmente eficaz, no podemos tratar \u00fanicamente los s\u00edntomas sin remontarnos a la causa fundamental de dicha enfermedad, a fin de eliminarla\u201d.<\/em><\/p>\n<p class=\"entry-title\">Edward\u00a0Bach<\/p>\n<\/div><\/section><\/p>\n<\/div><\/div><\/div><div id='after_grid_row_1'  class='main_color av_default_container_wrap container_wrap fullsize'  ><div class='container av-section-cont-open' ><div class='template-page content  av-content-full alpha units'><div class='post-entry post-entry-type-page post-entry-4967'><div class='entry-content-wrapper clearfix'>\n<style type=\"text\/css\" data-created_by=\"avia_inline_auto\" id=\"style-css-av-1mmyk24-d3fb37ff3ff9ba39c4770b7e6f9d36cb\">\n.flex_column.av-1mmyk24-d3fb37ff3ff9ba39c4770b7e6f9d36cb{\nborder-radius:0px 0px 0px 0px;\npadding:0px 0px 0px 0px;\n}\n<\/style>\n<div  class='flex_column av-1mmyk24-d3fb37ff3ff9ba39c4770b7e6f9d36cb av_one_full  avia-builder-el-5  el_after_av_layout_row  el_before_av_tab_section  avia-builder-el-no-sibling  first flex_column_div av-zero-column-padding  '     ><p>\n<style type=\"text\/css\" data-created_by=\"avia_inline_auto\" id=\"style-css-av-js379pk7-90da10f0c5e2a1f2fcb24affd6accb1d\">\n#top .av-special-heading.av-js379pk7-90da10f0c5e2a1f2fcb24affd6accb1d{\npadding-bottom:25px;\n}\nbody .av-special-heading.av-js379pk7-90da10f0c5e2a1f2fcb24affd6accb1d .av-special-heading-tag .heading-char{\nfont-size:25px;\n}\n.av-special-heading.av-js379pk7-90da10f0c5e2a1f2fcb24affd6accb1d .av-subheading{\nfont-size:15px;\n}\n<\/style>\n<div  class='av-special-heading av-js379pk7-90da10f0c5e2a1f2fcb24affd6accb1d av-special-heading-h2 custom-color-heading blockquote modern-quote  avia-builder-el-6  el_before_av_textblock  avia-builder-el-first '><h2 class='av-special-heading-tag '  itemprop=\"headline\"  >Introducci\u00f3n<\/h2><div class=\"special-heading-border\"><div class=\"special-heading-inner-border\"><\/div><\/div><\/div><br \/>\n<section  class='av_textblock_section av-js33ij5t-b7583b4e62c697b2ac94adbb0d199075 '   itemscope=\"itemscope\" itemtype=\"https:\/\/schema.org\/CreativeWork\" ><div class='avia_textblock'  itemprop=\"text\" ><p>Las<strong>\u00a0Flores de Bach<\/strong>\u00a0son preparados elaborados con flores en su \u00f3ptimo punto de floraci\u00f3n que act\u00faan sobre todos los seres vivos: humanos, animales, plantas. Son compatibles con cualquier tratamiento, no poseen contraindicaciones y no tienen efectos secundarios, es decir, son remedios completamente ben\u00e9volos con la naturaleza de los seres, pero no por ello dejan de ser altamente eficaces.\u00a0Las Flores de Bach se encuentran dentro del grupo de las llamadas medicinas alternativas y est\u00e1n reconocidas por la Organizaci\u00f3n Mundial de la Salud desde 1976.<\/p>\n<\/div><\/section><\/p><\/div><\/p>\n<\/div><\/div><\/div><!-- close content main div --><\/div><\/div><div id='av-tab-section-1'  class='av-tab-section-container entry-content-wrapper main_color av-tab-slide-transition av-tab-content-auto  av-tab-above-content  avia-builder-el-8  el_after_av_one_full  el_before_av_one_fifth  tab-section-not-first container_wrap fullsize'  ><div class='av-tab-section-outer-container av-kmhbw-31aff6f2d8d25d420efdcbca27653ec4'><div class='av-tab-section-tab-title-container avia-tab-title-padding-default' role='tablist'><a href='#para-qu-sirven-las-flores-de-bach' data-av-tab-section-title='1' class='av-section-tab-title av-active-tab-title no-scroll av-jpmfxj6s-6ba0a89fe784f14fa66b3e35043a6764 av-tab-with-icon av-tab-no-image ' role='tab' tabindex='0' aria-controls='av-tab-section-1-1'><span class='av-tab-section-icon avia-iconfont avia-font-medical' data-av_icon='\uf10e' data-av_iconfont='medical' ><\/span><span class='av-outer-tab-title'><span class='av-inner-tab-title'>\u00bfPara qu\u00e9 sirven las flores de Bach?<\/span><\/span><span class=\"av-tab-arrow-container\"><span><\/span><\/span><\/a><a href='#los-resultados-de-la-terapia-floral-de-bach' data-av-tab-section-title='2' class='av-section-tab-title  av-jpmfxwec-7339fc357077660bdffe796565d26028 av-tab-with-icon av-tab-no-image ' role='tab' tabindex='0' aria-controls='av-tab-section-1-2'><span class='av-tab-section-icon avia-iconfont avia-font-medical' data-av_icon='\uf10e' data-av_iconfont='medical' ><\/span><span class='av-outer-tab-title'><span class='av-inner-tab-title'>Los resultados de la terapia floral de Bach<\/span><\/span><span class=\"av-tab-arrow-container\"><span><\/span><\/span><\/a><\/div><div class='avia-slideshow-arrows av-tabsection-arrow' ><a href='#prev' class='prev-slide av_prev_tab_section av-tab-section-slide avia-svg-icon avia-font-svg_entypo-fontello' data-av_svg_icon='left-open-big' data-av_iconset='svg_entypo-fontello' tabindex='-1' title=\"Anterior\"><svg version=\"1.1\" xmlns=\"http:\/\/www.w3.org\/2000\/svg\" width=\"15\" height=\"32\" viewBox=\"0 0 15 32\" preserveAspectRatio=\"xMidYMid meet\" aria-labelledby='av-svg-title-1' aria-describedby='av-svg-desc-1' role=\"graphics-symbol\" aria-hidden=\"true\">\n<title id='av-svg-title-1'>Anterior<\/title>\n<desc id='av-svg-desc-1'>Anterior<\/desc>\n<path d=\"M14.464 27.84q0.832 0.832 0 1.536-0.832 0.832-1.536 0l-12.544-12.608q-0.768-0.768 0-1.6l12.544-12.608q0.704-0.832 1.536 0 0.832 0.704 0 1.536l-11.456 11.904z\"><\/path>\n<\/svg><span class='avia_hidden_link_text'>Anterior<\/span><\/a><a href='#next' class='next-slide av_next_tab_section av-tab-section-slide avia-svg-icon avia-font-svg_entypo-fontello' data-av_svg_icon='right-open-big' data-av_iconset='svg_entypo-fontello' tabindex='-1' title=\"Seg\u00fcent\"><svg version=\"1.1\" xmlns=\"http:\/\/www.w3.org\/2000\/svg\" width=\"15\" height=\"32\" viewBox=\"0 0 15 32\" preserveAspectRatio=\"xMidYMid meet\" aria-labelledby='av-svg-title-2' aria-describedby='av-svg-desc-2' role=\"graphics-symbol\" aria-hidden=\"true\">\n<title id='av-svg-title-2'>Seg\u00fcent<\/title>\n<desc id='av-svg-desc-2'>Seg\u00fcent<\/desc>\n<path d=\"M0.416 27.84l11.456-11.84-11.456-11.904q-0.832-0.832 0-1.536 0.832-0.832 1.536 0l12.544 12.608q0.768 0.832 0 1.6l-12.544 12.608q-0.704 0.832-1.536 0-0.832-0.704 0-1.536z\"><\/path>\n<\/svg><span class='avia_hidden_link_text'>Seg\u00fcent<\/span><\/a><\/div><div class='av-tab-section-inner-container avia-section-default' style='width:200vw; left:0%;'><span class=\"av_prev_tab_section av_tab_navigation\"><\/span><span class=\"av_next_tab_section av_tab_navigation\"><\/span>\n\n<style type=\"text\/css\" data-created_by=\"avia_inline_auto\" id=\"style-css-av-jpmfxj6s-6ba0a89fe784f14fa66b3e35043a6764\">\n.av-layout-tab.av-jpmfxj6s-6ba0a89fe784f14fa66b3e35043a6764{\nvertical-align:top;\nbackground-color:#e8e8e8;\n}\n#top .av-tab-section-outer-container.av-kmhbw-31aff6f2d8d25d420efdcbca27653ec4 .av-active-tab-title.av-section-tab-title.av-jpmfxj6s-6ba0a89fe784f14fa66b3e35043a6764 .av-tab-arrow-container span{\nbackground-color:#e8e8e8;\n}\n<\/style>\n<div id='av-tab-section-1-1' class='av-layout-tab av-jpmfxj6s-6ba0a89fe784f14fa66b3e35043a6764 av-animation-delay-container  avia-builder-el-9  el_before_av_tab_sub_section  avia-builder-el-first  av-active-tab-content __av_init_open ' data-av-deeplink-tabs=\"\" data-av-tab-section-content=\"1\" data-tab-section-id=\"para-qu-sirven-las-flores-de-bach\"><div class=\"av-layout-tab-inner\"><div class=\"container\"><section  class='av_textblock_section av-js33ij5t-b7583b4e62c697b2ac94adbb0d199075 '   itemscope=\"itemscope\" itemtype=\"https:\/\/schema.org\/CreativeWork\" ><div class='avia_textblock'  itemprop=\"text\" ><p>Se utilizan tanto para\u00a0<strong>enfermedades f\u00edsicas o psicosom\u00e1ticas<\/strong><strong>\u00a0como para trastornos psicol\u00f3gicos o emocionales.\u00a0<\/strong>Pueden utilizarse tambi\u00e9n en el desarrollo personal, ya que nos ayudan a profundizar en nuestro interior y a equilibrarnos.<\/p>\n<p>Dado que las Flores de Bach act\u00faan directamente sobre los estados emocionales negativos, pueden utilizarse en el tratamiento de problemas de este tipo (ansiedad, depresi\u00f3n, obsesiones, insomnio, traumas, etc.). Las flores act\u00faan a nivel inconsciente, empujando al organismo hacia la autocuraci\u00f3n y el equilibrio emocional.<\/p>\n<\/div><\/section>\n<\/div><\/div><\/div>\n<style type=\"text\/css\" data-created_by=\"avia_inline_auto\" id=\"style-css-av-jpmfxwec-7339fc357077660bdffe796565d26028\">\n.av-layout-tab.av-jpmfxwec-7339fc357077660bdffe796565d26028{\nvertical-align:top;\nbackground-color:#e8e8e8;\n}\n#top .av-tab-section-outer-container.av-kmhbw-31aff6f2d8d25d420efdcbca27653ec4 .av-active-tab-title.av-section-tab-title.av-jpmfxwec-7339fc357077660bdffe796565d26028 .av-tab-arrow-container span{\nbackground-color:#e8e8e8;\n}\n<\/style>\n<div id='av-tab-section-1-2' class='av-layout-tab av-jpmfxwec-7339fc357077660bdffe796565d26028 av-animation-delay-container  avia-builder-el-11  el_after_av_tab_sub_section  avia-builder-el-last  ' data-av-deeplink-tabs=\"\" data-av-tab-section-content=\"2\" data-tab-section-id=\"los-resultados-de-la-terapia-floral-de-bach\"><div class=\"av-layout-tab-inner\"><div class=\"container\"><section  class='av_textblock_section av-js33ij5t-b7583b4e62c697b2ac94adbb0d199075 '   itemscope=\"itemscope\" itemtype=\"https:\/\/schema.org\/CreativeWork\" ><div class='avia_textblock'  itemprop=\"text\" ><p>Los remedios florales no presentan efectos secundarios ni toxicidad. A veces, las personas tratadas con este sistema sue\u00f1an m\u00e1s y puede que necesiten dormir un poco m\u00e1s, debido a que su subconsciente est\u00e1 haciendo un esfuerzo especial de autocuraci\u00f3n. Este efecto suele aparecer a los pocos d\u00edas de empezar el tratamiento (aunque no siempre).<\/p>\n<p>Los resultados ser\u00e1n diferentes dependiendo de cada persona y del tiempo que ha pasado desde que aparecieron sus problemas.\u00a0La terapia floral\u00a0de Bach puede utilizarse simult\u00e1neamente con otros tratamientos m\u00e9dicos, de modo que si el paciente est\u00e1 ya bajo un tratamiento de medicina convencional no es necesario que lo deje si as\u00ed lo desea. Tambi\u00e9n puede utilizarse junto a una psicoterapia para potenciar sus efectos.<\/p>\n<\/div><\/section>\n<\/div><\/div><\/div>\n<\/div><\/div><\/div><div id='after_tab_section_1'  class='main_color av_default_container_wrap container_wrap fullsize'  ><div class='container av-section-cont-open' ><div class='template-page content  av-content-full alpha units'><div class='post-entry post-entry-type-page post-entry-4967'><div class='entry-content-wrapper clearfix'>\n\n<style type=\"text\/css\" data-created_by=\"avia_inline_auto\" id=\"style-css-av-1mmyk24-46c7725014375bd248312cfcc51954a8\">\n.flex_column.av-1mmyk24-46c7725014375bd248312cfcc51954a8{\nborder-radius:0px 0px 0px 0px;\npadding:180px 0px 0px 0px;\n}\n<\/style>\n<div  class='flex_column av-1mmyk24-46c7725014375bd248312cfcc51954a8 av_one_fifth  avia-builder-el-13  el_after_av_tab_section  el_before_av_three_fifth  avia-builder-el-first  first flex_column_div  '     ><\/div>\n\n<style type=\"text\/css\" data-created_by=\"avia_inline_auto\" id=\"style-css-av-1mmyk24-d2b122fad7c651c1510e8793e487a9f6\">\n@keyframes av_boxShadowEffect_av-1mmyk24-d2b122fad7c651c1510e8793e487a9f6-column {\n0%   { box-shadow:  0 0 0 0 #6b6b6b; opacity: 1; }\n100% { box-shadow:  0 0 10px 0 #6b6b6b; opacity: 1; }\n}\n.flex_column.av-1mmyk24-d2b122fad7c651c1510e8793e487a9f6{\nbox-shadow: 0 0 10px 0 #6b6b6b;\nborder-radius:0px 0px 0px 0px;\npadding:0px 0px 0px 0px;\n}\n<\/style>\n<div  class='flex_column av-1mmyk24-d2b122fad7c651c1510e8793e487a9f6 av_three_fifth  avia-builder-el-14  el_after_av_one_fifth  el_before_av_one_fifth  flex_column_div shadow-not-animated av-zero-column-padding  '     ><style type=\"text\/css\" data-created_by=\"avia_inline_auto\" id=\"style-css-av-jpmeka22-6fc17d201764e93ac59331eaf530add1\">\n.av_promobox.av-jpmeka22-6fc17d201764e93ac59331eaf530add1{\nbackground:#f4f4f4;\n}\n<\/style>\n<div  class='av_promobox av-jpmeka22-6fc17d201764e93ac59331eaf530add1 avia-button-yes  avia-builder-el-15  avia-builder-el-no-sibling '><div class='avia-promocontent'><\/p>\n<h3><span style=\"color: #40a8e4;\"><strong>PRECIOS<\/strong><\/span><\/h3>\n<ul>\n<li>PRIMERA VISITA<strong>: 45 \u20ac<\/strong><\/li>\n<\/ul>\n<p style=\"padding-left: 30px;\"><strong>DURACI\u00d3N DE LA SESI\u00d3N: 60 minutos.<\/strong><strong>\u00a0<\/strong><\/p>\n<ul>\n<li>PRECIO RESTO DE SESIONES<strong>: 35 \u20ac<\/strong><\/li>\n<\/ul>\n<p style=\"padding-left: 30px;\"><strong>DURACI\u00d3N DE LA SESI\u00d3N: 40 minutos.<\/strong><\/p>\n<p>\n<\/div><div  class='avia-button-wrap av-jpmeka22-2b4e9886c5e4dc73729b54478d269d24-wrap avia-button-right '><a href='https:\/\/creublava.com\/contacto\/'  class='avia-button av-jpmeka22-2b4e9886c5e4dc73729b54478d269d24 av-link-btn avia-icon_select-yes-left-icon avia-size-large avia-position-right avia-color-theme-color'   aria-label=\"M\u00e1s Info\"><span class='avia_button_icon avia_button_icon_left avia-iconfont avia-font-entypo-fontello' data-av_icon='\ue81f' data-av_iconfont='entypo-fontello' ><\/span><span class='avia_iconbox_title' >M\u00e1s Info<\/span><\/a><\/div><\/div><\/div>\n\n<style type=\"text\/css\" data-created_by=\"avia_inline_auto\" id=\"style-css-av-1mmyk24-09205aedc645761f797f7f97d1d3a0f5\">\n.flex_column.av-1mmyk24-09205aedc645761f797f7f97d1d3a0f5{\nborder-radius:0px 0px 0px 0px;\npadding:0px 0px 0px 0px;\n}\n<\/style>\n<div  class='flex_column av-1mmyk24-09205aedc645761f797f7f97d1d3a0f5 av_one_fifth  avia-builder-el-16  el_after_av_three_fifth  el_before_av_hr  flex_column_div av-zero-column-padding  '     ><\/div>\n\n<style type=\"text\/css\" data-created_by=\"avia_inline_auto\" id=\"style-css-av-jpmfcsos-8d7d544c56c808fa7a2fa235d6e482bc\">\n#top .hr.av-jpmfcsos-8d7d544c56c808fa7a2fa235d6e482bc{\nmargin-top:20px;\nmargin-bottom:20px;\n}\n.hr.av-jpmfcsos-8d7d544c56c808fa7a2fa235d6e482bc .hr-inner{\nwidth:50px;\n}\n<\/style>\n<div  class='hr av-jpmfcsos-8d7d544c56c808fa7a2fa235d6e482bc hr-custom  avia-builder-el-17  el_after_av_one_fifth  avia-builder-el-last  hr-center hr-icon-no'><span class='hr-inner inner-border-av-border-none'><span class=\"hr-inner-style\"><\/span><\/span><\/div>\n","protected":false},"excerpt":{"rendered":"","protected":false},"author":1,"featured_media":0,"parent":0,"menu_order":0,"comment_status":"closed","ping_status":"closed","template":"","meta":{"footnotes":""},"class_list":["post-4967","page","type-page","status-publish","hentry"],"yoast_head":"<!-- This site is optimized with the Yoast SEO plugin v27.4 - https:\/\/yoast.com\/product\/yoast-seo-wordpress\/ -->\n<title>Flores de Bach - Creu Blava<\/title>\n<meta name=\"robots\" content=\"index, follow, max-snippet:-1, max-image-preview:large, max-video-preview:-1\" \/>\n<link rel=\"canonical\" href=\"https:\/\/creublava.com\/ca\/flores-de-bach\/\" \/>\n<meta property=\"og:locale\" content=\"ca_ES\" \/>\n<meta property=\"og:type\" content=\"article\" \/>\n<meta property=\"og:title\" content=\"Flores de Bach - Creu Blava\" \/>\n<meta property=\"og:url\" content=\"https:\/\/creublava.com\/ca\/flores-de-bach\/\" \/>\n<meta property=\"og:site_name\" content=\"Creu Blava\" \/>\n<meta name=\"twitter:card\" content=\"summary_large_image\" \/>\n<meta name=\"twitter:label1\" content=\"Temps estimat de lectura\" \/>\n\t<meta name=\"twitter:data1\" content=\"8 minuts\" \/>\n<script type=\"application\/ld+json\" class=\"yoast-schema-graph\">{\"@context\":\"https:\\\/\\\/schema.org\",\"@graph\":[{\"@type\":\"WebPage\",\"@id\":\"https:\\\/\\\/creublava.com\\\/ca\\\/flores-de-bach\\\/\",\"url\":\"https:\\\/\\\/creublava.com\\\/ca\\\/flores-de-bach\\\/\",\"name\":\"Flores de Bach - Creu Blava\",\"isPartOf\":{\"@id\":\"https:\\\/\\\/creublava.com\\\/ca\\\/#website\"},\"datePublished\":\"2019-02-13T12:49:50+00:00\",\"breadcrumb\":{\"@id\":\"https:\\\/\\\/creublava.com\\\/ca\\\/flores-de-bach\\\/#breadcrumb\"},\"inLanguage\":\"ca\",\"potentialAction\":[{\"@type\":\"ReadAction\",\"target\":[\"https:\\\/\\\/creublava.com\\\/ca\\\/flores-de-bach\\\/\"]}]},{\"@type\":\"BreadcrumbList\",\"@id\":\"https:\\\/\\\/creublava.com\\\/ca\\\/flores-de-bach\\\/#breadcrumb\",\"itemListElement\":[{\"@type\":\"ListItem\",\"position\":1,\"name\":\"Portada\",\"item\":\"https:\\\/\\\/creublava.com\\\/ca\\\/creublava-malgrat-de-mar\\\/\"},{\"@type\":\"ListItem\",\"position\":2,\"name\":\"Flores de Bach\"}]},{\"@type\":\"WebSite\",\"@id\":\"https:\\\/\\\/creublava.com\\\/ca\\\/#website\",\"url\":\"https:\\\/\\\/creublava.com\\\/ca\\\/\",\"name\":\"Cloutions\",\"description\":\"Centro cl\u00ednico en Malgrat de Mar\",\"potentialAction\":[{\"@type\":\"SearchAction\",\"target\":{\"@type\":\"EntryPoint\",\"urlTemplate\":\"https:\\\/\\\/creublava.com\\\/ca\\\/?s={search_term_string}\"},\"query-input\":{\"@type\":\"PropertyValueSpecification\",\"valueRequired\":true,\"valueName\":\"search_term_string\"}}],\"inLanguage\":\"ca\"}]}<\/script>\n<!-- \/ Yoast SEO plugin. -->","yoast_head_json":{"title":"Flores de Bach - Creu Blava","robots":{"index":"index","follow":"follow","max-snippet":"max-snippet:-1","max-image-preview":"max-image-preview:large","max-video-preview":"max-video-preview:-1"},"canonical":"https:\/\/creublava.com\/ca\/flores-de-bach\/","og_locale":"ca_ES","og_type":"article","og_title":"Flores de Bach - Creu Blava","og_url":"https:\/\/creublava.com\/ca\/flores-de-bach\/","og_site_name":"Creu Blava","twitter_card":"summary_large_image","twitter_misc":{"Temps estimat de lectura":"8 minuts"},"schema":{"@context":"https:\/\/schema.org","@graph":[{"@type":"WebPage","@id":"https:\/\/creublava.com\/ca\/flores-de-bach\/","url":"https:\/\/creublava.com\/ca\/flores-de-bach\/","name":"Flores de Bach - Creu Blava","isPartOf":{"@id":"https:\/\/creublava.com\/ca\/#website"},"datePublished":"2019-02-13T12:49:50+00:00","breadcrumb":{"@id":"https:\/\/creublava.com\/ca\/flores-de-bach\/#breadcrumb"},"inLanguage":"ca","potentialAction":[{"@type":"ReadAction","target":["https:\/\/creublava.com\/ca\/flores-de-bach\/"]}]},{"@type":"BreadcrumbList","@id":"https:\/\/creublava.com\/ca\/flores-de-bach\/#breadcrumb","itemListElement":[{"@type":"ListItem","position":1,"name":"Portada","item":"https:\/\/creublava.com\/ca\/creublava-malgrat-de-mar\/"},{"@type":"ListItem","position":2,"name":"Flores de Bach"}]},{"@type":"WebSite","@id":"https:\/\/creublava.com\/ca\/#website","url":"https:\/\/creublava.com\/ca\/","name":"Cloutions","description":"Centro cl\u00ednico en Malgrat de Mar","potentialAction":[{"@type":"SearchAction","target":{"@type":"EntryPoint","urlTemplate":"https:\/\/creublava.com\/ca\/?s={search_term_string}"},"query-input":{"@type":"PropertyValueSpecification","valueRequired":true,"valueName":"search_term_string"}}],"inLanguage":"ca"}]}},"_links":{"self":[{"href":"https:\/\/creublava.com\/ca\/wp-json\/wp\/v2\/pages\/4967","targetHints":{"allow":["GET"]}}],"collection":[{"href":"https:\/\/creublava.com\/ca\/wp-json\/wp\/v2\/pages"}],"about":[{"href":"https:\/\/creublava.com\/ca\/wp-json\/wp\/v2\/types\/page"}],"author":[{"embeddable":true,"href":"https:\/\/creublava.com\/ca\/wp-json\/wp\/v2\/users\/1"}],"replies":[{"embeddable":true,"href":"https:\/\/creublava.com\/ca\/wp-json\/wp\/v2\/comments?post=4967"}],"version-history":[{"count":0,"href":"https:\/\/creublava.com\/ca\/wp-json\/wp\/v2\/pages\/4967\/revisions"}],"wp:attachment":[{"href":"https:\/\/creublava.com\/ca\/wp-json\/wp\/v2\/media?parent=4967"}],"curies":[{"name":"wp","href":"https:\/\/api.w.org\/{rel}","templated":true}]}}