{"id":4971,"date":"2019-03-22T09:51:58","date_gmt":"2019-03-22T09:51:58","guid":{"rendered":"https:\/\/creublava.com\/hematologia-y-hemoterapia\/"},"modified":"2025-08-20T07:52:47","modified_gmt":"2025-08-20T07:52:47","slug":"hematologia-i-hemoterapia","status":"publish","type":"page","link":"https:\/\/creublava.com\/ca\/hematologia-i-hemoterapia\/","title":{"rendered":"Hematologia i Hemoter\u00e0pia"},"content":{"rendered":"<div id='av-layout-grid-1'  class='av-layout-grid-container av-e5guzw-1c6fda7aad9dcf56614fd1147b800670 entry-content-wrapper main_color av-flex-cells  avia-builder-el-0  el_before_av_one_full  avia-builder-el-first   container_wrap fullsize'  >\n\n<style type=\"text\/css\" data-created_by=\"avia_inline_auto\" id=\"style-css-av-c65zl8-2fee35038aac870e812efd94c0290079\">\n.flex_cell.av-c65zl8-2fee35038aac870e812efd94c0290079{\nvertical-align:middle;\nheight:500px;\nmin-height:500px;\nbackground:url(https:\/\/creublava.com\/wp-content\/uploads\/2019\/03\/1553587328_IMG3223.jpg) 50% 0% no-repeat scroll #22689e;\n}\n.responsive #top #wrap_all .flex_cell.av-c65zl8-2fee35038aac870e812efd94c0290079{\npadding:0px 0px 0px 0px !important;\n}\n<\/style>\n<div class='flex_cell av-c65zl8-2fee35038aac870e812efd94c0290079 av-gridrow-cell av_one_half no_margin  avia-builder-el-1  el_before_av_cell_one_half  avia-builder-el-first  content-align-middle av-zero-padding avia-full-stretch'  ><div class='flex_cell_inner'><\/div><\/div>\n<style type=\"text\/css\" data-created_by=\"avia_inline_auto\" id=\"style-css-av-avyjbw-bb3635054c8f5d5026dc9095b9233cd8\">\n.flex_cell.av-avyjbw-bb3635054c8f5d5026dc9095b9233cd8{\nvertical-align:middle;\nheight:500px;\nmin-height:500px;\nbackground-color:#0174c5;\n}\n.responsive #top #wrap_all .flex_cell.av-avyjbw-bb3635054c8f5d5026dc9095b9233cd8{\npadding:80px 80px 80px 80px !important;\n}\n<\/style>\n<div class='flex_cell av-avyjbw-bb3635054c8f5d5026dc9095b9233cd8 av-gridrow-cell av_one_half no_margin  avia-builder-el-2  el_after_av_cell_one_half  avia-builder-el-last  content-align-middle'  ><div class='flex_cell_inner'><p>\n<style type=\"text\/css\" data-created_by=\"avia_inline_auto\" id=\"style-css-av-4ayz2s-8ebb88a1f40683dd7ddc4e2b221de49b\">\n#top .av-special-heading.av-4ayz2s-8ebb88a1f40683dd7ddc4e2b221de49b{\npadding-bottom:25px;\ncolor:#ffffff;\nfont-size:34px;\n}\nbody .av-special-heading.av-4ayz2s-8ebb88a1f40683dd7ddc4e2b221de49b .av-special-heading-tag .heading-char{\nfont-size:25px;\n}\n#top #wrap_all .av-special-heading.av-4ayz2s-8ebb88a1f40683dd7ddc4e2b221de49b .av-special-heading-tag{\nfont-size:34px;\n}\n.av-special-heading.av-4ayz2s-8ebb88a1f40683dd7ddc4e2b221de49b .special-heading-inner-border{\nborder-color:#ffffff;\n}\n.av-special-heading.av-4ayz2s-8ebb88a1f40683dd7ddc4e2b221de49b .av-subheading{\nfont-size:15px;\n}\n\n@media only screen and (min-width: 480px) and (max-width: 767px){ \n#top #wrap_all .av-special-heading.av-4ayz2s-8ebb88a1f40683dd7ddc4e2b221de49b .av-special-heading-tag{\nfont-size:0.8em;\n}\n}\n\n@media only screen and (max-width: 479px){ \n#top #wrap_all .av-special-heading.av-4ayz2s-8ebb88a1f40683dd7ddc4e2b221de49b .av-special-heading-tag{\nfont-size:0.8em;\n}\n}\n<\/style>\n<div  class='av-special-heading av-4ayz2s-8ebb88a1f40683dd7ddc4e2b221de49b av-special-heading-h3 custom-color-heading blockquote modern-quote modern-centered  avia-builder-el-3  el_before_av_textblock  avia-builder-el-first  av-inherit-size av-linked-heading'><h3 class='av-special-heading-tag '  itemprop=\"headline\"  >Hematologia i Hemoter\u00e0pia<\/h3><div class=\"special-heading-border\"><div class=\"special-heading-inner-border\"><\/div><\/div><\/div><br \/>\n\n<style type=\"text\/css\" data-created_by=\"avia_inline_auto\" id=\"style-css-av-9usg18-4e9bc52d73ef7518577259b32f3852ed\">\n#top .av_textblock_section.av-9usg18-4e9bc52d73ef7518577259b32f3852ed .avia_textblock{\ncolor:#ffffff;\n}\n<\/style>\n<section  class='av_textblock_section av-9usg18-4e9bc52d73ef7518577259b32f3852ed '   itemscope=\"itemscope\" itemtype=\"https:\/\/schema.org\/CreativeWork\" ><div class='avia_textblock av_inherit_color'  itemprop=\"text\" ><blockquote>\n<p><em>&#8220;El secret de l&#8217;atenci\u00f3 del pacient, \u00e9s interessar-se per ell.&#8221;<\/em><\/p>\n<p>Peabody<\/p>\n<\/blockquote>\n<\/div><\/section><\/p>\n<\/div><\/div>\n<\/div><div id='after_grid_row_1'  class='main_color av_default_container_wrap container_wrap fullsize'  ><div class='container av-section-cont-open' ><div class='template-page content  av-content-full alpha units'><div class='post-entry post-entry-type-page post-entry-4971'><div class='entry-content-wrapper clearfix'>\n\n<style type=\"text\/css\" data-created_by=\"avia_inline_auto\" id=\"style-css-av-h8h5qv-21ceb0487d4beadf78cbddd244708411\">\n.flex_column.av-h8h5qv-21ceb0487d4beadf78cbddd244708411{\nborder-radius:0px 0px 0px 0px;\npadding:0px 0px 0px 0px;\n}\n<\/style>\n<div  class='flex_column av-h8h5qv-21ceb0487d4beadf78cbddd244708411 av_one_full  avia-builder-el-5  el_after_av_layout_row  el_before_av_hr  avia-builder-el-first  first flex_column_div av-zero-column-padding  '     ><section  class='av_textblock_section av-jtikaxsb-3fe6eacd028c551661bafff574e0c96a '   itemscope=\"itemscope\" itemtype=\"https:\/\/schema.org\/CreativeWork\" ><div class='avia_textblock'  itemprop=\"text\" ><p><strong>L&#8217;hematologia<\/strong> \u00e9s l&#8217;especialitat de la medicina que es dedica al diagn\u00f2stic i el tractament de les malalties benignes i malignes que afecten la sang i els \u00f2rgans que la produeixen. Les malalties hematol\u00f2giques requereixen un diagn\u00f2stic prec\u00eds i un tractament oport\u00fa. Els nostres especialistes tenen \u00e0mplia experi\u00e8ncia tant en malalties benignes com an\u00e8mies, alteracions leucocit\u00e0ries, trombocitop\u00e8nies, problemes de coagulaci\u00f3 i trombosi com en malalties malignes entre les quals es compten limfomes, leuc\u00e8mies, mieloma m\u00faltiple, s\u00edndromes mieloproliferatives i trasplantament.<\/p>\n<p><strong>L&#8217;hemoter\u00e0pia<\/strong> \u00e9s una especialitat vinculada a l&#8217;obtenci\u00f3, conservaci\u00f3, an\u00e0lisi, processament i transfusi\u00f3 de sang. Tamb\u00e9 s&#8217;encarrega dels seus components i derivats.<\/p>\n<p>A la sang es poden trobar les pistes principals per con\u00e8ixer l&#8217;estat de salut i saber com funciona l&#8217;organisme. L&#8217;hemat\u00f2leg \u00e9s un metge amb doble formaci\u00f3, cl\u00ednica i de laboratori, la tasca del qual es pot desenvolupar de manera individual o en col\u00b7laboraci\u00f3 amb altres especialitats.<\/p>\n<\/div><\/section><\/div>\n\n<style type=\"text\/css\" data-created_by=\"avia_inline_auto\" id=\"style-css-av-jpmfcsos-8d7d544c56c808fa7a2fa235d6e482bc\">\n#top .hr.av-jpmfcsos-8d7d544c56c808fa7a2fa235d6e482bc{\nmargin-top:20px;\nmargin-bottom:20px;\n}\n.hr.av-jpmfcsos-8d7d544c56c808fa7a2fa235d6e482bc .hr-inner{\nwidth:50px;\n}\n<\/style>\n<div  class='hr av-jpmfcsos-8d7d544c56c808fa7a2fa235d6e482bc hr-custom  avia-builder-el-7  el_after_av_one_full  el_before_av_heading  hr-center hr-icon-no'><span class='hr-inner inner-border-av-border-none'><span class=\"hr-inner-style\"><\/span><\/span><\/div>\n\n<style type=\"text\/css\" data-created_by=\"avia_inline_auto\" id=\"style-css-av-23etic-ffdbe9d01768be4f437e361ec6c105e4\">\n#top .av-special-heading.av-23etic-ffdbe9d01768be4f437e361ec6c105e4{\nmargin:0 0 0 0;\npadding-bottom:0;\n}\nbody .av-special-heading.av-23etic-ffdbe9d01768be4f437e361ec6c105e4 .av-special-heading-tag .heading-char{\nfont-size:25px;\n}\n.av-special-heading.av-23etic-ffdbe9d01768be4f437e361ec6c105e4 .av-subheading{\nfont-size:15px;\n}\n<\/style>\n<div  class='av-special-heading av-23etic-ffdbe9d01768be4f437e361ec6c105e4 av-special-heading-h2 blockquote modern-quote modern-centered  avia-builder-el-8  el_after_av_hr  el_before_av_tab_section  avia-builder-el-last  av-linked-heading'><h2 class='av-special-heading-tag '  itemprop=\"headline\"  >L\u2019hematologia es divideix en quatre grans branques que estudien diferents condicions i patologies:<\/h2><div class=\"special-heading-border\"><div class=\"special-heading-inner-border\"><\/div><\/div><\/div>\n<\/div><\/div><\/div><!-- close content main div --><\/div><\/div><div id='av-tab-section-1'  class='av-tab-section-container entry-content-wrapper main_color av-tab-slide-transition av-tab-content-auto  av-tab-above-content  avia-builder-el-9  el_after_av_heading  el_before_av_hr  tab-section-not-first container_wrap fullsize'  ><div class='av-tab-section-outer-container av-kmhbw-372906193e14076d6a315dec55ed0467'><div class='av-tab-section-tab-title-container avia-tab-title-padding-default' role='tablist'><a href='#hematologia-benigna' data-av-tab-section-title='1' class='av-section-tab-title av-active-tab-title no-scroll av-jpmfxj6s-c1c0db8321db36eb48ab35960c6badc8 av-tab-with-icon av-tab-no-image ' role='tab' tabindex='0' aria-controls='av-tab-section-1-1'><span class='av-tab-section-icon avia-iconfont avia-font-medical' data-av_icon='\uf12e' data-av_iconfont='medical' ><\/span><span class='av-outer-tab-title'><span class='av-inner-tab-title'>Hematologia benigna<\/span><\/span><span class=\"av-tab-arrow-container\"><span><\/span><\/span><\/a><a href='#hematologia-oncolgica' data-av-tab-section-title='2' class='av-section-tab-title  av-jpmfxwec-551cb07bd9f9eccc5387835d90b3e71b av-tab-with-icon av-tab-no-image ' role='tab' tabindex='0' aria-controls='av-tab-section-1-2'><span class='av-tab-section-icon avia-iconfont avia-font-medical' data-av_icon='\uf12e' data-av_iconfont='medical' ><\/span><span class='av-outer-tab-title'><span class='av-inner-tab-title'>Hematologia oncol\u00f2gica<\/span><\/span><span class=\"av-tab-arrow-container\"><span><\/span><\/span><\/a><\/div><div class='avia-slideshow-arrows av-tabsection-arrow' ><a href='#prev' class='prev-slide av_prev_tab_section av-tab-section-slide avia-svg-icon avia-font-svg_entypo-fontello' data-av_svg_icon='left-open-big' data-av_iconset='svg_entypo-fontello' tabindex='-1' title=\"Anterior\"><svg version=\"1.1\" xmlns=\"http:\/\/www.w3.org\/2000\/svg\" width=\"15\" height=\"32\" viewBox=\"0 0 15 32\" preserveAspectRatio=\"xMidYMid meet\" aria-labelledby='av-svg-title-1' aria-describedby='av-svg-desc-1' role=\"graphics-symbol\" aria-hidden=\"true\">\n<title id='av-svg-title-1'>Anterior<\/title>\n<desc id='av-svg-desc-1'>Anterior<\/desc>\n<path d=\"M14.464 27.84q0.832 0.832 0 1.536-0.832 0.832-1.536 0l-12.544-12.608q-0.768-0.768 0-1.6l12.544-12.608q0.704-0.832 1.536 0 0.832 0.704 0 1.536l-11.456 11.904z\"><\/path>\n<\/svg><span class='avia_hidden_link_text'>Anterior<\/span><\/a><a href='#next' class='next-slide av_next_tab_section av-tab-section-slide avia-svg-icon avia-font-svg_entypo-fontello' data-av_svg_icon='right-open-big' data-av_iconset='svg_entypo-fontello' tabindex='-1' title=\"Seg\u00fcent\"><svg version=\"1.1\" xmlns=\"http:\/\/www.w3.org\/2000\/svg\" width=\"15\" height=\"32\" viewBox=\"0 0 15 32\" preserveAspectRatio=\"xMidYMid meet\" aria-labelledby='av-svg-title-2' aria-describedby='av-svg-desc-2' role=\"graphics-symbol\" aria-hidden=\"true\">\n<title id='av-svg-title-2'>Seg\u00fcent<\/title>\n<desc id='av-svg-desc-2'>Seg\u00fcent<\/desc>\n<path d=\"M0.416 27.84l11.456-11.84-11.456-11.904q-0.832-0.832 0-1.536 0.832-0.832 1.536 0l12.544 12.608q0.768 0.832 0 1.6l-12.544 12.608q-0.704 0.832-1.536 0-0.832-0.704 0-1.536z\"><\/path>\n<\/svg><span class='avia_hidden_link_text'>Seg\u00fcent<\/span><\/a><\/div><div class='av-tab-section-inner-container avia-section-default' style='width:200vw; left:0%;'><span class=\"av_prev_tab_section av_tab_navigation\"><\/span><span class=\"av_next_tab_section av_tab_navigation\"><\/span>\n\n<style type=\"text\/css\" data-created_by=\"avia_inline_auto\" id=\"style-css-av-jpmfxj6s-c1c0db8321db36eb48ab35960c6badc8\">\n.av-layout-tab.av-jpmfxj6s-c1c0db8321db36eb48ab35960c6badc8{\nvertical-align:top;\nbackground-color:#e8e8e8;\n}\n#top .av-tab-section-outer-container.av-kmhbw-372906193e14076d6a315dec55ed0467 .av-active-tab-title.av-section-tab-title.av-jpmfxj6s-c1c0db8321db36eb48ab35960c6badc8 .av-tab-arrow-container span{\nbackground-color:#e8e8e8;\n}\n<\/style>\n<div id='av-tab-section-1-1' class='av-layout-tab av-jpmfxj6s-c1c0db8321db36eb48ab35960c6badc8 av-animation-delay-container  avia-builder-el-10  el_before_av_tab_sub_section  avia-builder-el-first  av-active-tab-content __av_init_open ' data-av-deeplink-tabs=\"\" data-av-tab-section-content=\"1\" data-tab-section-id=\"hematologia-benigna\"><div class=\"av-layout-tab-inner\"><div class=\"container\"><p>\n<style type=\"text\/css\" data-created_by=\"avia_inline_auto\" id=\"style-css-av-ju3te4w7-d1e12024b0f82abeffa15ca675e034a9\">\n#top .av-special-heading.av-ju3te4w7-d1e12024b0f82abeffa15ca675e034a9{\npadding-bottom:10px;\n}\nbody .av-special-heading.av-ju3te4w7-d1e12024b0f82abeffa15ca675e034a9 .av-special-heading-tag .heading-char{\nfont-size:25px;\n}\n.av-special-heading.av-ju3te4w7-d1e12024b0f82abeffa15ca675e034a9 .av-subheading{\nfont-size:15px;\n}\n<\/style>\n<div  class='av-special-heading av-ju3te4w7-d1e12024b0f82abeffa15ca675e034a9 av-special-heading-h3 blockquote modern-quote  avia-builder-el-11  el_before_av_textblock  avia-builder-el-first  av-linked-heading'><h3 class='av-special-heading-tag '  itemprop=\"headline\"  >Hematologia benigna<\/h3><div class=\"special-heading-border\"><div class=\"special-heading-inner-border\"><\/div><\/div><\/div><br \/>\n<section  class='av_textblock_section av-jpnx6v1a-3cb03311433246266997532f4f491da9 '   itemscope=\"itemscope\" itemtype=\"https:\/\/schema.org\/CreativeWork\" ><div class='avia_textblock'  itemprop=\"text\" ><p><strong>L&#8217;hematologia<\/strong> benigna es dedica a l&#8217;estudi i el tractament de diverses malalties del teixit hematopo\u00e8tic, responsables de la producci\u00f3 de c\u00e8l\u00b7lules sangu\u00ednies: gl\u00f2buls vermells, alteracions dels gl\u00f2buls blancs o leuc\u00f2cits, alteracions de les plaquetes.<\/p>\n<\/div><\/section><\/p>\n<\/div><\/div><\/div>\n<style type=\"text\/css\" data-created_by=\"avia_inline_auto\" id=\"style-css-av-jpmfxwec-551cb07bd9f9eccc5387835d90b3e71b\">\n.av-layout-tab.av-jpmfxwec-551cb07bd9f9eccc5387835d90b3e71b{\nvertical-align:top;\nbackground-color:#e8e8e8;\n}\n#top .av-tab-section-outer-container.av-kmhbw-372906193e14076d6a315dec55ed0467 .av-active-tab-title.av-section-tab-title.av-jpmfxwec-551cb07bd9f9eccc5387835d90b3e71b .av-tab-arrow-container span{\nbackground-color:#e8e8e8;\n}\n<\/style>\n<div id='av-tab-section-1-2' class='av-layout-tab av-jpmfxwec-551cb07bd9f9eccc5387835d90b3e71b av-animation-delay-container  avia-builder-el-13  el_after_av_tab_sub_section  avia-builder-el-last  ' data-av-deeplink-tabs=\"\" data-av-tab-section-content=\"2\" data-tab-section-id=\"hematologia-oncolgica\"><div class=\"av-layout-tab-inner\"><div class=\"container\"><p>\n<style type=\"text\/css\" data-created_by=\"avia_inline_auto\" id=\"style-css-av-ju3te9mn-a38e8e7174d55b7bb19c5ab7f3f2b1a1\">\n#top .av-special-heading.av-ju3te9mn-a38e8e7174d55b7bb19c5ab7f3f2b1a1{\npadding-bottom:10px;\n}\nbody .av-special-heading.av-ju3te9mn-a38e8e7174d55b7bb19c5ab7f3f2b1a1 .av-special-heading-tag .heading-char{\nfont-size:25px;\n}\n.av-special-heading.av-ju3te9mn-a38e8e7174d55b7bb19c5ab7f3f2b1a1 .av-subheading{\nfont-size:15px;\n}\n<\/style>\n<div  class='av-special-heading av-ju3te9mn-a38e8e7174d55b7bb19c5ab7f3f2b1a1 av-special-heading-h3 blockquote modern-quote  avia-builder-el-14  el_before_av_textblock  avia-builder-el-first  av-linked-heading'><h3 class='av-special-heading-tag '  itemprop=\"headline\"  >Hematologia oncol\u00f2gica<\/h3><div class=\"special-heading-border\"><div class=\"special-heading-inner-border\"><\/div><\/div><\/div><br \/>\n<section  class='av_textblock_section av-jpmecthw-c7ec5098becfe55209bc6220d5f0985c '   itemscope=\"itemscope\" itemtype=\"https:\/\/schema.org\/CreativeWork\" ><div class='avia_textblock'  itemprop=\"text\" ><p><strong>L&#8217;hematologia<\/strong> oncol\u00f2gica es dedica a l&#8217;estudi de malalties neopl\u00e0siques (malignes) del sistema sanguini. El diagn\u00f2stic hematol\u00f2gic \u00e9s essencial per planejar un tractament adequat i oport\u00fa. El nostre cos t\u00e9 fins mecanismes per controlar la producci\u00f3 i destrucci\u00f3 de totes les c\u00e8l\u00b7lules. Quan un daquests mecanismes falla, es produeixen els c\u00e0ncers. Exemple d&#8217;ells i el maneig dels quals \u00e9s de ressort d&#8217;aquesta especialitat estan: mieloma i gammapaties, limfomes, leuc\u00e8mies, mielodispl\u00e0sia.<\/p>\n<\/div><\/section><\/p>\n<\/div><\/div><\/div>\n<\/div><\/div><\/div><div id='after_tab_section_1'  class='main_color av_default_container_wrap container_wrap fullsize'  ><div class='container av-section-cont-open' ><div class='template-page content  av-content-full alpha units'><div class='post-entry post-entry-type-page post-entry-4971'><div class='entry-content-wrapper clearfix'>\n\n<style type=\"text\/css\" data-created_by=\"avia_inline_auto\" id=\"style-css-av-av_hr-e4deac18c968d863e72b982330ce0e85\">\n#top .hr.av-av_hr-e4deac18c968d863e72b982330ce0e85{\nmargin-top:20px;\nmargin-bottom:20px;\n}\n.hr.av-av_hr-e4deac18c968d863e72b982330ce0e85 .hr-inner{\nwidth:50px;\n}\n<\/style>\n<div  class='hr av-av_hr-e4deac18c968d863e72b982330ce0e85 hr-custom  avia-builder-el-16  el_after_av_tab_section  el_before_av_textblock  avia-builder-el-first  hr-center hr-icon-no'><span class='hr-inner inner-border-av-border-none'><span class=\"hr-inner-style\"><\/span><\/span><\/div>\n\n<style type=\"text\/css\" data-created_by=\"avia_inline_auto\" id=\"style-css-av-jtikaxsb-3-05a747a56c4f2d83ac35025d0aaadba3\">\n#top .av_textblock_section.av-jtikaxsb-3-05a747a56c4f2d83ac35025d0aaadba3 .avia_textblock{\nfont-size:20px;\n}\n<\/style>\n<section  class='av_textblock_section av-jtikaxsb-3-05a747a56c4f2d83ac35025d0aaadba3 '   itemscope=\"itemscope\" itemtype=\"https:\/\/schema.org\/CreativeWork\" ><div class='avia_textblock'  itemprop=\"text\" ><p style=\"text-align: center;\"><strong>Dia de visita:<\/strong> dilluns tarda.<\/p>\n<\/div><\/section>\n","protected":false},"excerpt":{"rendered":"","protected":false},"author":1,"featured_media":0,"parent":0,"menu_order":0,"comment_status":"closed","ping_status":"closed","template":"","meta":{"footnotes":""},"class_list":["post-4971","page","type-page","status-publish","hentry"],"yoast_head":"<!-- This site is optimized with the Yoast SEO plugin v27.3 - https:\/\/yoast.com\/product\/yoast-seo-wordpress\/ -->\n<title>Hematologia i Hemoter\u00e0pia - Creu Blava<\/title>\n<meta name=\"robots\" content=\"index, follow, max-snippet:-1, max-image-preview:large, max-video-preview:-1\" \/>\n<link rel=\"canonical\" href=\"https:\/\/creublava.com\/ca\/hematologia-i-hemoterapia\/\" \/>\n<meta property=\"og:locale\" content=\"ca_ES\" \/>\n<meta property=\"og:type\" content=\"article\" \/>\n<meta property=\"og:title\" content=\"Hematologia i Hemoter\u00e0pia - Creu Blava\" \/>\n<meta property=\"og:url\" content=\"https:\/\/creublava.com\/ca\/hematologia-i-hemoterapia\/\" \/>\n<meta property=\"og:site_name\" content=\"Creu Blava\" \/>\n<meta property=\"article:modified_time\" content=\"2025-08-20T07:52:47+00:00\" \/>\n<meta name=\"twitter:card\" content=\"summary_large_image\" \/>\n<meta name=\"twitter:label1\" content=\"Temps estimat de lectura\" \/>\n\t<meta name=\"twitter:data1\" content=\"2 minuts\" \/>\n<script type=\"application\/ld+json\" class=\"yoast-schema-graph\">{\"@context\":\"https:\\\/\\\/schema.org\",\"@graph\":[{\"@type\":\"WebPage\",\"@id\":\"https:\\\/\\\/creublava.com\\\/ca\\\/hematologia-i-hemoterapia\\\/\",\"url\":\"https:\\\/\\\/creublava.com\\\/ca\\\/hematologia-i-hemoterapia\\\/\",\"name\":\"Hematologia i Hemoter\u00e0pia - Creu Blava\",\"isPartOf\":{\"@id\":\"https:\\\/\\\/creublava.com\\\/ca\\\/#website\"},\"datePublished\":\"2019-03-22T09:51:58+00:00\",\"dateModified\":\"2025-08-20T07:52:47+00:00\",\"breadcrumb\":{\"@id\":\"https:\\\/\\\/creublava.com\\\/ca\\\/hematologia-i-hemoterapia\\\/#breadcrumb\"},\"inLanguage\":\"ca\",\"potentialAction\":[{\"@type\":\"ReadAction\",\"target\":[\"https:\\\/\\\/creublava.com\\\/ca\\\/hematologia-i-hemoterapia\\\/\"]}]},{\"@type\":\"BreadcrumbList\",\"@id\":\"https:\\\/\\\/creublava.com\\\/ca\\\/hematologia-i-hemoterapia\\\/#breadcrumb\",\"itemListElement\":[{\"@type\":\"ListItem\",\"position\":1,\"name\":\"Portada\",\"item\":\"https:\\\/\\\/creublava.com\\\/ca\\\/creublava-malgrat-de-mar\\\/\"},{\"@type\":\"ListItem\",\"position\":2,\"name\":\"Hematologia i Hemoter\u00e0pia\"}]},{\"@type\":\"WebSite\",\"@id\":\"https:\\\/\\\/creublava.com\\\/ca\\\/#website\",\"url\":\"https:\\\/\\\/creublava.com\\\/ca\\\/\",\"name\":\"Cloutions\",\"description\":\"Centro cl\u00ednico en Malgrat de Mar\",\"potentialAction\":[{\"@type\":\"SearchAction\",\"target\":{\"@type\":\"EntryPoint\",\"urlTemplate\":\"https:\\\/\\\/creublava.com\\\/ca\\\/?s={search_term_string}\"},\"query-input\":{\"@type\":\"PropertyValueSpecification\",\"valueRequired\":true,\"valueName\":\"search_term_string\"}}],\"inLanguage\":\"ca\"}]}<\/script>\n<!-- \/ Yoast SEO plugin. -->","yoast_head_json":{"title":"Hematologia i Hemoter\u00e0pia - Creu Blava","robots":{"index":"index","follow":"follow","max-snippet":"max-snippet:-1","max-image-preview":"max-image-preview:large","max-video-preview":"max-video-preview:-1"},"canonical":"https:\/\/creublava.com\/ca\/hematologia-i-hemoterapia\/","og_locale":"ca_ES","og_type":"article","og_title":"Hematologia i Hemoter\u00e0pia - Creu Blava","og_url":"https:\/\/creublava.com\/ca\/hematologia-i-hemoterapia\/","og_site_name":"Creu Blava","article_modified_time":"2025-08-20T07:52:47+00:00","twitter_card":"summary_large_image","twitter_misc":{"Temps estimat de lectura":"2 minuts"},"schema":{"@context":"https:\/\/schema.org","@graph":[{"@type":"WebPage","@id":"https:\/\/creublava.com\/ca\/hematologia-i-hemoterapia\/","url":"https:\/\/creublava.com\/ca\/hematologia-i-hemoterapia\/","name":"Hematologia i Hemoter\u00e0pia - Creu Blava","isPartOf":{"@id":"https:\/\/creublava.com\/ca\/#website"},"datePublished":"2019-03-22T09:51:58+00:00","dateModified":"2025-08-20T07:52:47+00:00","breadcrumb":{"@id":"https:\/\/creublava.com\/ca\/hematologia-i-hemoterapia\/#breadcrumb"},"inLanguage":"ca","potentialAction":[{"@type":"ReadAction","target":["https:\/\/creublava.com\/ca\/hematologia-i-hemoterapia\/"]}]},{"@type":"BreadcrumbList","@id":"https:\/\/creublava.com\/ca\/hematologia-i-hemoterapia\/#breadcrumb","itemListElement":[{"@type":"ListItem","position":1,"name":"Portada","item":"https:\/\/creublava.com\/ca\/creublava-malgrat-de-mar\/"},{"@type":"ListItem","position":2,"name":"Hematologia i Hemoter\u00e0pia"}]},{"@type":"WebSite","@id":"https:\/\/creublava.com\/ca\/#website","url":"https:\/\/creublava.com\/ca\/","name":"Cloutions","description":"Centro cl\u00ednico en Malgrat de Mar","potentialAction":[{"@type":"SearchAction","target":{"@type":"EntryPoint","urlTemplate":"https:\/\/creublava.com\/ca\/?s={search_term_string}"},"query-input":{"@type":"PropertyValueSpecification","valueRequired":true,"valueName":"search_term_string"}}],"inLanguage":"ca"}]}},"_links":{"self":[{"href":"https:\/\/creublava.com\/ca\/wp-json\/wp\/v2\/pages\/4971","targetHints":{"allow":["GET"]}}],"collection":[{"href":"https:\/\/creublava.com\/ca\/wp-json\/wp\/v2\/pages"}],"about":[{"href":"https:\/\/creublava.com\/ca\/wp-json\/wp\/v2\/types\/page"}],"author":[{"embeddable":true,"href":"https:\/\/creublava.com\/ca\/wp-json\/wp\/v2\/users\/1"}],"replies":[{"embeddable":true,"href":"https:\/\/creublava.com\/ca\/wp-json\/wp\/v2\/comments?post=4971"}],"version-history":[{"count":0,"href":"https:\/\/creublava.com\/ca\/wp-json\/wp\/v2\/pages\/4971\/revisions"}],"wp:attachment":[{"href":"https:\/\/creublava.com\/ca\/wp-json\/wp\/v2\/media?parent=4971"}],"curies":[{"name":"wp","href":"https:\/\/api.w.org\/{rel}","templated":true}]}}