{"id":4977,"date":"2019-02-15T09:53:33","date_gmt":"2019-02-15T09:53:33","guid":{"rendered":"https:\/\/creublava.com\/kobido\/"},"modified":"2019-02-15T09:53:33","modified_gmt":"2019-02-15T09:53:33","slug":"kobido","status":"publish","type":"page","link":"https:\/\/creublava.com\/ca\/kobido\/","title":{"rendered":"Kobido"},"content":{"rendered":"<div id='av-layout-grid-1'  class='av-layout-grid-container av-e5guzw-1c6fda7aad9dcf56614fd1147b800670 entry-content-wrapper main_color av-flex-cells  avia-builder-el-0  el_before_av_one_half  avia-builder-el-first   container_wrap fullsize'  >\n\n<style type=\"text\/css\" data-created_by=\"avia_inline_auto\" id=\"style-css-av-c65zl8-561d42f52b63dffacb4f8a30108e0ccc\">\n.flex_cell.av-c65zl8-561d42f52b63dffacb4f8a30108e0ccc{\nvertical-align:middle;\nheight:500px;\nmin-height:500px;\nbackground:url(https:\/\/creublava.com\/wp-content\/uploads\/2019\/04\/1553587660_IMG3200-3.jpg) 50% 50% no-repeat scroll #22689e;\n}\n.responsive #top #wrap_all .flex_cell.av-c65zl8-561d42f52b63dffacb4f8a30108e0ccc{\npadding:0px 0px 0px 0px !important;\n}\n<\/style>\n<div class='flex_cell av-c65zl8-561d42f52b63dffacb4f8a30108e0ccc av-gridrow-cell av_one_half no_margin  avia-builder-el-1  el_before_av_cell_one_half  avia-builder-el-first  content-align-middle av-zero-padding avia-full-stretch'  ><div class='flex_cell_inner'><\/div><\/div>\n<style type=\"text\/css\" data-created_by=\"avia_inline_auto\" id=\"style-css-av-avyjbw-bb3635054c8f5d5026dc9095b9233cd8\">\n.flex_cell.av-avyjbw-bb3635054c8f5d5026dc9095b9233cd8{\nvertical-align:middle;\nheight:500px;\nmin-height:500px;\nbackground-color:#0174c5;\n}\n.responsive #top #wrap_all .flex_cell.av-avyjbw-bb3635054c8f5d5026dc9095b9233cd8{\npadding:80px 80px 80px 80px !important;\n}\n<\/style>\n<div class='flex_cell av-avyjbw-bb3635054c8f5d5026dc9095b9233cd8 av-gridrow-cell av_one_half no_margin  avia-builder-el-2  el_after_av_cell_one_half  avia-builder-el-last  content-align-middle'  ><div class='flex_cell_inner'><p>\n<style type=\"text\/css\" data-created_by=\"avia_inline_auto\" id=\"style-css-av-av_heading-c706f9b9501d01ad42b13d87dffefe2b\">\n#top .av-special-heading.av-av_heading-c706f9b9501d01ad42b13d87dffefe2b{\npadding-bottom:25px;\ncolor:#ffffff;\n}\nbody .av-special-heading.av-av_heading-c706f9b9501d01ad42b13d87dffefe2b .av-special-heading-tag .heading-char{\nfont-size:25px;\n}\n.av-special-heading.av-av_heading-c706f9b9501d01ad42b13d87dffefe2b .special-heading-inner-border{\nborder-color:#ffffff;\n}\n.av-special-heading.av-av_heading-c706f9b9501d01ad42b13d87dffefe2b .av-subheading{\nfont-size:15px;\n}\n<\/style>\n<div  class='av-special-heading av-av_heading-c706f9b9501d01ad42b13d87dffefe2b av-special-heading-h1 custom-color-heading blockquote modern-quote  avia-builder-el-3  el_before_av_textblock  avia-builder-el-first '><h1 class='av-special-heading-tag '  itemprop=\"headline\"  >Kobido<\/h1><div class=\"special-heading-border\"><div class=\"special-heading-inner-border\"><\/div><\/div><\/div><br \/>\n\n<style type=\"text\/css\" data-created_by=\"avia_inline_auto\" id=\"style-css-av-9usg18-5467488876230657cd4333c5e5517a21\">\n#top .av_textblock_section.av-9usg18-5467488876230657cd4333c5e5517a21 .avia_textblock{\ncolor:#ffffff;\n}\n<\/style>\n<section  class='av_textblock_section av-9usg18-5467488876230657cd4333c5e5517a21 '   itemscope=\"itemscope\" itemtype=\"https:\/\/schema.org\/CreativeWork\" ><div class='avia_textblock av_inherit_color'  itemprop=\"text\" ><p><em>&#8220;Tu cuerpo escucha todo lo que dice tu mente&#8221;<\/em><\/p>\n<p>Naomi Judd<\/p>\n<\/div><\/section><\/p>\n<\/div><\/div><\/div><div id='after_grid_row_1'  class='main_color av_default_container_wrap container_wrap fullsize'  ><div class='container av-section-cont-open' ><div class='template-page content  av-content-full alpha units'><div class='post-entry post-entry-type-page post-entry-4977'><div class='entry-content-wrapper clearfix'>\n<style type=\"text\/css\" data-created_by=\"avia_inline_auto\" id=\"style-css-av-1mmyk24-d3fb37ff3ff9ba39c4770b7e6f9d36cb\">\n.flex_column.av-1mmyk24-d3fb37ff3ff9ba39c4770b7e6f9d36cb{\nborder-radius:0px 0px 0px 0px;\npadding:0px 0px 0px 0px;\n}\n<\/style>\n<div  class='flex_column av-1mmyk24-d3fb37ff3ff9ba39c4770b7e6f9d36cb av_one_half  avia-builder-el-5  el_after_av_layout_row  el_before_av_one_half  avia-builder-el-first  first flex_column_div av-zero-column-padding  '     ><section  class='av_textblock_section av-js33ij5t-b7583b4e62c697b2ac94adbb0d199075 '   itemscope=\"itemscope\" itemtype=\"https:\/\/schema.org\/CreativeWork\" ><div class='avia_textblock'  itemprop=\"text\" ><p>El <strong>Masaje Facial<\/strong> japon\u00e9s hunde sus ra\u00edces en la medicina tradicional China. Se trata de una\u00a0combinaci\u00f3n de conceptos de la medicina tradicional japonesa y de t\u00e9cnicas de masaje que han sido desarrollados y modificados a partir del Anma (masaje tradicional japon\u00e9s) durante los \u00faltimos quinientos a\u00f1os.<\/p>\n<p>Adem\u00e1s, tambi\u00e9n\u00a0<strong>previene y reduce el proceso de envejecimiento<\/strong>, mejora la oxigenaci\u00f3n y nutrici\u00f3n de las c\u00e9lulas de la piel, libera la energ\u00eda y la tensi\u00f3n bloqueada en m\u00fasculos faciales y del cuello, mejora el flujo linf\u00e1tico, consolida y tonifica los m\u00fasculos, estimula la producci\u00f3n de col\u00e1geno y elastina y equilibra el flujo de la energ\u00eda de cara.<\/p>\n<\/div><\/section><\/div><\/p>\n\n<style type=\"text\/css\" data-created_by=\"avia_inline_auto\" id=\"style-css-av-1mmyk24-af5eb3aa01a65f46b8d7cad95531f2c9\">\n@keyframes av_boxShadowEffect_av-1mmyk24-af5eb3aa01a65f46b8d7cad95531f2c9-column {\n0%   { box-shadow:  0 0 0 0 #6b6b6b; opacity: 1; }\n100% { box-shadow:  0 0 10px 0 #6b6b6b; opacity: 1; }\n}\n.flex_column.av-1mmyk24-af5eb3aa01a65f46b8d7cad95531f2c9{\nbox-shadow: 0 0 10px 0 #6b6b6b;\nborder-radius:0px 0px 0px 0px;\npadding:0px 0px 0px 0px;\n}\n<\/style>\n<div  class='flex_column av-1mmyk24-af5eb3aa01a65f46b8d7cad95531f2c9 av_one_half  avia-builder-el-7  el_after_av_one_half  el_before_av_section  avia-builder-el-last  flex_column_div shadow-not-animated  '     ><style type=\"text\/css\" data-created_by=\"avia_inline_auto\" id=\"style-css-av-jpmeka22-6fc17d201764e93ac59331eaf530add1\">\n.av_promobox.av-jpmeka22-6fc17d201764e93ac59331eaf530add1{\nbackground:#f4f4f4;\n}\n<\/style>\n<div  class='av_promobox av-jpmeka22-6fc17d201764e93ac59331eaf530add1 avia-button-yes  avia-builder-el-8  avia-builder-el-no-sibling '><div class='avia-promocontent'><\/p>\n<h3><span style=\"color: #40a8e4;\"><strong>PRECIOS<\/strong><\/span><\/h3>\n<ul>\n<li>PRIMERA VISITA<strong>: 30 \u20ac<\/strong><\/li>\n<\/ul>\n<p style=\"padding-left: 30px;\"><strong>DURACI\u00d3N DE LA SESI\u00d3N: 30 minutos.<\/strong><strong>\u00a0<\/strong><\/p>\n<p>\n<\/div><div  class='avia-button-wrap av-jpmeka22-2b4e9886c5e4dc73729b54478d269d24-wrap avia-button-right '><a href='https:\/\/creublava.com\/contacto\/'  class='avia-button av-jpmeka22-2b4e9886c5e4dc73729b54478d269d24 av-link-btn avia-icon_select-yes-left-icon avia-size-large avia-position-right avia-color-theme-color'   aria-label=\"M\u00e1s Info\"><span class='avia_button_icon avia_button_icon_left avia-iconfont avia-font-entypo-fontello' data-av_icon='\ue81f' data-av_iconfont='entypo-fontello' ><\/span><span class='avia_iconbox_title' >M\u00e1s Info<\/span><\/a><\/div><\/div><\/div>\n<\/div><\/div><\/div><!-- close content main div --><\/div><\/div>\n<style type=\"text\/css\" data-created_by=\"avia_inline_auto\" id=\"style-css-av-jtikr2ug-b67f7eee0a66cd2bedf2486b99ce686a\">\n.avia-section.av-jtikr2ug-b67f7eee0a66cd2bedf2486b99ce686a{\nbackground-color:#0174c5;\nbackground-image:unset;\n}\n<\/style>\n<div id='av_section_1'  class='avia-section av-jtikr2ug-b67f7eee0a66cd2bedf2486b99ce686a main_color avia-section-default avia-no-border-styling  avia-builder-el-9  el_after_av_one_half  avia-builder-el-last  avia-bg-style-scroll container_wrap fullsize'  ><div class='container av-section-cont-open' ><div class='template-page content  av-content-full alpha units'><div class='post-entry post-entry-type-page post-entry-4977'><div class='entry-content-wrapper clearfix'>\n\n<style type=\"text\/css\" data-created_by=\"avia_inline_auto\" id=\"style-css-av-c00e7b-8475fda583ff5cbbc27e8cd9c6d90637\">\n.flex_column.av-c00e7b-8475fda583ff5cbbc27e8cd9c6d90637{\nborder-radius:0px 0px 0px 0px;\npadding:0px 0px 0px 0px;\n}\n<\/style>\n<div  class='flex_column av-c00e7b-8475fda583ff5cbbc27e8cd9c6d90637 av_one_fifth  avia-builder-el-10  el_before_av_three_fifth  avia-builder-el-first  first flex_column_div av-zero-column-padding  '     ><\/div>\n<style type=\"text\/css\" data-created_by=\"avia_inline_auto\" id=\"style-css-av-c00e7b-969006dccad6bea43c8e44984e6d849a\">\n.flex_column.av-c00e7b-969006dccad6bea43c8e44984e6d849a{\nborder-radius:0px 0px 0px 0px;\npadding:0px 0px 0px 0px;\n}\n<\/style>\n<div  class='flex_column av-c00e7b-969006dccad6bea43c8e44984e6d849a av_three_fifth  avia-builder-el-11  el_after_av_one_fifth  el_before_av_one_fifth  flex_column_div av-zero-column-padding  '     ><style type=\"text\/css\" data-created_by=\"avia_inline_auto\" id=\"style-css-av-jtikaxsb-8f210e85d5f173b3448c71089e3f88fd\">\n#top .av_textblock_section.av-jtikaxsb-8f210e85d5f173b3448c71089e3f88fd .avia_textblock{\nfont-size:20px;\ncolor:#ffffff;\n}\n<\/style>\n<section  class='av_textblock_section av-jtikaxsb-8f210e85d5f173b3448c71089e3f88fd '   itemscope=\"itemscope\" itemtype=\"https:\/\/schema.org\/CreativeWork\" ><div class='avia_textblock av_inherit_color'  itemprop=\"text\" ><p style=\"text-align: center;\">Si tiene alguna duda o desea m\u00e1s informaci\u00f3n<\/p>\n<\/div><\/section><br \/>\n<div  class='avia-button-wrap av-jtikv7hp-7fafaaca77bd076af2778c1d565962ee-wrap avia-button-center  avia-builder-el-13  el_after_av_textblock  avia-builder-el-last '><a href='https:\/\/creublava.com\/contacto\/'  class='avia-button av-jtikv7hp-7fafaaca77bd076af2778c1d565962ee av-link-btn avia-icon_select-no avia-size-large avia-position-center avia-color-light'  target=\"_blank\"  rel=\"noopener noreferrer\"  aria-label=\"Contacte con nosotros\"><span class='avia_iconbox_title' >Contacte con nosotros<\/span><\/a><\/div><\/p><\/div>\n<style type=\"text\/css\" data-created_by=\"avia_inline_auto\" id=\"style-css-av-c00e7b-969006dccad6bea43c8e44984e6d849a\">\n.flex_column.av-c00e7b-969006dccad6bea43c8e44984e6d849a{\nborder-radius:0px 0px 0px 0px;\npadding:0px 0px 0px 0px;\n}\n<\/style>\n<div  class='flex_column av-c00e7b-969006dccad6bea43c8e44984e6d849a av_one_fifth  avia-builder-el-14  el_after_av_three_fifth  avia-builder-el-last  flex_column_div av-zero-column-padding  '     ><\/div>\n\n","protected":false},"excerpt":{"rendered":"","protected":false},"author":1,"featured_media":0,"parent":0,"menu_order":0,"comment_status":"closed","ping_status":"closed","template":"","meta":{"footnotes":""},"class_list":["post-4977","page","type-page","status-publish","hentry"],"yoast_head":"<!-- This site is optimized with the Yoast SEO plugin v27.3 - https:\/\/yoast.com\/product\/yoast-seo-wordpress\/ -->\n<title>Kobido - Creu Blava<\/title>\n<meta name=\"robots\" content=\"index, follow, max-snippet:-1, max-image-preview:large, max-video-preview:-1\" \/>\n<link rel=\"canonical\" href=\"https:\/\/creublava.com\/ca\/kobido\/\" \/>\n<meta property=\"og:locale\" content=\"ca_ES\" \/>\n<meta property=\"og:type\" content=\"article\" \/>\n<meta property=\"og:title\" content=\"Kobido - Creu Blava\" \/>\n<meta property=\"og:url\" content=\"https:\/\/creublava.com\/ca\/kobido\/\" \/>\n<meta property=\"og:site_name\" content=\"Creu Blava\" \/>\n<meta name=\"twitter:card\" content=\"summary_large_image\" \/>\n<meta name=\"twitter:label1\" content=\"Temps estimat de lectura\" \/>\n\t<meta name=\"twitter:data1\" content=\"6 minuts\" \/>\n<script type=\"application\/ld+json\" class=\"yoast-schema-graph\">{\"@context\":\"https:\\\/\\\/schema.org\",\"@graph\":[{\"@type\":\"WebPage\",\"@id\":\"https:\\\/\\\/creublava.com\\\/ca\\\/kobido\\\/\",\"url\":\"https:\\\/\\\/creublava.com\\\/ca\\\/kobido\\\/\",\"name\":\"Kobido - Creu Blava\",\"isPartOf\":{\"@id\":\"https:\\\/\\\/creublava.com\\\/ca\\\/#website\"},\"datePublished\":\"2019-02-15T09:53:33+00:00\",\"breadcrumb\":{\"@id\":\"https:\\\/\\\/creublava.com\\\/ca\\\/kobido\\\/#breadcrumb\"},\"inLanguage\":\"ca\",\"potentialAction\":[{\"@type\":\"ReadAction\",\"target\":[\"https:\\\/\\\/creublava.com\\\/ca\\\/kobido\\\/\"]}]},{\"@type\":\"BreadcrumbList\",\"@id\":\"https:\\\/\\\/creublava.com\\\/ca\\\/kobido\\\/#breadcrumb\",\"itemListElement\":[{\"@type\":\"ListItem\",\"position\":1,\"name\":\"Portada\",\"item\":\"https:\\\/\\\/creublava.com\\\/ca\\\/creublava-malgrat-de-mar\\\/\"},{\"@type\":\"ListItem\",\"position\":2,\"name\":\"Kobido\"}]},{\"@type\":\"WebSite\",\"@id\":\"https:\\\/\\\/creublava.com\\\/ca\\\/#website\",\"url\":\"https:\\\/\\\/creublava.com\\\/ca\\\/\",\"name\":\"Cloutions\",\"description\":\"Centro cl\u00ednico en Malgrat de Mar\",\"potentialAction\":[{\"@type\":\"SearchAction\",\"target\":{\"@type\":\"EntryPoint\",\"urlTemplate\":\"https:\\\/\\\/creublava.com\\\/ca\\\/?s={search_term_string}\"},\"query-input\":{\"@type\":\"PropertyValueSpecification\",\"valueRequired\":true,\"valueName\":\"search_term_string\"}}],\"inLanguage\":\"ca\"}]}<\/script>\n<!-- \/ Yoast SEO plugin. -->","yoast_head_json":{"title":"Kobido - Creu Blava","robots":{"index":"index","follow":"follow","max-snippet":"max-snippet:-1","max-image-preview":"max-image-preview:large","max-video-preview":"max-video-preview:-1"},"canonical":"https:\/\/creublava.com\/ca\/kobido\/","og_locale":"ca_ES","og_type":"article","og_title":"Kobido - Creu Blava","og_url":"https:\/\/creublava.com\/ca\/kobido\/","og_site_name":"Creu Blava","twitter_card":"summary_large_image","twitter_misc":{"Temps estimat de lectura":"6 minuts"},"schema":{"@context":"https:\/\/schema.org","@graph":[{"@type":"WebPage","@id":"https:\/\/creublava.com\/ca\/kobido\/","url":"https:\/\/creublava.com\/ca\/kobido\/","name":"Kobido - Creu Blava","isPartOf":{"@id":"https:\/\/creublava.com\/ca\/#website"},"datePublished":"2019-02-15T09:53:33+00:00","breadcrumb":{"@id":"https:\/\/creublava.com\/ca\/kobido\/#breadcrumb"},"inLanguage":"ca","potentialAction":[{"@type":"ReadAction","target":["https:\/\/creublava.com\/ca\/kobido\/"]}]},{"@type":"BreadcrumbList","@id":"https:\/\/creublava.com\/ca\/kobido\/#breadcrumb","itemListElement":[{"@type":"ListItem","position":1,"name":"Portada","item":"https:\/\/creublava.com\/ca\/creublava-malgrat-de-mar\/"},{"@type":"ListItem","position":2,"name":"Kobido"}]},{"@type":"WebSite","@id":"https:\/\/creublava.com\/ca\/#website","url":"https:\/\/creublava.com\/ca\/","name":"Cloutions","description":"Centro cl\u00ednico en Malgrat de Mar","potentialAction":[{"@type":"SearchAction","target":{"@type":"EntryPoint","urlTemplate":"https:\/\/creublava.com\/ca\/?s={search_term_string}"},"query-input":{"@type":"PropertyValueSpecification","valueRequired":true,"valueName":"search_term_string"}}],"inLanguage":"ca"}]}},"_links":{"self":[{"href":"https:\/\/creublava.com\/ca\/wp-json\/wp\/v2\/pages\/4977","targetHints":{"allow":["GET"]}}],"collection":[{"href":"https:\/\/creublava.com\/ca\/wp-json\/wp\/v2\/pages"}],"about":[{"href":"https:\/\/creublava.com\/ca\/wp-json\/wp\/v2\/types\/page"}],"author":[{"embeddable":true,"href":"https:\/\/creublava.com\/ca\/wp-json\/wp\/v2\/users\/1"}],"replies":[{"embeddable":true,"href":"https:\/\/creublava.com\/ca\/wp-json\/wp\/v2\/comments?post=4977"}],"version-history":[{"count":0,"href":"https:\/\/creublava.com\/ca\/wp-json\/wp\/v2\/pages\/4977\/revisions"}],"wp:attachment":[{"href":"https:\/\/creublava.com\/ca\/wp-json\/wp\/v2\/media?parent=4977"}],"curies":[{"name":"wp","href":"https:\/\/api.w.org\/{rel}","templated":true}]}}