{"id":4997,"date":"2019-03-22T10:40:06","date_gmt":"2019-03-22T10:40:06","guid":{"rendered":"https:\/\/creublava.com\/mutuas-escolares\/"},"modified":"2025-08-20T07:40:27","modified_gmt":"2025-08-20T07:40:27","slug":"mutues-escolars","status":"publish","type":"page","link":"https:\/\/creublava.com\/ca\/mutues-escolars\/","title":{"rendered":"M\u00fatues Escolars"},"content":{"rendered":"<div id='av-layout-grid-1'  class='av-layout-grid-container av-e5guzw-1c6fda7aad9dcf56614fd1147b800670 entry-content-wrapper main_color av-flex-cells  avia-builder-el-0  el_before_av_one_full  avia-builder-el-first   container_wrap fullsize'  >\n\n<style type=\"text\/css\" data-created_by=\"avia_inline_auto\" id=\"style-css-av-c65zl8-83e45dd09eee803a7eb25904a47631e4\">\n.flex_cell.av-c65zl8-83e45dd09eee803a7eb25904a47631e4{\nvertical-align:middle;\nheight:500px;\nmin-height:500px;\nbackground:url(https:\/\/creublava.com\/wp-content\/uploads\/2018\/12\/Fotolia_20343118_S.jpg) 50% 50% no-repeat scroll #22689e;\n}\n.responsive #top #wrap_all .flex_cell.av-c65zl8-83e45dd09eee803a7eb25904a47631e4{\npadding:0px 0px 0px 0px !important;\n}\n<\/style>\n<div class='flex_cell av-c65zl8-83e45dd09eee803a7eb25904a47631e4 av-gridrow-cell av_one_half no_margin  avia-builder-el-1  el_before_av_cell_one_half  avia-builder-el-first  content-align-middle av-zero-padding avia-full-stretch'  ><div class='flex_cell_inner'><\/div><\/div>\n<style type=\"text\/css\" data-created_by=\"avia_inline_auto\" id=\"style-css-av-avyjbw-bb3635054c8f5d5026dc9095b9233cd8\">\n.flex_cell.av-avyjbw-bb3635054c8f5d5026dc9095b9233cd8{\nvertical-align:middle;\nheight:500px;\nmin-height:500px;\nbackground-color:#0174c5;\n}\n.responsive #top #wrap_all .flex_cell.av-avyjbw-bb3635054c8f5d5026dc9095b9233cd8{\npadding:80px 80px 80px 80px !important;\n}\n<\/style>\n<div class='flex_cell av-avyjbw-bb3635054c8f5d5026dc9095b9233cd8 av-gridrow-cell av_one_half no_margin  avia-builder-el-2  el_after_av_cell_one_half  avia-builder-el-last  content-align-middle'  ><div class='flex_cell_inner'><p>\n<style type=\"text\/css\" data-created_by=\"avia_inline_auto\" id=\"style-css-av-jufqvm9a-b327e911dc2f0542e7021c4c8a0cbcbb\">\n#top .av-special-heading.av-jufqvm9a-b327e911dc2f0542e7021c4c8a0cbcbb{\npadding-bottom:25px;\ncolor:#ffffff;\nfont-size:34px;\n}\nbody .av-special-heading.av-jufqvm9a-b327e911dc2f0542e7021c4c8a0cbcbb .av-special-heading-tag .heading-char{\nfont-size:25px;\n}\n#top #wrap_all .av-special-heading.av-jufqvm9a-b327e911dc2f0542e7021c4c8a0cbcbb .av-special-heading-tag{\nfont-size:34px;\n}\n.av-special-heading.av-jufqvm9a-b327e911dc2f0542e7021c4c8a0cbcbb .special-heading-inner-border{\nborder-color:#ffffff;\n}\n.av-special-heading.av-jufqvm9a-b327e911dc2f0542e7021c4c8a0cbcbb .av-subheading{\nfont-size:15px;\n}\n\n@media only screen and (min-width: 480px) and (max-width: 767px){ \n#top #wrap_all .av-special-heading.av-jufqvm9a-b327e911dc2f0542e7021c4c8a0cbcbb .av-special-heading-tag{\nfont-size:0.8em;\n}\n}\n\n@media only screen and (max-width: 479px){ \n#top #wrap_all .av-special-heading.av-jufqvm9a-b327e911dc2f0542e7021c4c8a0cbcbb .av-special-heading-tag{\nfont-size:0.8em;\n}\n}\n<\/style>\n<div  class='av-special-heading av-jufqvm9a-b327e911dc2f0542e7021c4c8a0cbcbb av-special-heading-h3 custom-color-heading blockquote modern-quote modern-centered  avia-builder-el-3  el_before_av_hr  avia-builder-el-first  av-inherit-size av-linked-heading'><h3 class='av-special-heading-tag '  itemprop=\"headline\"  >M\u00fatues Escolars<\/h3><div class=\"special-heading-border\"><div class=\"special-heading-inner-border\"><\/div><\/div><\/div><br \/>\n\n<style type=\"text\/css\" data-created_by=\"avia_inline_auto\" id=\"style-css-av-jtjsux4d-6841c982ff1f18ed8837b1270ff60367\">\n#top .hr.av-jtjsux4d-6841c982ff1f18ed8837b1270ff60367{\nmargin-top:0px;\nmargin-bottom:0px;\n}\n.hr.av-jtjsux4d-6841c982ff1f18ed8837b1270ff60367 .hr-inner{\nwidth:80px;\nborder-color:#ffffff;\n}\n<\/style>\n<div  class='hr av-jtjsux4d-6841c982ff1f18ed8837b1270ff60367 hr-custom  avia-builder-el-4  el_after_av_heading  avia-builder-el-last  hr-center hr-icon-no'><span class='hr-inner inner-border-av-border-fat'><span class=\"hr-inner-style\"><\/span><\/span><\/div><\/p>\n<\/div><\/div>\n<\/div><div id='after_grid_row_1'  class='main_color av_default_container_wrap container_wrap fullsize'  ><div class='container av-section-cont-open' ><div class='template-page content  av-content-full alpha units'><div class='post-entry post-entry-type-page post-entry-4997'><div class='entry-content-wrapper clearfix'>\n\n<style type=\"text\/css\" data-created_by=\"avia_inline_auto\" id=\"style-css-av-h8h5qv-21ceb0487d4beadf78cbddd244708411\">\n.flex_column.av-h8h5qv-21ceb0487d4beadf78cbddd244708411{\nborder-radius:0px 0px 0px 0px;\npadding:0px 0px 0px 0px;\n}\n<\/style>\n<div  class='flex_column av-h8h5qv-21ceb0487d4beadf78cbddd244708411 av_one_full  avia-builder-el-5  el_after_av_layout_row  el_before_av_one_fifth  avia-builder-el-first  first flex_column_div av-zero-column-padding  '     ><section  class='av_textblock_section av-jtikaxsb-3fe6eacd028c551661bafff574e0c96a '   itemscope=\"itemscope\" itemtype=\"https:\/\/schema.org\/CreativeWork\" ><div class='avia_textblock'  itemprop=\"text\" ><p style=\"text-align: center;\"><strong>Consultori m\u00e8dic Creu Blav<\/strong>a \u00e9s un centre concertat amb companyies d\u00b4asseguran\u00e7a escolar.<\/p>\n<h2 style=\"text-align: center;\">Qu\u00e8 sabeu sobre accidents escolars?<\/h2>\n<p>Per accident escolar s&#8217;ent\u00e9n tot el que passi al cam\u00ed d&#8217;anada o tornada de l&#8217;escola, a m\u00e9s del que passi dins del lloc durant l&#8217;horari de classes. Cada instituci\u00f3 educativa ha de comptar amb una asseguran\u00e7a que respongui davant del damnificat i la seva fam\u00edlia, aix\u00ed com un servei d&#8217;emerg\u00e8ncies capa\u00e7 d&#8217;actuar i derivar l&#8217;accidentat cap al tipus d&#8217;atenci\u00f3 que requereixi.<\/p>\n<\/div><\/section><br \/>\n<section  class='av_textblock_section av-jtikaxsb-3fe6eacd028c551661bafff574e0c96a '   itemscope=\"itemscope\" itemtype=\"https:\/\/schema.org\/CreativeWork\" ><div class='avia_textblock'  itemprop=\"text\" ><p><strong>Consultori m\u00e8dic Creu Blava<\/strong> fa m\u00e9s de 20 anys que ofereix un servei especialitzat en accidents escolars. Disposem d&#8217;un equip m\u00e8dic amb una \u00e0mplia experi\u00e8ncia en el tractament de les urg\u00e8ncies esmentades. Les nostres instal\u00b7lacions han funcionat sempre al m\u00e0xim nivell garantint una m\u00e0xima rapidesa i agilitat a l&#8217;atenci\u00f3 m\u00e8dica. Realitzem un seguiment exhaustiu mitjan\u00e7ant controls peri\u00f2dics de totes les lesions que tractem fins a la recuperaci\u00f3 total. El nostre centre est\u00e0 especialitzat a atendre accidents escolars. No perdeu el temps fent cues. Solucionar r\u00e0pidament el vostre problema \u00e9s el m\u00e9s important per a nosaltres.<\/p>\n<\/div><\/section><\/p><\/div>\n\n<style type=\"text\/css\" data-created_by=\"avia_inline_auto\" id=\"style-css-av-5f4nur-8176f33aa77e4999f76fe5e4644547fb\">\n.flex_column.av-5f4nur-8176f33aa77e4999f76fe5e4644547fb{\nborder-radius:0px 0px 0px 0px;\npadding:0px 0px 0px 0px;\n}\n<\/style>\n<div  class='flex_column av-5f4nur-8176f33aa77e4999f76fe5e4644547fb av_one_fifth  avia-builder-el-8  el_after_av_one_full  el_before_av_three_fifth  first flex_column_div av-zero-column-padding  column-top-margin'     ><\/div>\n\n<style type=\"text\/css\" data-created_by=\"avia_inline_auto\" id=\"style-css-av-3rhvwj-64a256bddc39446fb413074fcb224179\">\n.flex_column.av-3rhvwj-64a256bddc39446fb413074fcb224179{\nborder-radius:0px 0px 0px 0px;\npadding:0px 0px 0px 0px;\n}\n<\/style>\n<div  class='flex_column av-3rhvwj-64a256bddc39446fb413074fcb224179 av_three_fifth  avia-builder-el-9  el_after_av_one_fifth  el_before_av_one_fifth  flex_column_div av-zero-column-padding  column-top-margin'     ><div id='av-masonry-1' class='av-masonry av-jtobpkd4-326ee96292265b58bc0396daa951442d noHover av-flex-size av-large-gap av-hover-overlay- av-masonry-animation-active av-masonry-col-4 av-caption-always av-caption-style- av-masonry-gallery ' data-post_id=\"4997\"><div class=\"av-masonry-container isotope av-js-disabled\"><div class='av-masonry-entry isotope-item av-masonry-item-no-image '><\/div><div id='av-masonry-1-item-4726' data-av-masonry-item='4726' class='av-masonry-entry isotope-item post-4726 attachment type-attachment status-inherit hentry  av-masonry-item-with-image'    itemprop=\"thumbnailUrl\" ><div class='av-inner-masonry-sizer'><\/div><figure class='av-inner-masonry main_color'><div class=\"av-masonry-outerimage-container\"><div class='av-masonry-image-container'  ><img decoding=\"async\" width=\"705\" height=\"235\" fetchpriority=\"high\" class=\"wp-image-4726 avia-img-lazy-loading-not-4726\"  src=\"https:\/\/creublava.com\/wp-content\/uploads\/2019\/03\/fiatc-1-705x235.png\" title=\"\" alt=\"\" srcset=\"https:\/\/creublava.com\/wp-content\/uploads\/2019\/03\/fiatc-1-705x235.png 705w, https:\/\/creublava.com\/wp-content\/uploads\/2019\/03\/fiatc-1-300x100.png 300w, https:\/\/creublava.com\/wp-content\/uploads\/2019\/03\/fiatc-1-768x256.png 768w, https:\/\/creublava.com\/wp-content\/uploads\/2019\/03\/fiatc-1-1030x343.png 1030w, https:\/\/creublava.com\/wp-content\/uploads\/2019\/03\/fiatc-1-450x150.png 450w, https:\/\/creublava.com\/wp-content\/uploads\/2019\/03\/fiatc-1.png 1417w\" sizes=\"(max-width: 705px) 100vw, 705px\" \/><\/div><\/div><figcaption class='av-inner-masonry-content site-background'><div class='av-inner-masonry-content-pos'><div class='av-inner-masonry-content-pos-content'><div class='avia-arrow'><\/div><h3 class='av-masonry-entry-title entry-title '  itemprop=\"headline\" ><\/h3><\/div><\/div><\/figcaption><\/figure><\/div><!--end av-masonry entry--><\/div><\/div><\/div>\n\n<style type=\"text\/css\" data-created_by=\"avia_inline_auto\" id=\"style-css-av-34l4jn-01b11060595fd51f5183d8f9f280ca49\">\n.flex_column.av-34l4jn-01b11060595fd51f5183d8f9f280ca49{\nborder-radius:0px 0px 0px 0px;\npadding:0px 0px 0px 0px;\n}\n<\/style>\n<div  class='flex_column av-34l4jn-01b11060595fd51f5183d8f9f280ca49 av_one_fifth  avia-builder-el-11  el_after_av_three_fifth  avia-builder-el-last  flex_column_div av-zero-column-padding  column-top-margin'     ><\/div>\n","protected":false},"excerpt":{"rendered":"","protected":false},"author":1,"featured_media":0,"parent":0,"menu_order":0,"comment_status":"closed","ping_status":"closed","template":"","meta":{"footnotes":""},"class_list":["post-4997","page","type-page","status-publish","hentry"],"yoast_head":"<!-- This site is optimized with the Yoast SEO plugin v27.4 - https:\/\/yoast.com\/product\/yoast-seo-wordpress\/ -->\n<title>M\u00fatues Escolars - Creu Blava<\/title>\n<meta name=\"robots\" content=\"index, follow, max-snippet:-1, max-image-preview:large, max-video-preview:-1\" \/>\n<link rel=\"canonical\" href=\"https:\/\/creublava.com\/ca\/mutues-escolars\/\" \/>\n<meta property=\"og:locale\" content=\"ca_ES\" \/>\n<meta property=\"og:type\" content=\"article\" \/>\n<meta property=\"og:title\" content=\"M\u00fatues Escolars - Creu Blava\" \/>\n<meta property=\"og:url\" content=\"https:\/\/creublava.com\/ca\/mutues-escolars\/\" \/>\n<meta property=\"og:site_name\" content=\"Creu Blava\" \/>\n<meta property=\"article:modified_time\" content=\"2025-08-20T07:40:27+00:00\" \/>\n<meta name=\"twitter:card\" content=\"summary_large_image\" \/>\n<meta name=\"twitter:label1\" content=\"Temps estimat de lectura\" \/>\n\t<meta name=\"twitter:data1\" content=\"2 minuts\" \/>\n<script type=\"application\/ld+json\" class=\"yoast-schema-graph\">{\"@context\":\"https:\\\/\\\/schema.org\",\"@graph\":[{\"@type\":\"WebPage\",\"@id\":\"https:\\\/\\\/creublava.com\\\/ca\\\/mutues-escolars\\\/\",\"url\":\"https:\\\/\\\/creublava.com\\\/ca\\\/mutues-escolars\\\/\",\"name\":\"M\u00fatues Escolars - Creu Blava\",\"isPartOf\":{\"@id\":\"https:\\\/\\\/creublava.com\\\/ca\\\/#website\"},\"datePublished\":\"2019-03-22T10:40:06+00:00\",\"dateModified\":\"2025-08-20T07:40:27+00:00\",\"breadcrumb\":{\"@id\":\"https:\\\/\\\/creublava.com\\\/ca\\\/mutues-escolars\\\/#breadcrumb\"},\"inLanguage\":\"ca\",\"potentialAction\":[{\"@type\":\"ReadAction\",\"target\":[\"https:\\\/\\\/creublava.com\\\/ca\\\/mutues-escolars\\\/\"]}]},{\"@type\":\"BreadcrumbList\",\"@id\":\"https:\\\/\\\/creublava.com\\\/ca\\\/mutues-escolars\\\/#breadcrumb\",\"itemListElement\":[{\"@type\":\"ListItem\",\"position\":1,\"name\":\"Portada\",\"item\":\"https:\\\/\\\/creublava.com\\\/ca\\\/creublava-malgrat-de-mar\\\/\"},{\"@type\":\"ListItem\",\"position\":2,\"name\":\"M\u00fatues Escolars\"}]},{\"@type\":\"WebSite\",\"@id\":\"https:\\\/\\\/creublava.com\\\/ca\\\/#website\",\"url\":\"https:\\\/\\\/creublava.com\\\/ca\\\/\",\"name\":\"Cloutions\",\"description\":\"Centro cl\u00ednico en Malgrat de Mar\",\"potentialAction\":[{\"@type\":\"SearchAction\",\"target\":{\"@type\":\"EntryPoint\",\"urlTemplate\":\"https:\\\/\\\/creublava.com\\\/ca\\\/?s={search_term_string}\"},\"query-input\":{\"@type\":\"PropertyValueSpecification\",\"valueRequired\":true,\"valueName\":\"search_term_string\"}}],\"inLanguage\":\"ca\"}]}<\/script>\n<!-- \/ Yoast SEO plugin. -->","yoast_head_json":{"title":"M\u00fatues Escolars - Creu Blava","robots":{"index":"index","follow":"follow","max-snippet":"max-snippet:-1","max-image-preview":"max-image-preview:large","max-video-preview":"max-video-preview:-1"},"canonical":"https:\/\/creublava.com\/ca\/mutues-escolars\/","og_locale":"ca_ES","og_type":"article","og_title":"M\u00fatues Escolars - Creu Blava","og_url":"https:\/\/creublava.com\/ca\/mutues-escolars\/","og_site_name":"Creu Blava","article_modified_time":"2025-08-20T07:40:27+00:00","twitter_card":"summary_large_image","twitter_misc":{"Temps estimat de lectura":"2 minuts"},"schema":{"@context":"https:\/\/schema.org","@graph":[{"@type":"WebPage","@id":"https:\/\/creublava.com\/ca\/mutues-escolars\/","url":"https:\/\/creublava.com\/ca\/mutues-escolars\/","name":"M\u00fatues Escolars - Creu Blava","isPartOf":{"@id":"https:\/\/creublava.com\/ca\/#website"},"datePublished":"2019-03-22T10:40:06+00:00","dateModified":"2025-08-20T07:40:27+00:00","breadcrumb":{"@id":"https:\/\/creublava.com\/ca\/mutues-escolars\/#breadcrumb"},"inLanguage":"ca","potentialAction":[{"@type":"ReadAction","target":["https:\/\/creublava.com\/ca\/mutues-escolars\/"]}]},{"@type":"BreadcrumbList","@id":"https:\/\/creublava.com\/ca\/mutues-escolars\/#breadcrumb","itemListElement":[{"@type":"ListItem","position":1,"name":"Portada","item":"https:\/\/creublava.com\/ca\/creublava-malgrat-de-mar\/"},{"@type":"ListItem","position":2,"name":"M\u00fatues Escolars"}]},{"@type":"WebSite","@id":"https:\/\/creublava.com\/ca\/#website","url":"https:\/\/creublava.com\/ca\/","name":"Cloutions","description":"Centro cl\u00ednico en Malgrat de Mar","potentialAction":[{"@type":"SearchAction","target":{"@type":"EntryPoint","urlTemplate":"https:\/\/creublava.com\/ca\/?s={search_term_string}"},"query-input":{"@type":"PropertyValueSpecification","valueRequired":true,"valueName":"search_term_string"}}],"inLanguage":"ca"}]}},"_links":{"self":[{"href":"https:\/\/creublava.com\/ca\/wp-json\/wp\/v2\/pages\/4997","targetHints":{"allow":["GET"]}}],"collection":[{"href":"https:\/\/creublava.com\/ca\/wp-json\/wp\/v2\/pages"}],"about":[{"href":"https:\/\/creublava.com\/ca\/wp-json\/wp\/v2\/types\/page"}],"author":[{"embeddable":true,"href":"https:\/\/creublava.com\/ca\/wp-json\/wp\/v2\/users\/1"}],"replies":[{"embeddable":true,"href":"https:\/\/creublava.com\/ca\/wp-json\/wp\/v2\/comments?post=4997"}],"version-history":[{"count":0,"href":"https:\/\/creublava.com\/ca\/wp-json\/wp\/v2\/pages\/4997\/revisions"}],"wp:attachment":[{"href":"https:\/\/creublava.com\/ca\/wp-json\/wp\/v2\/media?parent=4997"}],"curies":[{"name":"wp","href":"https:\/\/api.w.org\/{rel}","templated":true}]}}