{"id":5041,"date":"2018-10-09T07:45:37","date_gmt":"2018-10-09T07:45:37","guid":{"rendered":"https:\/\/creublava.com\/politica-de-privacidad\/"},"modified":"2018-10-09T07:45:37","modified_gmt":"2018-10-09T07:45:37","slug":"politica-de-privacidad","status":"publish","type":"page","link":"https:\/\/creublava.com\/ca\/politica-de-privacidad\/","title":{"rendered":"Pol\u00edtica de Privacidad"},"content":{"rendered":"\n<style type=\"text\/css\" data-created_by=\"avia_inline_auto\" id=\"style-css-av-3tdx-e78391e0826e3ef1673f05e9e4199965\">\n.flex_column.av-3tdx-e78391e0826e3ef1673f05e9e4199965{\nborder-radius:0px 0px 0px 0px;\npadding:0px 0px 0px 0px;\n}\n<\/style>\n<div  class='flex_column av-3tdx-e78391e0826e3ef1673f05e9e4199965 av_one_full  avia-builder-el-0  avia-builder-el-no-sibling  first flex_column_div av-zero-column-padding  '     ><section  class='av_textblock_section av-k5s6el46-0ddb16dcbb9299acc88732862143660d '   itemscope=\"itemscope\" itemtype=\"https:\/\/schema.org\/CreativeWork\" ><div class='avia_textblock'  itemprop=\"text\" ><h1 style=\"text-align: center;\"><strong>POL\u00cdTICA DE PRIVACIDAD<\/strong><\/h1>\n<p>El objetivo de esta pol\u00edtica es informar a los interesados acerca de los distintos tratamientos realizados por esta organizaci\u00f3n mediante la p\u00e1gina web y que afecten a sus datos personales de conformidad con lo establecido en el Reglamento (UE) 2016\/679 del Parlamento Europeo y del Consejo de 27 de abril de 2016 y en la Ley Org\u00e1nica 3\/2018, de 5 de diciembre, de Protecci\u00f3n de Datos Personales y garant\u00eda de los derechos digitales.<\/p>\n<ol>\n<li>\n<h3 class=\"western\"><a name=\"_Tocn0we661jqr6d\"><\/a><a name=\"_Tocy67wcokpg57g\"><\/a> IDENTIFICACI\u00d3N Y DATOS DE CONTACTO DEL RESPONSABLE<\/h3>\n<\/li>\n<\/ol>\n<p>CAL PADRI FREIXES, S.L., domiciliada en C\/ JOAN MARAGALL 4 (08380 MALGRAT DE MAR) BARCELONA, con NIF B66980152, tel\u00e9fono de contacto 937654647 y correo electr\u00f3nico<span style=\"color: #1109eb;\"><u>info@creublava.net<\/u><\/span><\/p>\n<p><u><b>DELEGADO DE PROTECCI\u00d3N DE DATOS<\/b><\/u><\/p>\n<p>SEGURIDAD Y PRIVACIDAD DE DATOS, SL, con tel\u00e9fono de contacto <a href=\"tel:+34963122868\"><span style=\"color: #0000ff;\"><u>963 122 868<\/u><\/span><\/a> y correo electr\u00f3nico <a href=\"mailto:infodpo@forlopd.es\"><span style=\"color: #0000ff;\"><u>infodpo@forlopd.es<\/u><\/span><\/a><\/p>\n<ol start=\"2\">\n<li>\n<h3 class=\"western\"><a name=\"_Tocqax8luqmqiyw\"><\/a><a name=\"_Tocu6wykb76m5jv\"><\/a> FINALIDADES DEL TRATAMIENTO DE SUS DATOS PERSONALES<\/h3>\n<\/li>\n<\/ol>\n<ul>\n<li><b>USUARIOS\/NAVEGANTES DE LA P\u00c1GINA WEB DEL RESPONSABLE<\/b><\/li>\n<\/ul>\n<p>Trataremos los datos de car\u00e1cter personal facilitados para:<\/p>\n<ul>\n<li>Atender a las solicitudes, quejas e incidencias trasladadas a trav\u00e9s de nuestros canales de contacto incorporados en la p\u00e1gina web.<\/li>\n<li>Entender el comportamiento del navegante dentro de la web con el fin de detectar posibles ataques inform\u00e1ticos a nuestra web.<\/li>\n<li>Cumplir con las obligaciones legales que nos resulten directamente aplicables y regulen nuestra actividad.<\/li>\n<li>Proteger y ejercer nuestros derechos o responder ante reclamaciones de cualquier \u00edndole.<\/li>\n<\/ul>\n<ul>\n<li>En su caso, env\u00edo de comunicaciones comerciales relativas a los bienes o servicios que conforman nuestra actividad y\/o noticias o boletines relacionados con nuestro sector. Su negativa a facilitarnos la autorizaci\u00f3n implicar\u00e1 la imposibilidad de enviarle informaci\u00f3n por parte de la entidad.<\/li>\n<\/ul>\n<ul>\n<li>En su caso, gestionar su participaci\u00f3n en concursos y promociones que realice la entidad. Su negativa a facilitarnos la autorizaci\u00f3n implicar\u00e1 la imposibilidad de participar.<\/li>\n<li>En su caso, enviar encuestas de satisfacci\u00f3n y\/o calidad. Su negativa a facilitarnos la autorizaci\u00f3n implicar\u00e1 la imposibilidad de evaluar el servicio prestado.<\/li>\n<li>Gestionar su registro en la plataforma web de la entidad y generar un usuario y contrase\u00f1a. Su negativa a facilitarnos la autorizaci\u00f3n implicar\u00e1 la imposibilidad de efectuar su registro en la plataforma.<\/li>\n<li><a name=\"_Toc8wvly2hidi1z\"><\/a> Gestionar la programaci\u00f3n de la cita solicitada. Su negativa a facilitarnos la autorizaci\u00f3n implicar\u00e1 la imposibilidad de agendar su cita.<\/li>\n<\/ul>\n<ol start=\"3\">\n<li>\n<h3 class=\"western\"><a name=\"_Toc04mjl1zi1a4o\"><\/a><a name=\"_Toc5rxqdmswyr56\"><\/a> BASE JUR\u00cdDICA DEL TRATAMIENTO<\/h3>\n<\/li>\n<\/ol>\n<ul>\n<li><b>USUARIOS\/NAVEGANTES DE LA P\u00c1GINA WEB DEL RESPONSABLE<\/b><\/li>\n<\/ul>\n<ul>\n<li>En el consentimiento que nos has prestado para tratar tus datos con las finalidades indicadas. La negativa a facilitar sus datos personales conllevara la imposibilidad de tratar sus datos con las finalidades mencionadas.<\/li>\n<li>Para cumplir con las obligaciones legales que se nos aplican. En este caso, el interesado no podr\u00e1 negarse al tratamiento de los datos personales.<\/li>\n<li>En nuestro inter\u00e9s leg\u00edtimo de proteger nuestra imagen, negocio y trayectoria evitando ataques a nuestra p\u00e1gina web. En este caso, el interesado no podr\u00e1 negarse al tratamiento de los datos personales, aunque podr\u00e1 ejercer, en su caso, los derechos reconocidos en el apartado \u00abderechos\u00bb de la presente pol\u00edtica.<\/li>\n<\/ul>\n<ol start=\"4\">\n<li>\n<h3 class=\"western\"><a name=\"_Toc3inciq1ls1pr\"><\/a><a name=\"_Tocxlh54rx9d06t\"><\/a> COMPLEMENTOS Y HERRAMIENTAS DEL SITIO WEB<\/h3>\n<\/li>\n<\/ol>\n<ul>\n<li><b>Chat bot<\/b><\/li>\n<\/ul>\n<p>La p\u00e1gina web cuenta con un canal de chat bot para comunicarte con atenci\u00f3n al cliente. Para poder iniciar la conversaci\u00f3n necesitaremos que nos otorgue previamente su consentimiento. No obstante, debe tener en cuenta que nuestro proveedor aplica su propia pol\u00edtica de privacidad, por lo que le recomendamos que revise su configuraci\u00f3n en el servicio y que lea detenidamente la pol\u00edtica de privacidad. Puede acceder a la misma haciendo clic <a href=\"https:\/\/scrads.com\/\"><span style=\"color: #0000ff;\"><u>aqu\u00ed<\/u><\/span><\/a>.<\/p>\n<ul>\n<li><b>Google reCAPTCHA<\/b><\/li>\n<\/ul>\n<p>Utilizamos el servicio Google reCAPTCHA para detectar, en base al inter\u00e9s leg\u00edtimo, si el sitio web est\u00e1 siendo utilizado por bots, con la finalidad de proteger el portal y prevenir pr\u00e1cticas abusivas y fraudulentas, como el env\u00edo de spam.<\/p>\n<p>Puede acceder a la pol\u00edtica de privacidad de nuestro proveedor haciendo clic <a href=\"https:\/\/policies.google.com\/privacy?hl=es\"><span style=\"color: #0000ff;\"><u>aqu\u00ed<\/u><\/span>\u00a0<\/a><\/p>\n<ul>\n<li><b>Youtube <\/b><\/li>\n<\/ul>\n<p>Nuestro sitio web utiliza complementos de la plataforma YouTube con tecnolog\u00eda ofrecida por Google. Youtube \u00fanicamente asociar\u00e1 su comportamiento de navegaci\u00f3n a su perfil personal si tiene iniciada la sesi\u00f3n en su cuenta. Puedes evitar esto cerrando la sesi\u00f3n.<\/p>\n<p>Le recomendamos que, de forma previa, lea detenidamente la pol\u00edtica de privacidad de nuestro proveedor haciendo clic <a href=\"https:\/\/policies.google.com\/privacy?hl=es\"><span style=\"color: #0000ff;\"><u>aqu\u00ed<\/u><\/span><\/a>.<\/p>\n<ol start=\"5\">\n<li>\n<h3 class=\"western\"><a name=\"_Tocwwpsbjnwwvpq\"><\/a><a name=\"_Toc4f2hkuz56r28\"><\/a> PLAZOS O CRITERIOS DE CONSERVACI\u00d3N DE LOS DATOS<\/h3>\n<\/li>\n<\/ol>\n<p>Los datos personales proporcionados se conservar\u00e1n durante el tiempo necesario para cumplir con las finalidades para los que fueron recopilados inicialmente.<\/p>\n<p>Una vez que los datos dejen de ser necesarios para el tratamiento en cuesti\u00f3n, estos se mantendr\u00e1n debidamente bloqueados para, en su caso, ponerlos a disposici\u00f3n de las Administraciones y Organismos P\u00fablicas competentes, Jueces y Tribunales o el Ministerio Fiscal, durante el plazo de prescripci\u00f3n de las acciones que pudieran derivarse de la relaci\u00f3n mantenida con el cliente y\/o los plazos de conservaci\u00f3n previstos legalmente.<\/p>\n<ol start=\"6\">\n<li>\n<h3 class=\"western\"><a name=\"_Tocbckk0l721nt2\"><\/a><a name=\"_Toch6y79vd3ampg\"><\/a> DECISIONES AUTOMATIZADAS Y ELABORACI\u00d3N DE PERFILES<\/h3>\n<\/li>\n<\/ol>\n<p>La p\u00e1gina web no toma decisiones automatizadas ni elabora perfiles.<\/p>\n<ol start=\"7\">\n<li>\n<h3 class=\"western\"><a name=\"_Toc31egp8o4z4sj\"><\/a><a name=\"_Tocgcw4egnqdlxd\"><\/a> DESTINATARIOS<\/h3>\n<\/li>\n<\/ol>\n<p>Durante el periodo de duraci\u00f3n del tratamiento de sus datos personales, la organizaci\u00f3n podr\u00e1 ceder sus datos a los siguientes destinatarios:<\/p>\n<ul>\n<li>Jueces y Tribunales.<\/li>\n<li>Fuerzas y Cuerpos de Seguridad del Estado.<\/li>\n<li>Otras autoridades u organismos p\u00fablicos competentes, cuando el responsable tenga la obligaci\u00f3n legal de facilitar los datos personales.<\/li>\n<li><span style=\"color: #000000;\">En su caso, a aquellos Encargados de Tratamiento que nos brinden servicios.<\/span><\/li>\n<\/ul>\n<ol start=\"8\">\n<li>\n<h1 class=\"western\"><a name=\"_Tocos4bpxbkh728\"><\/a><a name=\"_Tocex5vxqyzcdxi\"><\/a> <span style=\"font-size: small;\">TRANSFERENCIAS INTERNACIONALES DE DATOS<\/span><\/h1>\n<\/li>\n<\/ol>\n<p><span style=\"color: #000000;\">La organizaci\u00f3n no realiza Transferencia Internacional de Datos alguna. En caso de que posteriormente fuera necesario realizar transferencias internacionales de datos, se verificar\u00e1 el grado de protecci\u00f3n del pa\u00eds de destino y se adoptar\u00e1n las garant\u00edas exigidas por la normativa.<\/span><\/p>\n<ol start=\"9\">\n<li>\n<h3 class=\"western\"><a name=\"_Tocl13c9ib0ubgk\"><\/a><a name=\"_Toc67hiwio9w59q\"><\/a> REDES SOCIALES<\/h3>\n<\/li>\n<\/ol>\n<p>Con la finalidad de hacerle part\u00edcipe de nuestra actividad, y de que pueda estar al tanto de nuestras novedades, le informamos de que <span style=\"color: #000000;\">CAL PADRI FREIXES, S.L.<\/span> <span style=\"color: #000000;\">tiene creado un perfil en las Redes Sociales. <\/span><\/p>\n<p>Todos los usuarios tienen la oportunidad de unirse a nuestras redes sociales o grupos. Sin embargo, debe tener en cuenta que, salvo que le solicitemos sus datos directamente (por ejemplo, mediante acciones de marketing, concursos, promociones, o cualquier otra forma v\u00e1lida), sus datos pertenecer\u00e1n a la Red Social correspondiente, por lo que le recomendamos que lea detenidamente sus condiciones de uso y pol\u00edticas de privacidad, as\u00ed como, se asegure de configurar sus preferencias en cuanto al tratamiento de los datos.<\/p>\n<p>A continuaci\u00f3n, detallamos el enlace a la pol\u00edtica de privacidad a las distintas Redes Sociales en las que tenemos presencia, para que pueda acceder en todo momento a las pol\u00edticas de privacidad y configurar su perfil para garantizar su privacidad:<\/p>\n<p><b>Facebook: <\/b><span style=\"color: #120af5;\"><u>https:\/\/es-es.facebook.com\/privacy\/policy\/?entry_point=facebook_page_footer<\/u><\/span><\/p>\n<p><b>Youtube<\/b>:<a href=\"https:\/\/www.youtube.com\/yt\/policyandsafety\/es\/\"><span style=\"color: #120af5;\"><u>https:\/\/www.youtube.com\/intl\/ALL_es\/howyoutubeworks\/our-commitments\/protecting-user-data\/<\/u><\/span><\/a><\/p>\n<p><b>Instagram:<\/b> <span style=\"color: #120af5;\"><u>https:\/\/privacycenter.instagram.com\/<\/u><\/span><\/p>\n<ol start=\"10\">\n<li>\n<h3 class=\"western\"><a name=\"_Tockjy2rgrvzox0\"><\/a><a name=\"_Toc5pnqj6pdfoi8\"><\/a> DERECHOS<\/h3>\n<\/li>\n<\/ol>\n<p>Los interesados podr\u00e1n solicitar m\u00e1s informaci\u00f3n acerca del tratamiento de sus datos personales as\u00ed como ejercer en cualquier momento y, de forma gratuita, los derechos de acceso, rectificaci\u00f3n y supresi\u00f3n, as\u00ed como solicitar que se limite el tratamiento de sus datos personales, oponerse al mismo, solicitar la portabilidad de estos (siempre que sea t\u00e9cnicamente posible) o retirar el consentimiento prestado y, en su caso, a no ser objeto de una decisi\u00f3n basada \u00fanicamente en un tratamiento automatizado, incluido la elaboraci\u00f3n de perfiles.<\/p>\n<p>Para ello podr\u00e1 emplear los formularios habilitados por la organizaci\u00f3n, o bien dirigir un escrito a la direcci\u00f3n postal o correo electr\u00f3nico referenciados en el encabezamiento. A los efectos oportunos, le informamos que se le podr\u00e1 solicitar su DNI o cualquier otro documento an\u00e1logo, con la finalidad de acreditar su identidad, siempre que ello no pueda realizarse por otros medios menos intrusivos.<\/p>\n<p>En caso de que sienta vulnerados sus derechos en lo concerniente a la protecci\u00f3n de sus datos personales, especialmente cuando no haya obtenido satisfacci\u00f3n en el ejercicio de sus derechos, puede presentar una reclamaci\u00f3n ante la Autoridad de Control en materia de Protecci\u00f3n de Datos competente (Agencia Espa\u00f1ola de Protecci\u00f3n de Datos), a trav\u00e9s de su sitio web <span style=\"color: #0000ff;\"><u>www.aepd.es<\/u><\/span><\/p>\n<p>En cumplimiento de lo dispuesto en el art\u00edculo 21 de la Ley 34\/2002 de servicios de la sociedad de la informaci\u00f3n y comercio electr\u00f3nico, si usted no desea recibir m\u00e1s informaci\u00f3n sobre nuestros servicios, puede darse de baja enviando un correo electr\u00f3nico a la direcci\u00f3n info@creublava.net, con asunto <i><b>\u201cBAJAS\u201d <\/b><\/i><\/p>\n<ol start=\"11\">\n<li>\n<h3 class=\"western\"><a name=\"_Tocjt5lhkgeziu8\"><\/a><a name=\"_Tocbzpy17wlizq3\"><\/a> VERACIDAD DE LOS DATOS<\/h3>\n<\/li>\n<\/ol>\n<p>El interesado garantiza que los datos aportados son verdaderos, exactos, completos y se encuentran actualizados; comprometi\u00e9ndose a informar de cualquier cambio respecto de los datos que aportara, por los canales habilitados al efecto e indicados en el punto uno de la presente pol\u00edtica. Ser\u00e1 responsable de cualquier da\u00f1o o perjuicio, tanto directo como indirecto, que pudiera ocasionar como consecuencia del incumplimiento de la presente obligaci\u00f3n.<\/p>\n<p>En el supuesto de que el usuario facilite datos de terceros, declara que cuenta con el consentimiento de los interesados y se compromete a trasladarle la informaci\u00f3n contenida en esta cl\u00e1usula, eximiendo a la organizaci\u00f3n de cualquier responsabilidad derivada por la falta de cumplimiento de la presente obligaci\u00f3n.<\/p>\n<ol start=\"12\">\n<li>\n<h3 class=\"western\"><a name=\"_Tocfucfj7jsfrsk\"><\/a><a name=\"_Toci26zmjttlnmz\"><\/a> MODIFICACIONES Y ACTUALIZACI\u00d3N<\/h3>\n<\/li>\n<\/ol>\n<p>La presente pol\u00edtica de privacidad puede verse modificada\/actualizada en funci\u00f3n de las exigencias legales establecidas o con la finalidad de adaptar dicha pol\u00edtica a las instrucciones dictadas por la Agencia Espa\u00f1ola de Protecci\u00f3n de Datos, o a consecuencia de cambios en nuestro sitio web. Por esta raz\u00f3n, aconsejamos a los usuarios que visiten peri\u00f3dicamente nuestra Pol\u00edtica de Privacidad.<\/p>\n<p>Si tiene dudas acerca de esta pol\u00edtica, puede contactar con CAL PADRI FREIXES, S.L. a trav\u00e9s de los formularios habilitados por la organizaci\u00f3n, o bien dirigir un escrito a la direcci\u00f3n postal o correo electr\u00f3nico referenciados en el encabezamiento.<\/p>\n<p align=\"right\">\u00daltima revisi\u00f3n 19 de Febrero de 2024<\/p>\n<\/div><\/section><\/div>\n","protected":false},"excerpt":{"rendered":"","protected":false},"author":1,"featured_media":0,"parent":0,"menu_order":0,"comment_status":"closed","ping_status":"closed","template":"","meta":{"footnotes":""},"class_list":["post-5041","page","type-page","status-publish","hentry"],"yoast_head":"<!-- This site is optimized with the Yoast SEO plugin v27.3 - https:\/\/yoast.com\/product\/yoast-seo-wordpress\/ -->\n<title>Pol\u00edtica de Privacidad - Creu Blava<\/title>\n<meta name=\"robots\" content=\"index, follow, max-snippet:-1, max-image-preview:large, max-video-preview:-1\" \/>\n<link rel=\"canonical\" href=\"https:\/\/creublava.com\/ca\/politica-de-privacidad\/\" \/>\n<meta property=\"og:locale\" content=\"ca_ES\" \/>\n<meta property=\"og:type\" content=\"article\" \/>\n<meta property=\"og:title\" content=\"Pol\u00edtica de Privacidad - Creu Blava\" \/>\n<meta property=\"og:url\" content=\"https:\/\/creublava.com\/ca\/politica-de-privacidad\/\" \/>\n<meta property=\"og:site_name\" content=\"Creu Blava\" \/>\n<meta name=\"twitter:card\" content=\"summary_large_image\" \/>\n<meta name=\"twitter:label1\" content=\"Temps estimat de lectura\" \/>\n\t<meta name=\"twitter:data1\" content=\"9 minuts\" \/>\n<script type=\"application\/ld+json\" class=\"yoast-schema-graph\">{\"@context\":\"https:\\\/\\\/schema.org\",\"@graph\":[{\"@type\":\"WebPage\",\"@id\":\"https:\\\/\\\/creublava.com\\\/ca\\\/politica-de-privacidad\\\/\",\"url\":\"https:\\\/\\\/creublava.com\\\/ca\\\/politica-de-privacidad\\\/\",\"name\":\"Pol\u00edtica de Privacidad - Creu Blava\",\"isPartOf\":{\"@id\":\"https:\\\/\\\/creublava.com\\\/ca\\\/#website\"},\"datePublished\":\"2018-10-09T07:45:37+00:00\",\"breadcrumb\":{\"@id\":\"https:\\\/\\\/creublava.com\\\/ca\\\/politica-de-privacidad\\\/#breadcrumb\"},\"inLanguage\":\"ca\",\"potentialAction\":[{\"@type\":\"ReadAction\",\"target\":[\"https:\\\/\\\/creublava.com\\\/ca\\\/politica-de-privacidad\\\/\"]}]},{\"@type\":\"BreadcrumbList\",\"@id\":\"https:\\\/\\\/creublava.com\\\/ca\\\/politica-de-privacidad\\\/#breadcrumb\",\"itemListElement\":[{\"@type\":\"ListItem\",\"position\":1,\"name\":\"Portada\",\"item\":\"https:\\\/\\\/creublava.com\\\/ca\\\/creublava-malgrat-de-mar\\\/\"},{\"@type\":\"ListItem\",\"position\":2,\"name\":\"Pol\u00edtica de Privacidad\"}]},{\"@type\":\"WebSite\",\"@id\":\"https:\\\/\\\/creublava.com\\\/ca\\\/#website\",\"url\":\"https:\\\/\\\/creublava.com\\\/ca\\\/\",\"name\":\"Cloutions\",\"description\":\"Centro cl\u00ednico en Malgrat de Mar\",\"potentialAction\":[{\"@type\":\"SearchAction\",\"target\":{\"@type\":\"EntryPoint\",\"urlTemplate\":\"https:\\\/\\\/creublava.com\\\/ca\\\/?s={search_term_string}\"},\"query-input\":{\"@type\":\"PropertyValueSpecification\",\"valueRequired\":true,\"valueName\":\"search_term_string\"}}],\"inLanguage\":\"ca\"}]}<\/script>\n<!-- \/ Yoast SEO plugin. -->","yoast_head_json":{"title":"Pol\u00edtica de Privacidad - Creu Blava","robots":{"index":"index","follow":"follow","max-snippet":"max-snippet:-1","max-image-preview":"max-image-preview:large","max-video-preview":"max-video-preview:-1"},"canonical":"https:\/\/creublava.com\/ca\/politica-de-privacidad\/","og_locale":"ca_ES","og_type":"article","og_title":"Pol\u00edtica de Privacidad - Creu Blava","og_url":"https:\/\/creublava.com\/ca\/politica-de-privacidad\/","og_site_name":"Creu Blava","twitter_card":"summary_large_image","twitter_misc":{"Temps estimat de lectura":"9 minuts"},"schema":{"@context":"https:\/\/schema.org","@graph":[{"@type":"WebPage","@id":"https:\/\/creublava.com\/ca\/politica-de-privacidad\/","url":"https:\/\/creublava.com\/ca\/politica-de-privacidad\/","name":"Pol\u00edtica de Privacidad - Creu Blava","isPartOf":{"@id":"https:\/\/creublava.com\/ca\/#website"},"datePublished":"2018-10-09T07:45:37+00:00","breadcrumb":{"@id":"https:\/\/creublava.com\/ca\/politica-de-privacidad\/#breadcrumb"},"inLanguage":"ca","potentialAction":[{"@type":"ReadAction","target":["https:\/\/creublava.com\/ca\/politica-de-privacidad\/"]}]},{"@type":"BreadcrumbList","@id":"https:\/\/creublava.com\/ca\/politica-de-privacidad\/#breadcrumb","itemListElement":[{"@type":"ListItem","position":1,"name":"Portada","item":"https:\/\/creublava.com\/ca\/creublava-malgrat-de-mar\/"},{"@type":"ListItem","position":2,"name":"Pol\u00edtica de Privacidad"}]},{"@type":"WebSite","@id":"https:\/\/creublava.com\/ca\/#website","url":"https:\/\/creublava.com\/ca\/","name":"Cloutions","description":"Centro cl\u00ednico en Malgrat de Mar","potentialAction":[{"@type":"SearchAction","target":{"@type":"EntryPoint","urlTemplate":"https:\/\/creublava.com\/ca\/?s={search_term_string}"},"query-input":{"@type":"PropertyValueSpecification","valueRequired":true,"valueName":"search_term_string"}}],"inLanguage":"ca"}]}},"_links":{"self":[{"href":"https:\/\/creublava.com\/ca\/wp-json\/wp\/v2\/pages\/5041","targetHints":{"allow":["GET"]}}],"collection":[{"href":"https:\/\/creublava.com\/ca\/wp-json\/wp\/v2\/pages"}],"about":[{"href":"https:\/\/creublava.com\/ca\/wp-json\/wp\/v2\/types\/page"}],"author":[{"embeddable":true,"href":"https:\/\/creublava.com\/ca\/wp-json\/wp\/v2\/users\/1"}],"replies":[{"embeddable":true,"href":"https:\/\/creublava.com\/ca\/wp-json\/wp\/v2\/comments?post=5041"}],"version-history":[{"count":0,"href":"https:\/\/creublava.com\/ca\/wp-json\/wp\/v2\/pages\/5041\/revisions"}],"wp:attachment":[{"href":"https:\/\/creublava.com\/ca\/wp-json\/wp\/v2\/media?parent=5041"}],"curies":[{"name":"wp","href":"https:\/\/api.w.org\/{rel}","templated":true}]}}