{"id":5049,"date":"2021-06-10T11:07:35","date_gmt":"2021-06-10T11:07:35","guid":{"rendered":"https:\/\/creublava.com\/reservar-cita\/"},"modified":"2025-03-18T12:48:00","modified_gmt":"2025-03-18T12:48:00","slug":"reservar-cita","status":"publish","type":"page","link":"https:\/\/creublava.com\/ca\/reservar-cita\/","title":{"rendered":"Reservar cita"},"content":{"rendered":"<div id='av-layout-grid-1'  class='av-layout-grid-container av-w47no-4de2a8bef53f2c056e1d74c66e305012 entry-content-wrapper main_color av-flex-cells  avia-builder-el-0  avia-builder-el-no-sibling   container_wrap fullsize'  >\n\n<style type=\"text\/css\" data-created_by=\"avia_inline_auto\" id=\"style-css-av-7nq590-c336b6544b1b2f4c03bd128a25c967be\">\n.flex_cell.av-7nq590-c336b6544b1b2f4c03bd128a25c967be{\nvertical-align:middle;\nheight:500px;\nmin-height:500px;\nbackground:url(https:\/\/creublava.com\/wp-content\/uploads\/2016\/02\/medical-team-1-845x684.jpg) 50% 50% no-repeat scroll #22689e;\n}\n.responsive #top #wrap_all .flex_cell.av-7nq590-c336b6544b1b2f4c03bd128a25c967be{\npadding:0px 0px 0px 0px !important;\n}\n<\/style>\n<div class='flex_cell av-7nq590-c336b6544b1b2f4c03bd128a25c967be av-gridrow-cell av_one_half no_margin  avia-builder-el-1  el_before_av_cell_one_half  avia-builder-el-first  content-align-middle av-zero-padding avia-full-stretch'  ><div class='flex_cell_inner'><\/div><\/div>\n<style type=\"text\/css\" data-created_by=\"avia_inline_auto\" id=\"style-css-av-5gyxck-b9bc20073e8e11caab51f387dcdc656a\">\n.flex_cell.av-5gyxck-b9bc20073e8e11caab51f387dcdc656a{\nvertical-align:middle;\nheight:500px;\nmin-height:500px;\nbackground-color:#22689e;\n}\n.responsive #top #wrap_all .flex_cell.av-5gyxck-b9bc20073e8e11caab51f387dcdc656a{\npadding:80px 80px 80px 80px !important;\n}\n<\/style>\n<div class='flex_cell av-5gyxck-b9bc20073e8e11caab51f387dcdc656a av-gridrow-cell av_one_half no_margin  avia-builder-el-2  el_after_av_cell_one_half  avia-builder-el-last  content-align-middle'  ><div class='flex_cell_inner'><p>\n<style type=\"text\/css\" data-created_by=\"avia_inline_auto\" id=\"style-css-av-1s6dw-35d2800ab162af7bc1fdd0e3df141d25\">\n#top .av-special-heading.av-1s6dw-35d2800ab162af7bc1fdd0e3df141d25{\npadding-bottom:25px;\ncolor:#ffffff;\nfont-size:34px;\n}\nbody .av-special-heading.av-1s6dw-35d2800ab162af7bc1fdd0e3df141d25 .av-special-heading-tag .heading-char{\nfont-size:25px;\n}\n#top #wrap_all .av-special-heading.av-1s6dw-35d2800ab162af7bc1fdd0e3df141d25 .av-special-heading-tag{\nfont-size:34px;\n}\n.av-special-heading.av-1s6dw-35d2800ab162af7bc1fdd0e3df141d25 .special-heading-inner-border{\nborder-color:#ffffff;\n}\n.av-special-heading.av-1s6dw-35d2800ab162af7bc1fdd0e3df141d25 .av-subheading{\nfont-size:15px;\n}\n\n@media only screen and (min-width: 480px) and (max-width: 767px){ \n#top #wrap_all .av-special-heading.av-1s6dw-35d2800ab162af7bc1fdd0e3df141d25 .av-special-heading-tag{\nfont-size:0.8em;\n}\n}\n\n@media only screen and (max-width: 479px){ \n#top #wrap_all .av-special-heading.av-1s6dw-35d2800ab162af7bc1fdd0e3df141d25 .av-special-heading-tag{\nfont-size:0.8em;\n}\n}\n<\/style>\n<div  class='av-special-heading av-1s6dw-35d2800ab162af7bc1fdd0e3df141d25 av-special-heading-h3 custom-color-heading blockquote modern-quote  avia-builder-el-3  el_before_av_textblock  avia-builder-el-first  av-inherit-size'><div class='av_custom_color av-subheading av-subheading_above'><p>Reservar cita<\/p>\n<\/div><h3 class='av-special-heading-tag '  itemprop=\"headline\"  >Com reservo una cita?<\/h3><div class=\"special-heading-border\"><div class=\"special-heading-inner-border\"><\/div><\/div><\/div><br \/>\n\n<style type=\"text\/css\" data-created_by=\"avia_inline_auto\" id=\"style-css-av-2r14c4-feafb5c7d992336cb9573e9bcfac1f6f\">\n#top .av_textblock_section.av-2r14c4-feafb5c7d992336cb9573e9bcfac1f6f .avia_textblock{\ncolor:#ffffff;\n}\n<\/style>\n<section  class='av_textblock_section av-2r14c4-feafb5c7d992336cb9573e9bcfac1f6f '   itemscope=\"itemscope\" itemtype=\"https:\/\/schema.org\/CreativeWork\" ><div class='avia_textblock av_inherit_color'  itemprop=\"text\" ><ol>\n<li>Si \u00e9s la <strong>primera vegada que reserves<\/strong> online fes clic al bot\u00f3 &#8220;<strong>Crear compte<\/strong>&#8221; i segueix els passos, si no, salta al pas 3.<\/li>\n<li>En acabar el proc\u00e9s de registre s&#8217;enviar\u00e0 un <strong>codi d&#8217;activaci\u00f3 al m\u00f2bil<\/strong>, aix\u00ed que l&#8217;has de tenir a m\u00e0.<\/li>\n<li>Entrem al sistema de reserves <strong>introduint el nostre correu electr\u00f2nic i contrasenya.<\/strong><\/li>\n<li>Un cop dins veurem les nostres <strong>cites pendents<\/strong>, si \u00e9s que les tenim.<\/li>\n<li>Per reservar cita farem clic al bot\u00f3<strong> &#8216;Nova cita&#8217;<\/strong>.<\/li>\n<li>Triarem pas per pas <strong>l&#8217;especialitat, el doctor, el dia il\u00b4hora<\/strong>.<\/li>\n<li>Un cop acceptem, <strong>la cita s&#8217;integrar\u00e0 de forma autom\u00e0tica a la nostra agenda.<\/strong><\/li>\n<\/ol>\n<\/div><\/section><br \/>\n\n<style type=\"text\/css\" data-created_by=\"avia_inline_auto\" id=\"style-css-av-kpqt1s2h-9bf73236d63e6390e497e1ef54fdc257\">\n#top .hr.av-kpqt1s2h-9bf73236d63e6390e497e1ef54fdc257{\nmargin-top:30px;\nmargin-bottom:30px;\n}\n.hr.av-kpqt1s2h-9bf73236d63e6390e497e1ef54fdc257 .hr-inner{\nwidth:50px;\nborder-color:#ffffff;\nmax-width:45%;\n}\n.hr.av-kpqt1s2h-9bf73236d63e6390e497e1ef54fdc257 .av-seperator-icon{\ncolor:#ffffff;\n}\n.hr.av-kpqt1s2h-9bf73236d63e6390e497e1ef54fdc257 .av-seperator-icon.avia-svg-icon svg:first-child{\nfill:#ffffff;\nstroke:#ffffff;\n}\n<\/style>\n<div  class='hr av-kpqt1s2h-9bf73236d63e6390e497e1ef54fdc257 hr-custom  avia-builder-el-5  el_after_av_textblock  el_before_av_one_half  hr-center hr-icon-yes'><span class='hr-inner inner-border-av-border-thin'><span class=\"hr-inner-style\"><\/span><\/span><span class='av-seperator-icon avia-iconfont avia-font-medical' data-av_icon='\uf111' data-av_iconfont='medical' ><\/span><span class='hr-inner inner-border-av-border-thin'><span class=\"hr-inner-style\"><\/span><\/span><\/div><br \/>\n<div  class='flex_column av-2isp1g-704d506c48bb9b8fbe7be42bde398ccc av_one_half  avia-builder-el-6  el_after_av_hr  el_before_av_one_half  first flex_column_div  '     ><div  class='avia-button-wrap av-lu5ojwtd-79d8acab43d86828b34601f113d48d80-wrap avia-button-center  avia-builder-el-7  avia-builder-el-no-sibling '><a href='https:\/\/citaweb.cloudgesmed.com\/?centre=creublava_a1'  class='avia-button av-lu5ojwtd-79d8acab43d86828b34601f113d48d80 av-link-btn avia-icon_select-no avia-size-medium avia-position-center avia-color-black'  target=\"_blank\"  rel=\"noopener noreferrer\"  aria-label=\"Reservar cita en Arenys de Mar\"><span class='avia_iconbox_title' >Reservar cita en Arenys de Mar<\/span><\/a><\/div><\/div><div  class='flex_column av-ebkdw-0f1b988266e8c2fa1b47292d99ad08c1 av_one_half  avia-builder-el-8  el_after_av_one_half  avia-builder-el-last  flex_column_div  '     ><div  class='avia-button-wrap av-lu5olcfz-2e2124dc63d2dc0e67b0ed3949f693a6-wrap avia-button-center  avia-builder-el-9  avia-builder-el-no-sibling '><a href='https:\/\/citaweb.cloudgesmed.com\/?centre=creublava_m'  class='avia-button av-lu5olcfz-2e2124dc63d2dc0e67b0ed3949f693a6 av-link-btn avia-icon_select-no avia-size-medium avia-position-center avia-color-black'  target=\"_blank\"  rel=\"noopener noreferrer\"  aria-label=\"Reservar cita en Malgrat de Mar\"><span class='avia_iconbox_title' >Reservar cita en Malgrat de Mar<\/span><\/a><\/div><\/div><\/p>\n<\/div><\/div><\/div>\n","protected":false},"excerpt":{"rendered":"","protected":false},"author":1,"featured_media":0,"parent":0,"menu_order":0,"comment_status":"closed","ping_status":"closed","template":"","meta":{"footnotes":""},"class_list":["post-5049","page","type-page","status-publish","hentry"],"yoast_head":"<!-- This site is optimized with the Yoast SEO plugin v27.3 - https:\/\/yoast.com\/product\/yoast-seo-wordpress\/ -->\n<title>Reservar cita - Creu Blava<\/title>\n<meta name=\"robots\" content=\"index, follow, max-snippet:-1, max-image-preview:large, max-video-preview:-1\" \/>\n<link rel=\"canonical\" href=\"https:\/\/creublava.com\/ca\/reservar-cita\/\" \/>\n<meta property=\"og:locale\" content=\"ca_ES\" \/>\n<meta property=\"og:type\" content=\"article\" \/>\n<meta property=\"og:title\" content=\"Reservar cita - Creu Blava\" \/>\n<meta property=\"og:url\" content=\"https:\/\/creublava.com\/ca\/reservar-cita\/\" \/>\n<meta property=\"og:site_name\" content=\"Creu Blava\" \/>\n<meta property=\"article:modified_time\" content=\"2025-03-18T12:48:00+00:00\" \/>\n<meta name=\"twitter:card\" content=\"summary_large_image\" \/>\n<meta name=\"twitter:label1\" content=\"Temps estimat de lectura\" \/>\n\t<meta name=\"twitter:data1\" content=\"1 minut\" \/>\n<script type=\"application\/ld+json\" class=\"yoast-schema-graph\">{\"@context\":\"https:\\\/\\\/schema.org\",\"@graph\":[{\"@type\":\"WebPage\",\"@id\":\"https:\\\/\\\/creublava.com\\\/ca\\\/reservar-cita\\\/\",\"url\":\"https:\\\/\\\/creublava.com\\\/ca\\\/reservar-cita\\\/\",\"name\":\"Reservar cita - Creu Blava\",\"isPartOf\":{\"@id\":\"https:\\\/\\\/creublava.com\\\/ca\\\/#website\"},\"datePublished\":\"2021-06-10T11:07:35+00:00\",\"dateModified\":\"2025-03-18T12:48:00+00:00\",\"breadcrumb\":{\"@id\":\"https:\\\/\\\/creublava.com\\\/ca\\\/reservar-cita\\\/#breadcrumb\"},\"inLanguage\":\"ca\",\"potentialAction\":[{\"@type\":\"ReadAction\",\"target\":[\"https:\\\/\\\/creublava.com\\\/ca\\\/reservar-cita\\\/\"]}]},{\"@type\":\"BreadcrumbList\",\"@id\":\"https:\\\/\\\/creublava.com\\\/ca\\\/reservar-cita\\\/#breadcrumb\",\"itemListElement\":[{\"@type\":\"ListItem\",\"position\":1,\"name\":\"Portada\",\"item\":\"https:\\\/\\\/creublava.com\\\/ca\\\/creublava-malgrat-de-mar\\\/\"},{\"@type\":\"ListItem\",\"position\":2,\"name\":\"Reservar cita\"}]},{\"@type\":\"WebSite\",\"@id\":\"https:\\\/\\\/creublava.com\\\/ca\\\/#website\",\"url\":\"https:\\\/\\\/creublava.com\\\/ca\\\/\",\"name\":\"Cloutions\",\"description\":\"Centro cl\u00ednico en Malgrat de Mar\",\"potentialAction\":[{\"@type\":\"SearchAction\",\"target\":{\"@type\":\"EntryPoint\",\"urlTemplate\":\"https:\\\/\\\/creublava.com\\\/ca\\\/?s={search_term_string}\"},\"query-input\":{\"@type\":\"PropertyValueSpecification\",\"valueRequired\":true,\"valueName\":\"search_term_string\"}}],\"inLanguage\":\"ca\"}]}<\/script>\n<!-- \/ Yoast SEO plugin. -->","yoast_head_json":{"title":"Reservar cita - Creu Blava","robots":{"index":"index","follow":"follow","max-snippet":"max-snippet:-1","max-image-preview":"max-image-preview:large","max-video-preview":"max-video-preview:-1"},"canonical":"https:\/\/creublava.com\/ca\/reservar-cita\/","og_locale":"ca_ES","og_type":"article","og_title":"Reservar cita - Creu Blava","og_url":"https:\/\/creublava.com\/ca\/reservar-cita\/","og_site_name":"Creu Blava","article_modified_time":"2025-03-18T12:48:00+00:00","twitter_card":"summary_large_image","twitter_misc":{"Temps estimat de lectura":"1 minut"},"schema":{"@context":"https:\/\/schema.org","@graph":[{"@type":"WebPage","@id":"https:\/\/creublava.com\/ca\/reservar-cita\/","url":"https:\/\/creublava.com\/ca\/reservar-cita\/","name":"Reservar cita - Creu Blava","isPartOf":{"@id":"https:\/\/creublava.com\/ca\/#website"},"datePublished":"2021-06-10T11:07:35+00:00","dateModified":"2025-03-18T12:48:00+00:00","breadcrumb":{"@id":"https:\/\/creublava.com\/ca\/reservar-cita\/#breadcrumb"},"inLanguage":"ca","potentialAction":[{"@type":"ReadAction","target":["https:\/\/creublava.com\/ca\/reservar-cita\/"]}]},{"@type":"BreadcrumbList","@id":"https:\/\/creublava.com\/ca\/reservar-cita\/#breadcrumb","itemListElement":[{"@type":"ListItem","position":1,"name":"Portada","item":"https:\/\/creublava.com\/ca\/creublava-malgrat-de-mar\/"},{"@type":"ListItem","position":2,"name":"Reservar cita"}]},{"@type":"WebSite","@id":"https:\/\/creublava.com\/ca\/#website","url":"https:\/\/creublava.com\/ca\/","name":"Cloutions","description":"Centro cl\u00ednico en Malgrat de Mar","potentialAction":[{"@type":"SearchAction","target":{"@type":"EntryPoint","urlTemplate":"https:\/\/creublava.com\/ca\/?s={search_term_string}"},"query-input":{"@type":"PropertyValueSpecification","valueRequired":true,"valueName":"search_term_string"}}],"inLanguage":"ca"}]}},"_links":{"self":[{"href":"https:\/\/creublava.com\/ca\/wp-json\/wp\/v2\/pages\/5049","targetHints":{"allow":["GET"]}}],"collection":[{"href":"https:\/\/creublava.com\/ca\/wp-json\/wp\/v2\/pages"}],"about":[{"href":"https:\/\/creublava.com\/ca\/wp-json\/wp\/v2\/types\/page"}],"author":[{"embeddable":true,"href":"https:\/\/creublava.com\/ca\/wp-json\/wp\/v2\/users\/1"}],"replies":[{"embeddable":true,"href":"https:\/\/creublava.com\/ca\/wp-json\/wp\/v2\/comments?post=5049"}],"version-history":[{"count":0,"href":"https:\/\/creublava.com\/ca\/wp-json\/wp\/v2\/pages\/5049\/revisions"}],"wp:attachment":[{"href":"https:\/\/creublava.com\/ca\/wp-json\/wp\/v2\/media?parent=5049"}],"curies":[{"name":"wp","href":"https:\/\/api.w.org\/{rel}","templated":true}]}}