{"id":5053,"date":"2016-07-15T14:19:28","date_gmt":"2016-07-15T14:19:28","guid":{"rendered":"https:\/\/creublava.com\/servicios-a-domicilio\/"},"modified":"2024-06-19T10:33:12","modified_gmt":"2024-06-19T10:33:12","slug":"serveis-a-domicili","status":"publish","type":"page","link":"https:\/\/creublava.com\/ca\/serveis-a-domicili\/","title":{"rendered":"Serveis a domicili"},"content":{"rendered":"<div id='av-layout-grid-1'  class='av-layout-grid-container av-9to24o-fa511a95ae5732a708c3c995e8b9c151 entry-content-wrapper main_color av-flex-cells  avia-builder-el-0  el_before_av_section  avia-builder-el-first   container_wrap fullsize'  >\n\n<style type=\"text\/css\" data-created_by=\"avia_inline_auto\" id=\"style-css-av-9qpu20-9a4378e3d92f4731fc90bae07e447a0c\">\n.flex_cell.av-9qpu20-9a4378e3d92f4731fc90bae07e447a0c{\nvertical-align:middle;\nheight:500px;\nmin-height:500px;\nbackground:url(https:\/\/creublava.com\/wp-content\/uploads\/2016\/02\/doc-1.jpg) 0% 0% no-repeat scroll #0174c5;\n}\n.responsive #top #wrap_all .flex_cell.av-9qpu20-9a4378e3d92f4731fc90bae07e447a0c{\npadding:0px 0px 0px 0px !important;\n}\n<\/style>\n<div class='flex_cell av-9qpu20-9a4378e3d92f4731fc90bae07e447a0c av-gridrow-cell av_one_half no_margin  avia-builder-el-1  el_before_av_cell_one_half  avia-builder-el-first  content-align-middle av-zero-padding avia-full-stretch'  ><div class='flex_cell_inner'><\/div><\/div>\n<style type=\"text\/css\" data-created_by=\"avia_inline_auto\" id=\"style-css-av-ygtps-4bc5bcc114878864214db9f7f5799384\">\n.flex_cell.av-ygtps-4bc5bcc114878864214db9f7f5799384{\nvertical-align:middle;\nheight:500px;\nmin-height:500px;\nbackground-color:#0174c5;\n}\n.responsive #top #wrap_all .flex_cell.av-ygtps-4bc5bcc114878864214db9f7f5799384{\npadding:80px 80px 80px 80px !important;\n}\n<\/style>\n<div class='flex_cell av-ygtps-4bc5bcc114878864214db9f7f5799384 av-gridrow-cell av_one_half no_margin  avia-builder-el-2  el_after_av_cell_one_half  avia-builder-el-last  content-align-middle'  ><div class='flex_cell_inner'><p>\n<style type=\"text\/css\" data-created_by=\"avia_inline_auto\" id=\"style-css-av-auy1c-a267ffec2d239fe5a619b98737e42148\">\n#top .av-special-heading.av-auy1c-a267ffec2d239fe5a619b98737e42148{\npadding-bottom:25px;\ncolor:#ffffff;\nfont-size:34px;\n}\nbody .av-special-heading.av-auy1c-a267ffec2d239fe5a619b98737e42148 .av-special-heading-tag .heading-char{\nfont-size:25px;\n}\n#top #wrap_all .av-special-heading.av-auy1c-a267ffec2d239fe5a619b98737e42148 .av-special-heading-tag{\nfont-size:34px;\n}\n.av-special-heading.av-auy1c-a267ffec2d239fe5a619b98737e42148 .special-heading-inner-border{\nborder-color:#ffffff;\n}\n.av-special-heading.av-auy1c-a267ffec2d239fe5a619b98737e42148 .av-subheading{\nfont-size:15px;\n}\n\n@media only screen and (min-width: 480px) and (max-width: 767px){ \n#top #wrap_all .av-special-heading.av-auy1c-a267ffec2d239fe5a619b98737e42148 .av-special-heading-tag{\nfont-size:0.8em;\n}\n}\n\n@media only screen and (max-width: 479px){ \n#top #wrap_all .av-special-heading.av-auy1c-a267ffec2d239fe5a619b98737e42148 .av-special-heading-tag{\nfont-size:0.8em;\n}\n}\n<\/style>\n<div  class='av-special-heading av-auy1c-a267ffec2d239fe5a619b98737e42148 av-special-heading-h3 custom-color-heading blockquote modern-quote modern-centered  avia-builder-el-3  el_before_av_hr  avia-builder-el-first  av-inherit-size av-linked-heading'><h3 class='av-special-heading-tag '  itemprop=\"headline\"  >Assist\u00e8ncia a domicili<\/h3><div class=\"special-heading-border\"><div class=\"special-heading-inner-border\"><\/div><\/div><\/div><br \/>\n\n<style type=\"text\/css\" data-created_by=\"avia_inline_auto\" id=\"style-css-av-7zv3q0-035f21a12a24a4fe24d30ab88ec46a5e\">\n#top .hr.av-7zv3q0-035f21a12a24a4fe24d30ab88ec46a5e{\nmargin-top:0px;\nmargin-bottom:0px;\n}\n.hr.av-7zv3q0-035f21a12a24a4fe24d30ab88ec46a5e .hr-inner{\nwidth:50px;\nborder-color:#ffffff;\n}\n<\/style>\n<div  class='hr av-7zv3q0-035f21a12a24a4fe24d30ab88ec46a5e hr-custom  avia-builder-el-4  el_after_av_heading  avia-builder-el-last  hr-center hr-icon-no'><span class='hr-inner inner-border-av-border-fat'><span class=\"hr-inner-style\"><\/span><\/span><\/div><\/p>\n<\/div><\/div><\/div><div id='av_section_1'  class='avia-section av-917hvc-36f75d031a33432281f6c45663bcf848 main_color avia-section-small avia-no-border-styling  avia-builder-el-5  el_after_av_layout_row  avia-builder-el-last  avia-bg-style-scroll container_wrap fullsize'  ><div class='container av-section-cont-open' ><div class='template-page content  av-content-full alpha units'><div class='post-entry post-entry-type-page post-entry-5053'><div class='entry-content-wrapper clearfix'>\n\n<style type=\"text\/css\" data-created_by=\"avia_inline_auto\" id=\"style-css-av-b8nv4-2f9e077509af7bdbb61fd5a998464625\">\n.flex_column.av-b8nv4-2f9e077509af7bdbb61fd5a998464625{\nborder-radius:0px 0px 0px 0px;\npadding:0px 0px 0px 0px;\n}\n<\/style>\n<div  class='flex_column av-b8nv4-2f9e077509af7bdbb61fd5a998464625 av_one_full  avia-builder-el-6  el_before_av_hr  avia-builder-el-first  first flex_column_div av-zero-column-padding  '     ><section  class='av_textblock_section av-95xlbs-a0bc31fdfed5fe5773dcee6fcaf5be6b '   itemscope=\"itemscope\" itemtype=\"https:\/\/schema.org\/CreativeWork\" ><div class='avia_textblock'  itemprop=\"text\" ><p>Oferim els seg\u00fcents serveis realitzats per professionals de cada disciplina al domicili del pacient:<\/p>\n<ul>\n<li>Infermeria.<br \/>\nFisioter\u00e0pia i Rehabilitaci\u00f3.<\/li>\n<\/ul>\n<p>Hores concertades a concertar entre el pacient i el centre.<\/p>\n<\/div><\/section><\/div>\n<style type=\"text\/css\" data-created_by=\"avia_inline_auto\" id=\"style-css-av-7zv3q0-6b40a0f3e81ba9d83a158988fa8fe341\">\n#top .hr.hr-invisible.av-7zv3q0-6b40a0f3e81ba9d83a158988fa8fe341{\nheight:20px;\n}\n<\/style>\n<div  class='hr av-7zv3q0-6b40a0f3e81ba9d83a158988fa8fe341 hr-invisible  avia-builder-el-8  el_after_av_one_full  el_before_av_one_half '><span class='hr-inner '><span class=\"hr-inner-style\"><\/span><\/span><\/div>\n<div class='flex_column_table av-8oqnow-30a8d4fa1264d016ca84b78903e1edd7 sc-av_one_half av-equal-height-column-flextable'>\n<style type=\"text\/css\" data-created_by=\"avia_inline_auto\" id=\"style-css-av-8oqnow-30a8d4fa1264d016ca84b78903e1edd7\">\n@keyframes av_boxShadowEffect_av-8oqnow-30a8d4fa1264d016ca84b78903e1edd7-column {\n0%   { box-shadow:  0 0 0 0 #595959; opacity: 1; }\n100% { box-shadow:  0 0 10px 0 #595959; opacity: 1; }\n}\n.flex_column.av-8oqnow-30a8d4fa1264d016ca84b78903e1edd7{\nbox-shadow: 0 0 10px 0 #595959;\nborder-radius:0px 0px 0px 0px;\npadding:40px 40px 40px 40px;\n}\n<\/style>\n<div  class='flex_column av-8oqnow-30a8d4fa1264d016ca84b78903e1edd7 av_one_half  avia-builder-el-9  el_after_av_hr  el_before_av_one_half  first flex_column_table_cell av-equal-height-column av-align-top shadow-not-animated  '     ><p>\n<style type=\"text\/css\" data-created_by=\"avia_inline_auto\" id=\"style-css-av-8kljmw-10d51eb823b672e63a13d4f8dfb1f08f\">\n.av_font_icon.av-8kljmw-10d51eb823b672e63a13d4f8dfb1f08f{\ncolor:#40a8e4;\nborder-color:#40a8e4;\n}\n.avia-svg-icon.av-8kljmw-10d51eb823b672e63a13d4f8dfb1f08f svg:first-child{\nstroke:#40a8e4;\nfill:#40a8e4;\n}\n.av_font_icon.av-8kljmw-10d51eb823b672e63a13d4f8dfb1f08f .av-icon-char{\nfont-size:60px;\nline-height:60px;\n}\n<\/style>\n<span  class='av_font_icon av-8kljmw-10d51eb823b672e63a13d4f8dfb1f08f avia_animate_when_visible av-icon-style- avia-icon-pos-center avia-iconfont avia-font-medical avia-icon-animate'><span class='av-icon-char' data-av_icon='\uf122' data-av_iconfont='medical' aria-hidden=\"true\" ><\/span><\/span><br \/>\n\n<style type=\"text\/css\" data-created_by=\"avia_inline_auto\" id=\"style-css-av-8bc3s0-c13ce29acd312c08077a7d2c3f10e718\">\n#top .hr.hr-invisible.av-8bc3s0-c13ce29acd312c08077a7d2c3f10e718{\nheight:20px;\n}\n<\/style>\n<div  class='hr av-8bc3s0-c13ce29acd312c08077a7d2c3f10e718 hr-invisible  avia-builder-el-11  el_after_av_font_icon  el_before_av_image '><span class='hr-inner '><span class=\"hr-inner-style\"><\/span><\/span><\/div><br \/>\n\n<style type=\"text\/css\" data-created_by=\"avia_inline_auto\" id=\"style-css-av-ju3uy38t-91462488a52321129f08314aa744bcde\">\n.avia-image-container.av-ju3uy38t-91462488a52321129f08314aa744bcde img.avia_image{\nbox-shadow:none;\n}\n.avia-image-container.av-ju3uy38t-91462488a52321129f08314aa744bcde .av-image-caption-overlay-center{\ncolor:#ffffff;\n}\n<\/style>\n<div  class='avia-image-container av-ju3uy38t-91462488a52321129f08314aa744bcde av-styling- av-img-linked avia-align-center  avia-builder-el-12  el_after_av_hr  el_before_av_hr '   itemprop=\"image\" itemscope=\"itemscope\" itemtype=\"https:\/\/schema.org\/ImageObject\" ><div class=\"avia-image-container-inner\"><div class=\"avia-image-overlay-wrap\"><a href=\"https:\/\/creublava.com\/enfermeria\/\" class='avia_image '  ><img decoding=\"async\" fetchpriority=\"high\" class='wp-image-4795 avia-img-lazy-loading-not-4795 avia_image ' src=\"https:\/\/creublava.com\/wp-content\/uploads\/2019\/03\/Avia_infermera-1-1030x687.jpg\" alt='' title=''  height=\"687\" width=\"1030\"  itemprop=\"thumbnailUrl\" srcset=\"https:\/\/creublava.com\/wp-content\/uploads\/2019\/03\/Avia_infermera-1-1030x687.jpg 1030w, https:\/\/creublava.com\/wp-content\/uploads\/2019\/03\/Avia_infermera-1-300x200.jpg 300w, https:\/\/creublava.com\/wp-content\/uploads\/2019\/03\/Avia_infermera-1-768x512.jpg 768w, https:\/\/creublava.com\/wp-content\/uploads\/2019\/03\/Avia_infermera-1-1500x1000.jpg 1500w, https:\/\/creublava.com\/wp-content\/uploads\/2019\/03\/Avia_infermera-1-705x470.jpg 705w, https:\/\/creublava.com\/wp-content\/uploads\/2019\/03\/Avia_infermera-1-450x300.jpg 450w\" sizes=\"(max-width: 1030px) 100vw, 1030px\" \/><\/a><\/div><\/div><\/div><br \/>\n\n<style type=\"text\/css\" data-created_by=\"avia_inline_auto\" id=\"style-css-av-8bc3s0-c13ce29acd312c08077a7d2c3f10e718\">\n#top .hr.hr-invisible.av-8bc3s0-c13ce29acd312c08077a7d2c3f10e718{\nheight:20px;\n}\n<\/style>\n<div  class='hr av-8bc3s0-c13ce29acd312c08077a7d2c3f10e718 hr-invisible  avia-builder-el-13  el_after_av_image  el_before_av_textblock '><span class='hr-inner '><span class=\"hr-inner-style\"><\/span><\/span><\/div><br \/>\n<section  class='av_textblock_section av-84xl60-067a47868357a6a8a51415293cadf362 '   itemscope=\"itemscope\" itemtype=\"https:\/\/schema.org\/CreativeWork\" ><div class='avia_textblock'  itemprop=\"text\" ><h4 style=\"text-align: center;\">Infermeria<\/h4>\n<p style=\"text-align: center;\">Cura integral de l&#8217;individu al domicili per millorar la qualitat de vida d&#8217;aquelles persones que pateixen malalties cr\u00f2niques o b\u00e9 afronten de manera temporal o permanent, una limitaci\u00f3 tant de la seva capacitat per autocuidar-se com per despla\u00e7ar-se de manera aut\u00f2noma.<\/p>\n<\/div><\/section><\/p><\/div><div class='av-flex-placeholder'><\/div>\n<style type=\"text\/css\" data-created_by=\"avia_inline_auto\" id=\"style-css-av-8oqnow-fbe5ae708ca06a851db2e168a47478cf\">\n@keyframes av_boxShadowEffect_av-8oqnow-fbe5ae708ca06a851db2e168a47478cf-column {\n0%   { box-shadow:  0 0 0 0 #545454; opacity: 1; }\n100% { box-shadow:  0 0 10px 0 #545454; opacity: 1; }\n}\n.flex_column.av-8oqnow-fbe5ae708ca06a851db2e168a47478cf{\nbox-shadow: 0 0 10px 0 #545454;\nborder-radius:0px 0px 0px 0px;\npadding:40px 40px 40px 40px;\n}\n<\/style>\n<div  class='flex_column av-8oqnow-fbe5ae708ca06a851db2e168a47478cf av_one_half  avia-builder-el-15  el_after_av_one_half  avia-builder-el-last  flex_column_table_cell av-equal-height-column av-align-top shadow-not-animated  '     ><p>\n<style type=\"text\/css\" data-created_by=\"avia_inline_auto\" id=\"style-css-av-8kljmw-079196849fd522113f0662e4d5e28dde\">\n.av_font_icon.av-8kljmw-079196849fd522113f0662e4d5e28dde{\ncolor:#40a8e4;\nborder-color:#40a8e4;\n}\n.avia-svg-icon.av-8kljmw-079196849fd522113f0662e4d5e28dde svg:first-child{\nstroke:#40a8e4;\nfill:#40a8e4;\n}\n.av_font_icon.av-8kljmw-079196849fd522113f0662e4d5e28dde .av-icon-char{\nfont-size:60px;\nline-height:60px;\n}\n<\/style>\n<span  class='av_font_icon av-8kljmw-079196849fd522113f0662e4d5e28dde avia_animate_when_visible av-icon-style- avia-icon-pos-center avia-iconfont avia-font-medical avia-icon-animate'><span class='av-icon-char' data-av_icon='\uf103' data-av_iconfont='medical' aria-hidden=\"true\" ><\/span><\/span><br \/>\n\n<style type=\"text\/css\" data-created_by=\"avia_inline_auto\" id=\"style-css-av-8bc3s0-c13ce29acd312c08077a7d2c3f10e718\">\n#top .hr.hr-invisible.av-8bc3s0-c13ce29acd312c08077a7d2c3f10e718{\nheight:20px;\n}\n<\/style>\n<div  class='hr av-8bc3s0-c13ce29acd312c08077a7d2c3f10e718 hr-invisible  avia-builder-el-17  el_after_av_font_icon  el_before_av_image '><span class='hr-inner '><span class=\"hr-inner-style\"><\/span><\/span><\/div><br \/>\n\n<style type=\"text\/css\" data-created_by=\"avia_inline_auto\" id=\"style-css-av-ju3uy38t-7005401208b9ed8ded3a082cd9ead9f5\">\n.avia-image-container.av-ju3uy38t-7005401208b9ed8ded3a082cd9ead9f5 img.avia_image{\nbox-shadow:none;\n}\n.avia-image-container.av-ju3uy38t-7005401208b9ed8ded3a082cd9ead9f5 .av-image-caption-overlay-center{\ncolor:#ffffff;\n}\n<\/style>\n<div  class='avia-image-container av-ju3uy38t-7005401208b9ed8ded3a082cd9ead9f5 av-styling- av-img-linked avia-align-center  avia-builder-el-18  el_after_av_hr  el_before_av_hr '   itemprop=\"image\" itemscope=\"itemscope\" itemtype=\"https:\/\/schema.org\/ImageObject\" ><div class=\"avia-image-container-inner\"><div class=\"avia-image-overlay-wrap\"><a href=\"https:\/\/creublava.com\/fisioterapia-y-rehabilitacion\/\" class='avia_image '  ><img decoding=\"async\" fetchpriority=\"high\" class='wp-image-4789 avia-img-lazy-loading-not-4789 avia_image ' src=\"https:\/\/creublava.com\/wp-content\/uploads\/2019\/03\/IMG_3162.jpg\" alt='' title=''  height=\"428\" width=\"640\"  itemprop=\"thumbnailUrl\" srcset=\"https:\/\/creublava.com\/wp-content\/uploads\/2019\/03\/IMG_3162.jpg 640w, https:\/\/creublava.com\/wp-content\/uploads\/2019\/03\/IMG_3162-300x201.jpg 300w, https:\/\/creublava.com\/wp-content\/uploads\/2019\/03\/IMG_3162-450x301.jpg 450w\" sizes=\"(max-width: 640px) 100vw, 640px\" \/><\/a><\/div><\/div><\/div><br \/>\n\n<style type=\"text\/css\" data-created_by=\"avia_inline_auto\" id=\"style-css-av-8bc3s0-c13ce29acd312c08077a7d2c3f10e718\">\n#top .hr.hr-invisible.av-8bc3s0-c13ce29acd312c08077a7d2c3f10e718{\nheight:20px;\n}\n<\/style>\n<div  class='hr av-8bc3s0-c13ce29acd312c08077a7d2c3f10e718 hr-invisible  avia-builder-el-19  el_after_av_image  el_before_av_textblock '><span class='hr-inner '><span class=\"hr-inner-style\"><\/span><\/span><\/div><br \/>\n<section  class='av_textblock_section av-84xl60-067a47868357a6a8a51415293cadf362 '   itemscope=\"itemscope\" itemtype=\"https:\/\/schema.org\/CreativeWork\" ><div class='avia_textblock'  itemprop=\"text\" ><h4 style=\"text-align: center;\">Fisioter\u00e0pia i Rehabilitaci\u00f3<\/h4>\n<p style=\"text-align: center;\">Tractaments de Fisioter\u00e0pia i Rehabilitaci\u00f3 al domicili per a persones que pateixen una limitaci\u00f3 temporal per despla\u00e7ar-se al nostre centre.<\/p>\n<\/div><\/section><\/p><\/div><\/div><!--close column table wrapper. Autoclose: 1 --><\/p>\n","protected":false},"excerpt":{"rendered":"","protected":false},"author":1,"featured_media":0,"parent":0,"menu_order":0,"comment_status":"closed","ping_status":"closed","template":"","meta":{"footnotes":""},"class_list":["post-5053","page","type-page","status-publish","hentry"],"yoast_head":"<!-- This site is optimized with the Yoast SEO plugin v27.3 - https:\/\/yoast.com\/product\/yoast-seo-wordpress\/ -->\n<title>Serveis a domicili - Creu Blava<\/title>\n<meta name=\"robots\" content=\"index, follow, max-snippet:-1, max-image-preview:large, max-video-preview:-1\" \/>\n<link rel=\"canonical\" href=\"https:\/\/creublava.com\/ca\/serveis-a-domicili\/\" \/>\n<meta property=\"og:locale\" content=\"ca_ES\" \/>\n<meta property=\"og:type\" content=\"article\" \/>\n<meta property=\"og:title\" content=\"Serveis a domicili - Creu Blava\" \/>\n<meta property=\"og:url\" content=\"https:\/\/creublava.com\/ca\/serveis-a-domicili\/\" \/>\n<meta property=\"og:site_name\" content=\"Creu Blava\" \/>\n<meta property=\"article:modified_time\" content=\"2024-06-19T10:33:12+00:00\" \/>\n<meta name=\"twitter:card\" content=\"summary_large_image\" \/>\n<meta name=\"twitter:label1\" content=\"Temps estimat de lectura\" \/>\n\t<meta name=\"twitter:data1\" content=\"1 minut\" \/>\n<script type=\"application\/ld+json\" class=\"yoast-schema-graph\">{\"@context\":\"https:\\\/\\\/schema.org\",\"@graph\":[{\"@type\":\"WebPage\",\"@id\":\"https:\\\/\\\/creublava.com\\\/ca\\\/serveis-a-domicili\\\/\",\"url\":\"https:\\\/\\\/creublava.com\\\/ca\\\/serveis-a-domicili\\\/\",\"name\":\"Serveis a domicili - Creu Blava\",\"isPartOf\":{\"@id\":\"https:\\\/\\\/creublava.com\\\/ca\\\/#website\"},\"datePublished\":\"2016-07-15T14:19:28+00:00\",\"dateModified\":\"2024-06-19T10:33:12+00:00\",\"breadcrumb\":{\"@id\":\"https:\\\/\\\/creublava.com\\\/ca\\\/serveis-a-domicili\\\/#breadcrumb\"},\"inLanguage\":\"ca\",\"potentialAction\":[{\"@type\":\"ReadAction\",\"target\":[\"https:\\\/\\\/creublava.com\\\/ca\\\/serveis-a-domicili\\\/\"]}]},{\"@type\":\"BreadcrumbList\",\"@id\":\"https:\\\/\\\/creublava.com\\\/ca\\\/serveis-a-domicili\\\/#breadcrumb\",\"itemListElement\":[{\"@type\":\"ListItem\",\"position\":1,\"name\":\"Portada\",\"item\":\"https:\\\/\\\/creublava.com\\\/ca\\\/creublava-malgrat-de-mar\\\/\"},{\"@type\":\"ListItem\",\"position\":2,\"name\":\"Serveis a domicili\"}]},{\"@type\":\"WebSite\",\"@id\":\"https:\\\/\\\/creublava.com\\\/ca\\\/#website\",\"url\":\"https:\\\/\\\/creublava.com\\\/ca\\\/\",\"name\":\"Cloutions\",\"description\":\"Centro cl\u00ednico en Malgrat de Mar\",\"potentialAction\":[{\"@type\":\"SearchAction\",\"target\":{\"@type\":\"EntryPoint\",\"urlTemplate\":\"https:\\\/\\\/creublava.com\\\/ca\\\/?s={search_term_string}\"},\"query-input\":{\"@type\":\"PropertyValueSpecification\",\"valueRequired\":true,\"valueName\":\"search_term_string\"}}],\"inLanguage\":\"ca\"}]}<\/script>\n<!-- \/ Yoast SEO plugin. -->","yoast_head_json":{"title":"Serveis a domicili - Creu Blava","robots":{"index":"index","follow":"follow","max-snippet":"max-snippet:-1","max-image-preview":"max-image-preview:large","max-video-preview":"max-video-preview:-1"},"canonical":"https:\/\/creublava.com\/ca\/serveis-a-domicili\/","og_locale":"ca_ES","og_type":"article","og_title":"Serveis a domicili - Creu Blava","og_url":"https:\/\/creublava.com\/ca\/serveis-a-domicili\/","og_site_name":"Creu Blava","article_modified_time":"2024-06-19T10:33:12+00:00","twitter_card":"summary_large_image","twitter_misc":{"Temps estimat de lectura":"1 minut"},"schema":{"@context":"https:\/\/schema.org","@graph":[{"@type":"WebPage","@id":"https:\/\/creublava.com\/ca\/serveis-a-domicili\/","url":"https:\/\/creublava.com\/ca\/serveis-a-domicili\/","name":"Serveis a domicili - Creu Blava","isPartOf":{"@id":"https:\/\/creublava.com\/ca\/#website"},"datePublished":"2016-07-15T14:19:28+00:00","dateModified":"2024-06-19T10:33:12+00:00","breadcrumb":{"@id":"https:\/\/creublava.com\/ca\/serveis-a-domicili\/#breadcrumb"},"inLanguage":"ca","potentialAction":[{"@type":"ReadAction","target":["https:\/\/creublava.com\/ca\/serveis-a-domicili\/"]}]},{"@type":"BreadcrumbList","@id":"https:\/\/creublava.com\/ca\/serveis-a-domicili\/#breadcrumb","itemListElement":[{"@type":"ListItem","position":1,"name":"Portada","item":"https:\/\/creublava.com\/ca\/creublava-malgrat-de-mar\/"},{"@type":"ListItem","position":2,"name":"Serveis a domicili"}]},{"@type":"WebSite","@id":"https:\/\/creublava.com\/ca\/#website","url":"https:\/\/creublava.com\/ca\/","name":"Cloutions","description":"Centro cl\u00ednico en Malgrat de Mar","potentialAction":[{"@type":"SearchAction","target":{"@type":"EntryPoint","urlTemplate":"https:\/\/creublava.com\/ca\/?s={search_term_string}"},"query-input":{"@type":"PropertyValueSpecification","valueRequired":true,"valueName":"search_term_string"}}],"inLanguage":"ca"}]}},"_links":{"self":[{"href":"https:\/\/creublava.com\/ca\/wp-json\/wp\/v2\/pages\/5053","targetHints":{"allow":["GET"]}}],"collection":[{"href":"https:\/\/creublava.com\/ca\/wp-json\/wp\/v2\/pages"}],"about":[{"href":"https:\/\/creublava.com\/ca\/wp-json\/wp\/v2\/types\/page"}],"author":[{"embeddable":true,"href":"https:\/\/creublava.com\/ca\/wp-json\/wp\/v2\/users\/1"}],"replies":[{"embeddable":true,"href":"https:\/\/creublava.com\/ca\/wp-json\/wp\/v2\/comments?post=5053"}],"version-history":[{"count":0,"href":"https:\/\/creublava.com\/ca\/wp-json\/wp\/v2\/pages\/5053\/revisions"}],"wp:attachment":[{"href":"https:\/\/creublava.com\/ca\/wp-json\/wp\/v2\/media?parent=5053"}],"curies":[{"name":"wp","href":"https:\/\/api.w.org\/{rel}","templated":true}]}}