{"id":5057,"date":"2016-07-15T14:20:26","date_gmt":"2016-07-15T14:20:26","guid":{"rendered":"https:\/\/creublava.com\/terapias-complementarias\/tratamientos-para-el-trastorno-de-la-piel\/"},"modified":"2016-07-15T14:20:26","modified_gmt":"2016-07-15T14:20:26","slug":"tratamientos-para-el-trastorno-de-la-piel","status":"publish","type":"page","link":"https:\/\/creublava.com\/ca\/terapies-complementaries\/tratamientos-para-el-trastorno-de-la-piel\/","title":{"rendered":"Tratamientos para el trastorno de la piel"},"content":{"rendered":"<div id='av-layout-grid-1'  class='av-layout-grid-container av-4m8v7r-5143f055d708b9535159babfd749234e entry-content-wrapper main_color av-flex-cells  avia-builder-el-0  el_before_av_one_full  avia-builder-el-first   container_wrap fullsize'  >\n\n<style type=\"text\/css\" data-created_by=\"avia_inline_auto\" id=\"style-css-av-4dyarb-feedc6ee6a82d7e33b6a21f257eda867\">\n.flex_cell.av-4dyarb-feedc6ee6a82d7e33b6a21f257eda867{\nvertical-align:middle;\nheight:500px;\nmin-height:500px;\nbackground-color:#22689e;\n}\n.responsive #top #wrap_all .flex_cell.av-4dyarb-feedc6ee6a82d7e33b6a21f257eda867{\npadding:80px 80px 80px 80px !important;\n}\n<\/style>\n<div class='flex_cell av-4dyarb-feedc6ee6a82d7e33b6a21f257eda867 av-gridrow-cell av_one_half no_margin  avia-builder-el-1  el_before_av_cell_one_half  avia-builder-el-first  content-align-middle avia-full-stretch'  ><div class='flex_cell_inner'><p>\n<style type=\"text\/css\" data-created_by=\"avia_inline_auto\" id=\"style-css-av-av_heading-43c39e7e1d8521d64c057e4de8f5a20a\">\n#top .av-special-heading.av-av_heading-43c39e7e1d8521d64c057e4de8f5a20a{\npadding-bottom:25px;\ncolor:#ffffff;\nfont-size:34px;\n}\nbody .av-special-heading.av-av_heading-43c39e7e1d8521d64c057e4de8f5a20a .av-special-heading-tag .heading-char{\nfont-size:25px;\n}\n#top #wrap_all .av-special-heading.av-av_heading-43c39e7e1d8521d64c057e4de8f5a20a .av-special-heading-tag{\nfont-size:34px;\n}\n.av-special-heading.av-av_heading-43c39e7e1d8521d64c057e4de8f5a20a .special-heading-inner-border{\nborder-color:#ffffff;\n}\n.av-special-heading.av-av_heading-43c39e7e1d8521d64c057e4de8f5a20a .av-subheading{\nfont-size:15px;\n}\n\n@media only screen and (min-width: 480px) and (max-width: 767px){ \n#top #wrap_all .av-special-heading.av-av_heading-43c39e7e1d8521d64c057e4de8f5a20a .av-special-heading-tag{\nfont-size:0.8em;\n}\n}\n\n@media only screen and (max-width: 479px){ \n#top #wrap_all .av-special-heading.av-av_heading-43c39e7e1d8521d64c057e4de8f5a20a .av-special-heading-tag{\nfont-size:0.8em;\n}\n}\n<\/style>\n<div  class='av-special-heading av-av_heading-43c39e7e1d8521d64c057e4de8f5a20a av-special-heading-h3 custom-color-heading blockquote modern-quote  avia-builder-el-2  el_before_av_textblock  avia-builder-el-first  av-inherit-size'><h3 class='av-special-heading-tag '  itemprop=\"headline\"  >Tratamientos de la piel con el m\u00e9todo The Natural One<\/h3><div class=\"special-heading-border\"><div class=\"special-heading-inner-border\"><\/div><\/div><\/div><br \/>\n\n<style type=\"text\/css\" data-created_by=\"avia_inline_auto\" id=\"style-css-av-43frfz-c9ceb0a49ea948fe0e3052de67031679\">\n#top .av_textblock_section.av-43frfz-c9ceb0a49ea948fe0e3052de67031679 .avia_textblock{\ncolor:#ffffff;\n}\n<\/style>\n<section  class='av_textblock_section av-43frfz-c9ceb0a49ea948fe0e3052de67031679 '   itemscope=\"itemscope\" itemtype=\"https:\/\/schema.org\/CreativeWork\" ><div class='avia_textblock av_inherit_color'  itemprop=\"text\" ><p>Nunca es demasiado tarde para cuidar tu piel; conocerla es fundamental para poder cuidarla mejor.<\/p>\n<\/div><\/section><\/p>\n<\/div><\/div>\n<style type=\"text\/css\" data-created_by=\"avia_inline_auto\" id=\"style-css-av-3ugptb-2206c26edf7fee27b32096878daf4da0\">\n.flex_cell.av-3ugptb-2206c26edf7fee27b32096878daf4da0{\nvertical-align:middle;\nheight:500px;\nmin-height:500px;\nbackground:url(https:\/\/creublava.com\/wp-content\/uploads\/2019\/03\/IMG_3290.jpg) 50% 50% no-repeat scroll #22689e;\n}\n.responsive #top #wrap_all .flex_cell.av-3ugptb-2206c26edf7fee27b32096878daf4da0{\npadding:0px 0px 0px 0px !important;\n}\n<\/style>\n<div class='flex_cell av-3ugptb-2206c26edf7fee27b32096878daf4da0 av-gridrow-cell av_one_half no_margin  avia-builder-el-4  el_after_av_cell_one_half  avia-builder-el-last  content-align-middle av-zero-padding avia-full-stretch'  ><div class='flex_cell_inner'><\/div><\/div><\/div><div id='after_grid_row_1'  class='main_color av_default_container_wrap container_wrap fullsize'  ><div class='container av-section-cont-open' ><div class='template-page content  av-content-full alpha units'><div class='post-entry post-entry-type-page post-entry-5057'><div class='entry-content-wrapper clearfix'>\n<style type=\"text\/css\" data-created_by=\"avia_inline_auto\" id=\"style-css-av-h8h5qv-21ceb0487d4beadf78cbddd244708411\">\n.flex_column.av-h8h5qv-21ceb0487d4beadf78cbddd244708411{\nborder-radius:0px 0px 0px 0px;\npadding:0px 0px 0px 0px;\n}\n<\/style>\n<div  class='flex_column av-h8h5qv-21ceb0487d4beadf78cbddd244708411 av_one_full  avia-builder-el-5  el_after_av_layout_row  el_before_av_section  avia-builder-el-no-sibling  first flex_column_div av-zero-column-padding  '     ><p>\n<style type=\"text\/css\" data-created_by=\"avia_inline_auto\" id=\"style-css-av-ekkzz-495a66eb9d364963b81eca569f65e247\">\n#top .av-special-heading.av-ekkzz-495a66eb9d364963b81eca569f65e247{\npadding-bottom:25px;\ncolor:#ffffff;\n}\nbody .av-special-heading.av-ekkzz-495a66eb9d364963b81eca569f65e247 .av-special-heading-tag .heading-char{\nfont-size:25px;\n}\n.av-special-heading.av-ekkzz-495a66eb9d364963b81eca569f65e247 .special-heading-inner-border{\nborder-color:#ffffff;\n}\n.av-special-heading.av-ekkzz-495a66eb9d364963b81eca569f65e247 .av-subheading{\nfont-size:15px;\n}\n<\/style>\n<div  class='av-special-heading av-ekkzz-495a66eb9d364963b81eca569f65e247 av-special-heading-h2 custom-color-heading blockquote modern-quote modern-centered  avia-builder-el-6  el_before_av_textblock  avia-builder-el-first '><h2 class='av-special-heading-tag '  itemprop=\"headline\"  >The Natural One<\/h2><div class=\"special-heading-border\"><div class=\"special-heading-inner-border\"><\/div><\/div><\/div><br \/>\n<section  class='av_textblock_section av-2w5kjb-49f4423d33e2f27430378c787323158b '   itemscope=\"itemscope\" itemtype=\"https:\/\/schema.org\/CreativeWork\" ><div class='avia_textblock'  itemprop=\"text\" ><p style=\"text-align: center;\">Disponemos de la tecnolog\u00eda m\u00e1s vanguardista en el diagn\u00f3stico de la piel, de los mejores productos activos de alta calidad y de la t\u00e9cnica de aplicaci\u00f3n id\u00f3nea para cada caso. Tan s\u00f3lo de esta manera, podemos prescribir y realizar el tratamiento m\u00e1s adecuado, garantizando \u00f3ptimos resultados y asociando el equilibrio total de la piel y alargando su juventud en el tiempo.<\/p>\n<\/div><\/section><\/p><\/div><\/p>\n<\/div><\/div><\/div><!-- close content main div --><\/div><\/div>\n<style type=\"text\/css\" data-created_by=\"avia_inline_auto\" id=\"style-css-av-fpgx5z-29433baf8fd4b52b91d5b3320341b9d3\">\n.avia-section.av-fpgx5z-29433baf8fd4b52b91d5b3320341b9d3{\nbackground-color:#e8e8e8;\nbackground-image:unset;\n}\n<\/style>\n<div id='av_section_1'  class='avia-section av-fpgx5z-29433baf8fd4b52b91d5b3320341b9d3 main_color avia-section-default avia-no-border-styling  avia-builder-el-8  el_after_av_one_full  el_before_av_one_full  avia-bg-style-scroll container_wrap fullsize'  ><div class='container av-section-cont-open' ><div class='template-page content  av-content-full alpha units'><div class='post-entry post-entry-type-page post-entry-5057'><div class='entry-content-wrapper clearfix'>\n\n<style type=\"text\/css\" data-created_by=\"avia_inline_auto\" id=\"style-css-av-eyvnr-041f105c45d18d9ec7a59f33729c6881\">\n.flex_column.av-eyvnr-041f105c45d18d9ec7a59f33729c6881{\nborder-radius:0px 0px 0px 0px;\npadding:0px 0px 0px 0px;\n}\n<\/style>\n<div  class='flex_column av-eyvnr-041f105c45d18d9ec7a59f33729c6881 av_one_full  avia-builder-el-9  el_before_av_one_half  avia-builder-el-first  first flex_column_div av-zero-column-padding  '     ><style type=\"text\/css\" data-created_by=\"avia_inline_auto\" id=\"style-css-av-dsp53-2c1c12794f87b0a2bc9f5ca8f8c9b66b\">\n#top .av-special-heading.av-dsp53-2c1c12794f87b0a2bc9f5ca8f8c9b66b{\npadding-bottom:20px;\n}\nbody .av-special-heading.av-dsp53-2c1c12794f87b0a2bc9f5ca8f8c9b66b .av-special-heading-tag .heading-char{\nfont-size:25px;\n}\n.av-special-heading.av-dsp53-2c1c12794f87b0a2bc9f5ca8f8c9b66b .av-subheading{\nfont-size:15px;\n}\n<\/style>\n<div  class='av-special-heading av-dsp53-2c1c12794f87b0a2bc9f5ca8f8c9b66b av-special-heading-h2 blockquote modern-quote modern-centered  avia-builder-el-10  avia-builder-el-no-sibling '><h2 class='av-special-heading-tag '  itemprop=\"headline\"  >Trastornos de la piel que podemos tratar con The Natural One<\/h2><div class=\"special-heading-border\"><div class=\"special-heading-inner-border\"><\/div><\/div><\/div><\/div>\n<style type=\"text\/css\" data-created_by=\"avia_inline_auto\" id=\"style-css-av-2kp3rr-af1705f3b739fbc93209589ea4e330ae\">\n.flex_column.av-2kp3rr-af1705f3b739fbc93209589ea4e330ae{\nborder-radius:0px 0px 0px 0px;\npadding:0px 0px 0px 0px;\n}\n<\/style>\n<div  class='flex_column av-2kp3rr-af1705f3b739fbc93209589ea4e330ae av_one_half  avia-builder-el-11  el_after_av_one_full  el_before_av_one_half  first flex_column_div av-animated-generic bottom-to-top av-zero-column-padding  column-top-margin'     ><section  class='av_textblock_section av-7znof-ccb7aa25f27744551d74d88911ff17c3 '   itemscope=\"itemscope\" itemtype=\"https:\/\/schema.org\/CreativeWork\" ><div class='avia_textblock'  itemprop=\"text\" ><ul>\n<li>Reacciones cut\u00e1neas debidas a la radioterapia y quimioterapia<\/li>\n<li>Dermatitis seborreica<\/li>\n<li>Acn\u00e9<\/li>\n<li>Piel grasa seborr\u00e9ica con tendencia al acn\u00e9<\/li>\n<li>Piel seca y sensible<\/li>\n<li>Piel at\u00f3pica<\/li>\n<li>Desequilibrios del PH debido a los f\u00e1rmacos<\/li>\n<li>Ros\u00e1cea<\/li>\n<li>Psoriasis<\/li>\n<li>Ayurveda<\/li>\n<\/ul>\n<\/div><\/section><\/div>\n<style type=\"text\/css\" data-created_by=\"avia_inline_auto\" id=\"style-css-av-2kp3rr-8fe7f1becdb4d8565a184466e9eb3b41\">\n.flex_column.av-2kp3rr-8fe7f1becdb4d8565a184466e9eb3b41{\nborder-radius:0px 0px 0px 0px;\npadding:0px 0px 0px 0px;\n}\n<\/style>\n<div  class='flex_column av-2kp3rr-8fe7f1becdb4d8565a184466e9eb3b41 av_one_half  avia-builder-el-13  el_after_av_one_half  avia-builder-el-last  flex_column_div av-animated-generic bottom-to-top av-zero-column-padding  column-top-margin'     ><section  class='av_textblock_section av-7znof-ccb7aa25f27744551d74d88911ff17c3 '   itemscope=\"itemscope\" itemtype=\"https:\/\/schema.org\/CreativeWork\" ><div class='avia_textblock'  itemprop=\"text\" ><ul>\n<li>Beb\u00e9s con piel at\u00f3pica<\/li>\n<li>Xerosis<\/li>\n<li>Embarazo<\/li>\n<li>Post-parto<\/li>\n<li>Adolescencia<\/li>\n<li>Menopausia<\/li>\n<li>Trastornos circulatorios<\/li>\n<li>Reafirmaci\u00f3n tisular<\/li>\n<li>Tonificaci\u00f3n muscular<\/li>\n<\/ul>\n<\/div><\/section><\/div>\n<\/div><\/div><\/div><!-- close content main div --><\/div><\/div><div id='after_section_1'  class='main_color av_default_container_wrap container_wrap fullsize'  ><div class='container av-section-cont-open' ><div class='template-page content  av-content-full alpha units'><div class='post-entry post-entry-type-page post-entry-5057'><div class='entry-content-wrapper clearfix'>\n\n<style type=\"text\/css\" data-created_by=\"avia_inline_auto\" id=\"style-css-av-14qsf-84be8a2cba117e74cec7c5edf300535b\">\n.flex_column.av-14qsf-84be8a2cba117e74cec7c5edf300535b{\nborder-radius:0px 0px 0px 0px;\npadding:0px 0px 0px 0px;\n}\n<\/style>\n<div  class='flex_column av-14qsf-84be8a2cba117e74cec7c5edf300535b av_one_full  avia-builder-el-15  el_after_av_section  el_before_av_section  avia-builder-el-no-sibling  first flex_column_div av-zero-column-padding  '     ><section  class='av_textblock_section av-2w5kjb-49f4423d33e2f27430378c787323158b '   itemscope=\"itemscope\" itemtype=\"https:\/\/schema.org\/CreativeWork\" ><div class='avia_textblock'  itemprop=\"text\" ><p style=\"text-align: center;\">\u00a1Cuida tu piel! Primera visita y diagn\u00f3stico gratuito.<\/p>\n<p style=\"text-align: center;\">Todo lo que hagas hoy, o dejes de hacer, afectar\u00e1 c\u00f3mo te ver\u00e1s ma\u00f1ana.<\/p>\n<\/div><\/section><\/div>\n<\/div><\/div><\/div><!-- close content main div --><\/div><\/div>\n<style type=\"text\/css\" data-created_by=\"avia_inline_auto\" id=\"style-css-av-jtikr2ug-b67f7eee0a66cd2bedf2486b99ce686a\">\n.avia-section.av-jtikr2ug-b67f7eee0a66cd2bedf2486b99ce686a{\nbackground-color:#0174c5;\nbackground-image:unset;\n}\n<\/style>\n<div id='av_section_2'  class='avia-section av-jtikr2ug-b67f7eee0a66cd2bedf2486b99ce686a main_color avia-section-default avia-no-border-styling  avia-builder-el-17  el_after_av_one_full  avia-builder-el-last  avia-bg-style-scroll container_wrap fullsize'  ><div class='container av-section-cont-open' ><div class='template-page content  av-content-full alpha units'><div class='post-entry post-entry-type-page post-entry-5057'><div class='entry-content-wrapper clearfix'>\n\n<style type=\"text\/css\" data-created_by=\"avia_inline_auto\" id=\"style-css-av-c00e7b-8475fda583ff5cbbc27e8cd9c6d90637\">\n.flex_column.av-c00e7b-8475fda583ff5cbbc27e8cd9c6d90637{\nborder-radius:0px 0px 0px 0px;\npadding:0px 0px 0px 0px;\n}\n<\/style>\n<div  class='flex_column av-c00e7b-8475fda583ff5cbbc27e8cd9c6d90637 av_one_fifth  avia-builder-el-18  el_before_av_three_fifth  avia-builder-el-first  first flex_column_div av-zero-column-padding  '     ><\/div>\n<style type=\"text\/css\" data-created_by=\"avia_inline_auto\" id=\"style-css-av-c00e7b-969006dccad6bea43c8e44984e6d849a\">\n.flex_column.av-c00e7b-969006dccad6bea43c8e44984e6d849a{\nborder-radius:0px 0px 0px 0px;\npadding:0px 0px 0px 0px;\n}\n<\/style>\n<div  class='flex_column av-c00e7b-969006dccad6bea43c8e44984e6d849a av_three_fifth  avia-builder-el-19  el_after_av_one_fifth  el_before_av_one_fifth  flex_column_div av-zero-column-padding  '     ><style type=\"text\/css\" data-created_by=\"avia_inline_auto\" id=\"style-css-av-jtikaxsb-8f210e85d5f173b3448c71089e3f88fd\">\n#top .av_textblock_section.av-jtikaxsb-8f210e85d5f173b3448c71089e3f88fd .avia_textblock{\nfont-size:20px;\ncolor:#ffffff;\n}\n<\/style>\n<section  class='av_textblock_section av-jtikaxsb-8f210e85d5f173b3448c71089e3f88fd '   itemscope=\"itemscope\" itemtype=\"https:\/\/schema.org\/CreativeWork\" ><div class='avia_textblock av_inherit_color'  itemprop=\"text\" ><p style=\"text-align: center;\">Si tiene alguna duda o desea m\u00e1s informaci\u00f3n<\/p>\n<\/div><\/section><br \/>\n<div  class='avia-button-wrap av-jtikv7hp-7fafaaca77bd076af2778c1d565962ee-wrap avia-button-center  avia-builder-el-21  el_after_av_textblock  avia-builder-el-last '><a href='https:\/\/creublava.com\/contacto\/'  class='avia-button av-jtikv7hp-7fafaaca77bd076af2778c1d565962ee av-link-btn avia-icon_select-no avia-size-large avia-position-center avia-color-light'  target=\"_blank\"  rel=\"noopener noreferrer\"  aria-label=\"Contacte con nosotros\"><span class='avia_iconbox_title' >Contacte con nosotros<\/span><\/a><\/div><\/p><\/div>\n<style type=\"text\/css\" data-created_by=\"avia_inline_auto\" id=\"style-css-av-c00e7b-969006dccad6bea43c8e44984e6d849a\">\n.flex_column.av-c00e7b-969006dccad6bea43c8e44984e6d849a{\nborder-radius:0px 0px 0px 0px;\npadding:0px 0px 0px 0px;\n}\n<\/style>\n<div  class='flex_column av-c00e7b-969006dccad6bea43c8e44984e6d849a av_one_fifth  avia-builder-el-22  el_after_av_three_fifth  avia-builder-el-last  flex_column_div av-zero-column-padding  '     ><\/div>\n\n","protected":false},"excerpt":{"rendered":"","protected":false},"author":1,"featured_media":0,"parent":5055,"menu_order":0,"comment_status":"closed","ping_status":"closed","template":"","meta":{"footnotes":""},"class_list":["post-5057","page","type-page","status-publish","hentry"],"yoast_head":"<!-- This site is optimized with the Yoast SEO plugin v27.3 - https:\/\/yoast.com\/product\/yoast-seo-wordpress\/ -->\n<title>Tratamientos para el trastorno de la piel - Creu Blava<\/title>\n<meta name=\"robots\" content=\"index, follow, max-snippet:-1, max-image-preview:large, max-video-preview:-1\" \/>\n<link rel=\"canonical\" href=\"https:\/\/creublava.com\/ca\/terapies-complementaries\/tratamientos-para-el-trastorno-de-la-piel\/\" \/>\n<meta property=\"og:locale\" content=\"ca_ES\" \/>\n<meta property=\"og:type\" content=\"article\" \/>\n<meta property=\"og:title\" content=\"Tratamientos para el trastorno de la piel - Creu Blava\" \/>\n<meta property=\"og:url\" content=\"https:\/\/creublava.com\/ca\/terapies-complementaries\/tratamientos-para-el-trastorno-de-la-piel\/\" \/>\n<meta property=\"og:site_name\" content=\"Creu Blava\" \/>\n<meta name=\"twitter:card\" content=\"summary_large_image\" \/>\n<meta name=\"twitter:label1\" content=\"Temps estimat de lectura\" \/>\n\t<meta name=\"twitter:data1\" content=\"9 minuts\" \/>\n<script type=\"application\/ld+json\" class=\"yoast-schema-graph\">{\"@context\":\"https:\\\/\\\/schema.org\",\"@graph\":[{\"@type\":\"WebPage\",\"@id\":\"https:\\\/\\\/creublava.com\\\/ca\\\/terapies-complementaries\\\/tratamientos-para-el-trastorno-de-la-piel\\\/\",\"url\":\"https:\\\/\\\/creublava.com\\\/ca\\\/terapies-complementaries\\\/tratamientos-para-el-trastorno-de-la-piel\\\/\",\"name\":\"Tratamientos para el trastorno de la piel - Creu Blava\",\"isPartOf\":{\"@id\":\"https:\\\/\\\/creublava.com\\\/ca\\\/#website\"},\"datePublished\":\"2016-07-15T14:20:26+00:00\",\"breadcrumb\":{\"@id\":\"https:\\\/\\\/creublava.com\\\/ca\\\/terapies-complementaries\\\/tratamientos-para-el-trastorno-de-la-piel\\\/#breadcrumb\"},\"inLanguage\":\"ca\",\"potentialAction\":[{\"@type\":\"ReadAction\",\"target\":[\"https:\\\/\\\/creublava.com\\\/ca\\\/terapies-complementaries\\\/tratamientos-para-el-trastorno-de-la-piel\\\/\"]}]},{\"@type\":\"BreadcrumbList\",\"@id\":\"https:\\\/\\\/creublava.com\\\/ca\\\/terapies-complementaries\\\/tratamientos-para-el-trastorno-de-la-piel\\\/#breadcrumb\",\"itemListElement\":[{\"@type\":\"ListItem\",\"position\":1,\"name\":\"Portada\",\"item\":\"https:\\\/\\\/creublava.com\\\/ca\\\/creublava-malgrat-de-mar\\\/\"},{\"@type\":\"ListItem\",\"position\":2,\"name\":\"Ter\u00e0pies complement\u00e0ries\",\"item\":\"https:\\\/\\\/creublava.com\\\/ca\\\/terapies-complementaries\\\/\"},{\"@type\":\"ListItem\",\"position\":3,\"name\":\"Tratamientos para el trastorno de la piel\"}]},{\"@type\":\"WebSite\",\"@id\":\"https:\\\/\\\/creublava.com\\\/ca\\\/#website\",\"url\":\"https:\\\/\\\/creublava.com\\\/ca\\\/\",\"name\":\"Cloutions\",\"description\":\"Centro cl\u00ednico en Malgrat de Mar\",\"potentialAction\":[{\"@type\":\"SearchAction\",\"target\":{\"@type\":\"EntryPoint\",\"urlTemplate\":\"https:\\\/\\\/creublava.com\\\/ca\\\/?s={search_term_string}\"},\"query-input\":{\"@type\":\"PropertyValueSpecification\",\"valueRequired\":true,\"valueName\":\"search_term_string\"}}],\"inLanguage\":\"ca\"}]}<\/script>\n<!-- \/ Yoast SEO plugin. -->","yoast_head_json":{"title":"Tratamientos para el trastorno de la piel - Creu Blava","robots":{"index":"index","follow":"follow","max-snippet":"max-snippet:-1","max-image-preview":"max-image-preview:large","max-video-preview":"max-video-preview:-1"},"canonical":"https:\/\/creublava.com\/ca\/terapies-complementaries\/tratamientos-para-el-trastorno-de-la-piel\/","og_locale":"ca_ES","og_type":"article","og_title":"Tratamientos para el trastorno de la piel - Creu Blava","og_url":"https:\/\/creublava.com\/ca\/terapies-complementaries\/tratamientos-para-el-trastorno-de-la-piel\/","og_site_name":"Creu Blava","twitter_card":"summary_large_image","twitter_misc":{"Temps estimat de lectura":"9 minuts"},"schema":{"@context":"https:\/\/schema.org","@graph":[{"@type":"WebPage","@id":"https:\/\/creublava.com\/ca\/terapies-complementaries\/tratamientos-para-el-trastorno-de-la-piel\/","url":"https:\/\/creublava.com\/ca\/terapies-complementaries\/tratamientos-para-el-trastorno-de-la-piel\/","name":"Tratamientos para el trastorno de la piel - Creu Blava","isPartOf":{"@id":"https:\/\/creublava.com\/ca\/#website"},"datePublished":"2016-07-15T14:20:26+00:00","breadcrumb":{"@id":"https:\/\/creublava.com\/ca\/terapies-complementaries\/tratamientos-para-el-trastorno-de-la-piel\/#breadcrumb"},"inLanguage":"ca","potentialAction":[{"@type":"ReadAction","target":["https:\/\/creublava.com\/ca\/terapies-complementaries\/tratamientos-para-el-trastorno-de-la-piel\/"]}]},{"@type":"BreadcrumbList","@id":"https:\/\/creublava.com\/ca\/terapies-complementaries\/tratamientos-para-el-trastorno-de-la-piel\/#breadcrumb","itemListElement":[{"@type":"ListItem","position":1,"name":"Portada","item":"https:\/\/creublava.com\/ca\/creublava-malgrat-de-mar\/"},{"@type":"ListItem","position":2,"name":"Ter\u00e0pies complement\u00e0ries","item":"https:\/\/creublava.com\/ca\/terapies-complementaries\/"},{"@type":"ListItem","position":3,"name":"Tratamientos para el trastorno de la piel"}]},{"@type":"WebSite","@id":"https:\/\/creublava.com\/ca\/#website","url":"https:\/\/creublava.com\/ca\/","name":"Cloutions","description":"Centro cl\u00ednico en Malgrat de Mar","potentialAction":[{"@type":"SearchAction","target":{"@type":"EntryPoint","urlTemplate":"https:\/\/creublava.com\/ca\/?s={search_term_string}"},"query-input":{"@type":"PropertyValueSpecification","valueRequired":true,"valueName":"search_term_string"}}],"inLanguage":"ca"}]}},"_links":{"self":[{"href":"https:\/\/creublava.com\/ca\/wp-json\/wp\/v2\/pages\/5057","targetHints":{"allow":["GET"]}}],"collection":[{"href":"https:\/\/creublava.com\/ca\/wp-json\/wp\/v2\/pages"}],"about":[{"href":"https:\/\/creublava.com\/ca\/wp-json\/wp\/v2\/types\/page"}],"author":[{"embeddable":true,"href":"https:\/\/creublava.com\/ca\/wp-json\/wp\/v2\/users\/1"}],"replies":[{"embeddable":true,"href":"https:\/\/creublava.com\/ca\/wp-json\/wp\/v2\/comments?post=5057"}],"version-history":[{"count":0,"href":"https:\/\/creublava.com\/ca\/wp-json\/wp\/v2\/pages\/5057\/revisions"}],"up":[{"embeddable":true,"href":"https:\/\/creublava.com\/ca\/wp-json\/wp\/v2\/pages\/5055"}],"wp:attachment":[{"href":"https:\/\/creublava.com\/ca\/wp-json\/wp\/v2\/media?parent=5057"}],"curies":[{"name":"wp","href":"https:\/\/api.w.org\/{rel}","templated":true}]}}