{"id":5061,"date":"2019-02-13T12:20:12","date_gmt":"2019-02-13T12:20:12","guid":{"rendered":"https:\/\/creublava.com\/tui-na\/"},"modified":"2019-02-13T12:20:12","modified_gmt":"2019-02-13T12:20:12","slug":"tui-na","status":"publish","type":"page","link":"https:\/\/creublava.com\/ca\/tui-na\/","title":{"rendered":"Tui Na"},"content":{"rendered":"<div id='av-layout-grid-1'  class='av-layout-grid-container av-e5guzw-1c6fda7aad9dcf56614fd1147b800670 entry-content-wrapper main_color av-flex-cells  avia-builder-el-0  el_before_av_one_half  avia-builder-el-first   container_wrap fullsize'  >\n\n<style type=\"text\/css\" data-created_by=\"avia_inline_auto\" id=\"style-css-av-c65zl8-f817d74d0e898e1fd7a5701d23148ee0\">\n.flex_cell.av-c65zl8-f817d74d0e898e1fd7a5701d23148ee0{\nvertical-align:middle;\nheight:500px;\nmin-height:500px;\nbackground:url(https:\/\/creublava.com\/wp-content\/uploads\/2018\/12\/Fotolia_24880716_XS.jpg) 50% 50% no-repeat scroll #22689e;\n}\n.responsive #top #wrap_all .flex_cell.av-c65zl8-f817d74d0e898e1fd7a5701d23148ee0{\npadding:0px 0px 0px 0px !important;\n}\n<\/style>\n<div class='flex_cell av-c65zl8-f817d74d0e898e1fd7a5701d23148ee0 av-gridrow-cell av_one_half no_margin  avia-builder-el-1  el_before_av_cell_one_half  avia-builder-el-first  content-align-middle av-zero-padding avia-full-stretch'  ><div class='flex_cell_inner'><\/div><\/div>\n<style type=\"text\/css\" data-created_by=\"avia_inline_auto\" id=\"style-css-av-avyjbw-bb3635054c8f5d5026dc9095b9233cd8\">\n.flex_cell.av-avyjbw-bb3635054c8f5d5026dc9095b9233cd8{\nvertical-align:middle;\nheight:500px;\nmin-height:500px;\nbackground-color:#0174c5;\n}\n.responsive #top #wrap_all .flex_cell.av-avyjbw-bb3635054c8f5d5026dc9095b9233cd8{\npadding:80px 80px 80px 80px !important;\n}\n<\/style>\n<div class='flex_cell av-avyjbw-bb3635054c8f5d5026dc9095b9233cd8 av-gridrow-cell av_one_half no_margin  avia-builder-el-2  el_after_av_cell_one_half  avia-builder-el-last  content-align-middle'  ><div class='flex_cell_inner'><p>\n<style type=\"text\/css\" data-created_by=\"avia_inline_auto\" id=\"style-css-av-av_heading-0b7b0a7dcbaed85e5026d030630c1bd8\">\n#top .av-special-heading.av-av_heading-0b7b0a7dcbaed85e5026d030630c1bd8{\npadding-bottom:25px;\ncolor:#ffffff;\n}\nbody .av-special-heading.av-av_heading-0b7b0a7dcbaed85e5026d030630c1bd8 .av-special-heading-tag .heading-char{\nfont-size:25px;\n}\n.av-special-heading.av-av_heading-0b7b0a7dcbaed85e5026d030630c1bd8 .special-heading-inner-border{\nborder-color:#ffffff;\n}\n.av-special-heading.av-av_heading-0b7b0a7dcbaed85e5026d030630c1bd8 .av-subheading{\nfont-size:15px;\n}\n<\/style>\n<div  class='av-special-heading av-av_heading-0b7b0a7dcbaed85e5026d030630c1bd8 av-special-heading-h1 custom-color-heading blockquote modern-quote  avia-builder-el-3  el_before_av_textblock  avia-builder-el-first '><h1 class='av-special-heading-tag '  itemprop=\"headline\"  >Tui Na<\/h1><div class=\"special-heading-border\"><div class=\"special-heading-inner-border\"><\/div><\/div><\/div><br \/>\n\n<style type=\"text\/css\" data-created_by=\"avia_inline_auto\" id=\"style-css-av-9usg18-5467488876230657cd4333c5e5517a21\">\n#top .av_textblock_section.av-9usg18-5467488876230657cd4333c5e5517a21 .avia_textblock{\ncolor:#ffffff;\n}\n<\/style>\n<section  class='av_textblock_section av-9usg18-5467488876230657cd4333c5e5517a21 '   itemscope=\"itemscope\" itemtype=\"https:\/\/schema.org\/CreativeWork\" ><div class='avia_textblock av_inherit_color'  itemprop=\"text\" ><blockquote>\n<p><em>&#8220;Si buscas resultados distintos, no hagas siempre lo mismo&#8221;.<\/em><\/p>\n<p><span style=\"text-align: right;\">Albert Einstein.<\/span><\/p>\n<\/blockquote>\n<\/div><\/section><\/p>\n<\/div><\/div><\/div><div id='after_grid_row_1'  class='main_color av_default_container_wrap container_wrap fullsize'  ><div class='container av-section-cont-open' ><div class='template-page content  av-content-full alpha units'><div class='post-entry post-entry-type-page post-entry-5061'><div class='entry-content-wrapper clearfix'>\n<style type=\"text\/css\" data-created_by=\"avia_inline_auto\" id=\"style-css-av-1mmyk24-d3fb37ff3ff9ba39c4770b7e6f9d36cb\">\n.flex_column.av-1mmyk24-d3fb37ff3ff9ba39c4770b7e6f9d36cb{\nborder-radius:0px 0px 0px 0px;\npadding:0px 0px 0px 0px;\n}\n<\/style>\n<div  class='flex_column av-1mmyk24-d3fb37ff3ff9ba39c4770b7e6f9d36cb av_one_half  avia-builder-el-5  el_after_av_layout_row  el_before_av_one_half  avia-builder-el-first  first flex_column_div av-zero-column-padding  '     ><p><section  class='av_textblock_section av-js33ij5t-b7583b4e62c697b2ac94adbb0d199075 '   itemscope=\"itemscope\" itemtype=\"https:\/\/schema.org\/CreativeWork\" ><div class='avia_textblock'  itemprop=\"text\" ><p>El <strong>Tui na<\/strong> es una terapia manual en la que se combinan maniobras de masaje, movilizaciones, digito puntura, tracciones y manipulaciones. Mediante estas t\u00e9cnicas se consigue estimular el flujo de Qi (energ\u00eda) y Xue (sangre) del organismo, <strong>regular los \u00f3rganos internos y equilibrar energ\u00e9ticamente el organismo.<\/strong><\/p>\n<\/div><\/section><br \/>\n<section  class='av_textblock_section av-js33ij5t-b7583b4e62c697b2ac94adbb0d199075 '   itemscope=\"itemscope\" itemtype=\"https:\/\/schema.org\/CreativeWork\" ><div class='avia_textblock'  itemprop=\"text\" ><p>El Tui na es un m\u00e9todo terap\u00e9utico compuesto por un conjunto de t\u00e9cnicas manuales que se aplican de forma ordenada sobre el organismo. Etimol\u00f3gicamente Tui Na est\u00e1 formado por dos maniobras de masaje:<\/p>\n<\/div><\/section><br \/>\n\n<style type=\"text\/css\" data-created_by=\"avia_inline_auto\" id=\"style-css-av-js33sjb4-91e18f32fbbc3b6406e6e61321edecbe\">\n#top .avia-icon-list-container.av-js33sjb4-91e18f32fbbc3b6406e6e61321edecbe .iconlist_icon{\ncolor:#40a8e4;\n}\n#top .avia-icon-list-container.av-js33sjb4-91e18f32fbbc3b6406e6e61321edecbe .iconlist_icon svg:first-child{\nstroke:#40a8e4;\nfill:#40a8e4;\n}\n<\/style>\n<div  class='avia-icon-list-container av-js33sjb4-91e18f32fbbc3b6406e6e61321edecbe  avia-builder-el-8  el_after_av_textblock  avia-builder-el-last '><ul class='avia-icon-list avia_animate_when_almost_visible avia-icon-list-left av-iconlist-small av-js33sjb4-91e18f32fbbc3b6406e6e61321edecbe avia-iconlist-animate'>\n<li><div class='iconlist_icon av-7t1aap-735b0443017dd81c1fa51469acd3d79d avia-font-entypo-fontello avia-iconfont avia-font-entypo-fontello'><span class='av-icon-char' data-av_icon='\ue812' data-av_iconfont='entypo-fontello' aria-hidden=\"true\"><\/span><\/div><article class=\"article-icon-entry \"  itemscope=\"itemscope\" itemtype=\"https:\/\/schema.org\/CreativeWork\" ><div class=\"iconlist_content_wrap\"><header class=\"entry-content-header\" aria-label=\"Icon: Tui Fa\"><div class='av_iconlist_title iconlist_title_small  '  itemprop=\"headline\" >Tui Fa<\/div><\/header><div class='iconlist_content '  itemprop=\"text\" ><p>Presionar y desplazar simult\u00e1neamente.<\/p>\n<\/div><\/div><footer class=\"entry-footer\"><\/footer><\/article><div class=\"iconlist-timeline\"><\/div><\/li>\n<li><div class='iconlist_icon av-5ru1gx-574e674aea830d7a4461e698c735080b avia-font-entypo-fontello avia-iconfont avia-font-entypo-fontello'><span class='av-icon-char' data-av_icon='\ue812' data-av_iconfont='entypo-fontello' aria-hidden=\"true\"><\/span><\/div><article class=\"article-icon-entry \"  itemscope=\"itemscope\" itemtype=\"https:\/\/schema.org\/CreativeWork\" ><div class=\"iconlist_content_wrap\"><header class=\"entry-content-header\" aria-label=\"Icon: Na Fa\"><div class='av_iconlist_title iconlist_title_small  '  itemprop=\"headline\" >Na Fa<\/div><\/header><div class='iconlist_content '  itemprop=\"text\" ><p>Agarrar y traccionar la piel<\/p>\n<\/div><\/div><footer class=\"entry-footer\"><\/footer><\/article><div class=\"iconlist-timeline\"><\/div><\/li>\n<\/ul><\/div><\/p><\/div><\/p>\n\n<style type=\"text\/css\" data-created_by=\"avia_inline_auto\" id=\"style-css-av-1mmyk24-09205aedc645761f797f7f97d1d3a0f5\">\n.flex_column.av-1mmyk24-09205aedc645761f797f7f97d1d3a0f5{\nborder-radius:0px 0px 0px 0px;\npadding:0px 0px 0px 0px;\n}\n<\/style>\n<div  class='flex_column av-1mmyk24-09205aedc645761f797f7f97d1d3a0f5 av_one_half  avia-builder-el-9  el_after_av_one_half  el_before_av_one_fifth  flex_column_div av-zero-column-padding  '     ><p><section  class='av_textblock_section av-js33ij5t-b7583b4e62c697b2ac94adbb0d199075 '   itemscope=\"itemscope\" itemtype=\"https:\/\/schema.org\/CreativeWork\" ><div class='avia_textblock'  itemprop=\"text\" ><p>Con la aplicaci\u00f3n del Tui na conseguimos desde el exterior del organismo efectos en el interior del mismo. Mediante \u00e9sta t\u00e9cnica manual debemos plantearnos dos objetivos generales:<\/p>\n<\/div><\/section><br \/>\n\n<style type=\"text\/css\" data-created_by=\"avia_inline_auto\" id=\"style-css-av-js33sjb4-91e18f32fbbc3b6406e6e61321edecbe\">\n#top .avia-icon-list-container.av-js33sjb4-91e18f32fbbc3b6406e6e61321edecbe .iconlist_icon{\ncolor:#40a8e4;\n}\n#top .avia-icon-list-container.av-js33sjb4-91e18f32fbbc3b6406e6e61321edecbe .iconlist_icon svg:first-child{\nstroke:#40a8e4;\nfill:#40a8e4;\n}\n<\/style>\n<div  class='avia-icon-list-container av-js33sjb4-91e18f32fbbc3b6406e6e61321edecbe  avia-builder-el-11  el_after_av_textblock  el_before_av_textblock '><ul class='avia-icon-list avia_animate_when_almost_visible avia-icon-list-left av-iconlist-small av-js33sjb4-91e18f32fbbc3b6406e6e61321edecbe avia-iconlist-animate'>\n<li><div class='iconlist_icon av-4bee81-3c37a417ab6d9a1e987f8faca3b2f06e avia-font-entypo-fontello avia-iconfont avia-font-entypo-fontello'><span class='av-icon-char' data-av_icon='\ue812' data-av_iconfont='entypo-fontello' aria-hidden=\"true\"><\/span><\/div><article class=\"article-icon-entry av-iconlist-empty\"  itemscope=\"itemscope\" itemtype=\"https:\/\/schema.org\/CreativeWork\" ><div class=\"iconlist_content_wrap\"><header class=\"entry-content-header\" aria-label=\"Icon: Tratar\"><div class='av_iconlist_title iconlist_title_small  '  itemprop=\"headline\" >Tratar<\/div><\/header><div class='iconlist_content '  itemprop=\"text\" ><\/div><\/div><footer class=\"entry-footer\"><\/footer><\/article><div class=\"iconlist-timeline\"><\/div><\/li>\n<li><div class='iconlist_icon av-36y7dt-ccd8254a543a35e100974af084e2eb2a avia-font-entypo-fontello avia-iconfont avia-font-entypo-fontello'><span class='av-icon-char' data-av_icon='\ue812' data-av_iconfont='entypo-fontello' aria-hidden=\"true\"><\/span><\/div><article class=\"article-icon-entry av-iconlist-empty\"  itemscope=\"itemscope\" itemtype=\"https:\/\/schema.org\/CreativeWork\" ><div class=\"iconlist_content_wrap\"><header class=\"entry-content-header\" aria-label=\"Icon: Prevenir\"><div class='av_iconlist_title iconlist_title_small  '  itemprop=\"headline\" >Prevenir<\/div><\/header><div class='iconlist_content '  itemprop=\"text\" ><\/div><\/div><footer class=\"entry-footer\"><\/footer><\/article><div class=\"iconlist-timeline\"><\/div><\/li>\n<\/ul><\/div><br \/>\n<section  class='av_textblock_section av-js33ij5t-b7583b4e62c697b2ac94adbb0d199075 '   itemscope=\"itemscope\" itemtype=\"https:\/\/schema.org\/CreativeWork\" ><div class='avia_textblock'  itemprop=\"text\" ><p>Los objetivos generales los conseguiremos mediante las t\u00e9cnicas manuales que conforman el Tui na: maniobras de masaje, digito puntura, movilizaciones, tracciones y manipulaciones.\u00a0Los movimientos del Tui na son constantes, en\u00e9rgicos, uniformes, suaves y como consecuencia penetrantes.<\/p>\n<\/div><\/section><\/p><\/div>\n\n<style type=\"text\/css\" data-created_by=\"avia_inline_auto\" id=\"style-css-av-1mmyk24-46c7725014375bd248312cfcc51954a8\">\n.flex_column.av-1mmyk24-46c7725014375bd248312cfcc51954a8{\nborder-radius:0px 0px 0px 0px;\npadding:180px 0px 0px 0px;\n}\n<\/style>\n<div  class='flex_column av-1mmyk24-46c7725014375bd248312cfcc51954a8 av_one_fifth  avia-builder-el-13  el_after_av_one_half  el_before_av_three_fifth  first flex_column_div  column-top-margin'     ><\/div>\n\n<style type=\"text\/css\" data-created_by=\"avia_inline_auto\" id=\"style-css-av-1mmyk24-d2b122fad7c651c1510e8793e487a9f6\">\n@keyframes av_boxShadowEffect_av-1mmyk24-d2b122fad7c651c1510e8793e487a9f6-column {\n0%   { box-shadow:  0 0 0 0 #6b6b6b; opacity: 1; }\n100% { box-shadow:  0 0 10px 0 #6b6b6b; opacity: 1; }\n}\n.flex_column.av-1mmyk24-d2b122fad7c651c1510e8793e487a9f6{\nbox-shadow: 0 0 10px 0 #6b6b6b;\nborder-radius:0px 0px 0px 0px;\npadding:0px 0px 0px 0px;\n}\n<\/style>\n<div  class='flex_column av-1mmyk24-d2b122fad7c651c1510e8793e487a9f6 av_three_fifth  avia-builder-el-14  el_after_av_one_fifth  el_before_av_one_fifth  flex_column_div shadow-not-animated av-zero-column-padding  column-top-margin'     ><style type=\"text\/css\" data-created_by=\"avia_inline_auto\" id=\"style-css-av-jpmeka22-6fc17d201764e93ac59331eaf530add1\">\n.av_promobox.av-jpmeka22-6fc17d201764e93ac59331eaf530add1{\nbackground:#f4f4f4;\n}\n<\/style>\n<div  class='av_promobox av-jpmeka22-6fc17d201764e93ac59331eaf530add1 avia-button-yes  avia-builder-el-15  avia-builder-el-no-sibling '><div class='avia-promocontent'><\/p>\n<h3><span style=\"color: #40a8e4;\"><strong>PRECIOS<\/strong><\/span><\/h3>\n<ul>\n<li>PRIMERA VISITA<strong>: 45 \u20ac<\/strong><\/li>\n<\/ul>\n<p style=\"padding-left: 30px;\"><strong>DURACI\u00d3N DE LA SESI\u00d3N: 60 minutos.<\/strong><strong>\u00a0<\/strong><\/p>\n<ul>\n<li>PRECIO RESTO DE SESIONES<strong>: 35 \u20ac<\/strong><\/li>\n<\/ul>\n<p style=\"padding-left: 30px;\"><strong>DURACI\u00d3N DE LA SESI\u00d3N: 40 minutos.<\/strong><\/p>\n<p>\n<\/div><div  class='avia-button-wrap av-jpmeka22-2b4e9886c5e4dc73729b54478d269d24-wrap avia-button-right '><a href='https:\/\/creublava.com\/contacto\/'  class='avia-button av-jpmeka22-2b4e9886c5e4dc73729b54478d269d24 av-link-btn avia-icon_select-yes-left-icon avia-size-large avia-position-right avia-color-theme-color'   aria-label=\"M\u00e1s Info\"><span class='avia_button_icon avia_button_icon_left avia-iconfont avia-font-entypo-fontello' data-av_icon='\ue81f' data-av_iconfont='entypo-fontello' ><\/span><span class='avia_iconbox_title' >M\u00e1s Info<\/span><\/a><\/div><\/div><\/div>\n\n<style type=\"text\/css\" data-created_by=\"avia_inline_auto\" id=\"style-css-av-1mmyk24-287cb16414c212e5223839d1857c611d\">\n.flex_column.av-1mmyk24-287cb16414c212e5223839d1857c611d{\nborder-radius:0px 0px 0px 0px;\npadding:180px 0px 0px 0px;\n}\n<\/style>\n<div  class='flex_column av-1mmyk24-287cb16414c212e5223839d1857c611d av_one_fifth  avia-builder-el-16  el_after_av_three_fifth  el_before_av_section  avia-builder-el-last  flex_column_div  column-top-margin'     ><\/div>\n<\/div><\/div><\/div><!-- close content main div --><\/div><\/div>\n<style type=\"text\/css\" data-created_by=\"avia_inline_auto\" id=\"style-css-av-jtikr2ug-b67f7eee0a66cd2bedf2486b99ce686a\">\n.avia-section.av-jtikr2ug-b67f7eee0a66cd2bedf2486b99ce686a{\nbackground-color:#0174c5;\nbackground-image:unset;\n}\n<\/style>\n<div id='av_section_1'  class='avia-section av-jtikr2ug-b67f7eee0a66cd2bedf2486b99ce686a main_color avia-section-default avia-no-border-styling  avia-builder-el-17  el_after_av_one_fifth  avia-builder-el-last  avia-bg-style-scroll container_wrap fullsize'  ><div class='container av-section-cont-open' ><div class='template-page content  av-content-full alpha units'><div class='post-entry post-entry-type-page post-entry-5061'><div class='entry-content-wrapper clearfix'>\n\n<style type=\"text\/css\" data-created_by=\"avia_inline_auto\" id=\"style-css-av-c00e7b-8475fda583ff5cbbc27e8cd9c6d90637\">\n.flex_column.av-c00e7b-8475fda583ff5cbbc27e8cd9c6d90637{\nborder-radius:0px 0px 0px 0px;\npadding:0px 0px 0px 0px;\n}\n<\/style>\n<div  class='flex_column av-c00e7b-8475fda583ff5cbbc27e8cd9c6d90637 av_one_fifth  avia-builder-el-18  el_before_av_three_fifth  avia-builder-el-first  first flex_column_div av-zero-column-padding  '     ><\/div>\n<style type=\"text\/css\" data-created_by=\"avia_inline_auto\" id=\"style-css-av-c00e7b-969006dccad6bea43c8e44984e6d849a\">\n.flex_column.av-c00e7b-969006dccad6bea43c8e44984e6d849a{\nborder-radius:0px 0px 0px 0px;\npadding:0px 0px 0px 0px;\n}\n<\/style>\n<div  class='flex_column av-c00e7b-969006dccad6bea43c8e44984e6d849a av_three_fifth  avia-builder-el-19  el_after_av_one_fifth  el_before_av_one_fifth  flex_column_div av-zero-column-padding  '     ><style type=\"text\/css\" data-created_by=\"avia_inline_auto\" id=\"style-css-av-jtikaxsb-8f210e85d5f173b3448c71089e3f88fd\">\n#top .av_textblock_section.av-jtikaxsb-8f210e85d5f173b3448c71089e3f88fd .avia_textblock{\nfont-size:20px;\ncolor:#ffffff;\n}\n<\/style>\n<section  class='av_textblock_section av-jtikaxsb-8f210e85d5f173b3448c71089e3f88fd '   itemscope=\"itemscope\" itemtype=\"https:\/\/schema.org\/CreativeWork\" ><div class='avia_textblock av_inherit_color'  itemprop=\"text\" ><p style=\"text-align: center;\">Si tiene alguna duda o desea m\u00e1s informaci\u00f3n<\/p>\n<\/div><\/section><br \/>\n<div  class='avia-button-wrap av-jtikv7hp-7fafaaca77bd076af2778c1d565962ee-wrap avia-button-center  avia-builder-el-21  el_after_av_textblock  avia-builder-el-last '><a href='https:\/\/creublava.com\/contacto\/'  class='avia-button av-jtikv7hp-7fafaaca77bd076af2778c1d565962ee av-link-btn avia-icon_select-no avia-size-large avia-position-center avia-color-light'  target=\"_blank\"  rel=\"noopener noreferrer\"  aria-label=\"Contacte con nosotros\"><span class='avia_iconbox_title' >Contacte con nosotros<\/span><\/a><\/div><\/p><\/div>\n<style type=\"text\/css\" data-created_by=\"avia_inline_auto\" id=\"style-css-av-c00e7b-969006dccad6bea43c8e44984e6d849a\">\n.flex_column.av-c00e7b-969006dccad6bea43c8e44984e6d849a{\nborder-radius:0px 0px 0px 0px;\npadding:0px 0px 0px 0px;\n}\n<\/style>\n<div  class='flex_column av-c00e7b-969006dccad6bea43c8e44984e6d849a av_one_fifth  avia-builder-el-22  el_after_av_three_fifth  avia-builder-el-last  flex_column_div av-zero-column-padding  '     ><\/div>\n\n","protected":false},"excerpt":{"rendered":"","protected":false},"author":1,"featured_media":0,"parent":0,"menu_order":0,"comment_status":"closed","ping_status":"closed","template":"","meta":{"footnotes":""},"class_list":["post-5061","page","type-page","status-publish","hentry"],"yoast_head":"<!-- This site is optimized with the Yoast SEO plugin v27.4 - https:\/\/yoast.com\/product\/yoast-seo-wordpress\/ -->\n<title>Tui Na - Creu Blava<\/title>\n<meta name=\"robots\" content=\"index, follow, max-snippet:-1, max-image-preview:large, max-video-preview:-1\" \/>\n<link rel=\"canonical\" href=\"https:\/\/creublava.com\/ca\/tui-na\/\" \/>\n<meta property=\"og:locale\" content=\"ca_ES\" \/>\n<meta property=\"og:type\" content=\"article\" \/>\n<meta property=\"og:title\" content=\"Tui Na - Creu Blava\" \/>\n<meta property=\"og:url\" content=\"https:\/\/creublava.com\/ca\/tui-na\/\" \/>\n<meta property=\"og:site_name\" content=\"Creu Blava\" \/>\n<meta name=\"twitter:card\" content=\"summary_large_image\" \/>\n<meta name=\"twitter:label1\" content=\"Temps estimat de lectura\" \/>\n\t<meta name=\"twitter:data1\" content=\"10 minuts\" \/>\n<script type=\"application\/ld+json\" class=\"yoast-schema-graph\">{\"@context\":\"https:\\\/\\\/schema.org\",\"@graph\":[{\"@type\":\"WebPage\",\"@id\":\"https:\\\/\\\/creublava.com\\\/ca\\\/tui-na\\\/\",\"url\":\"https:\\\/\\\/creublava.com\\\/ca\\\/tui-na\\\/\",\"name\":\"Tui Na - Creu Blava\",\"isPartOf\":{\"@id\":\"https:\\\/\\\/creublava.com\\\/ca\\\/#website\"},\"datePublished\":\"2019-02-13T12:20:12+00:00\",\"breadcrumb\":{\"@id\":\"https:\\\/\\\/creublava.com\\\/ca\\\/tui-na\\\/#breadcrumb\"},\"inLanguage\":\"ca\",\"potentialAction\":[{\"@type\":\"ReadAction\",\"target\":[\"https:\\\/\\\/creublava.com\\\/ca\\\/tui-na\\\/\"]}]},{\"@type\":\"BreadcrumbList\",\"@id\":\"https:\\\/\\\/creublava.com\\\/ca\\\/tui-na\\\/#breadcrumb\",\"itemListElement\":[{\"@type\":\"ListItem\",\"position\":1,\"name\":\"Portada\",\"item\":\"https:\\\/\\\/creublava.com\\\/ca\\\/creublava-malgrat-de-mar\\\/\"},{\"@type\":\"ListItem\",\"position\":2,\"name\":\"Tui Na\"}]},{\"@type\":\"WebSite\",\"@id\":\"https:\\\/\\\/creublava.com\\\/ca\\\/#website\",\"url\":\"https:\\\/\\\/creublava.com\\\/ca\\\/\",\"name\":\"Cloutions\",\"description\":\"Centro cl\u00ednico en Malgrat de Mar\",\"potentialAction\":[{\"@type\":\"SearchAction\",\"target\":{\"@type\":\"EntryPoint\",\"urlTemplate\":\"https:\\\/\\\/creublava.com\\\/ca\\\/?s={search_term_string}\"},\"query-input\":{\"@type\":\"PropertyValueSpecification\",\"valueRequired\":true,\"valueName\":\"search_term_string\"}}],\"inLanguage\":\"ca\"}]}<\/script>\n<!-- \/ Yoast SEO plugin. -->","yoast_head_json":{"title":"Tui Na - Creu Blava","robots":{"index":"index","follow":"follow","max-snippet":"max-snippet:-1","max-image-preview":"max-image-preview:large","max-video-preview":"max-video-preview:-1"},"canonical":"https:\/\/creublava.com\/ca\/tui-na\/","og_locale":"ca_ES","og_type":"article","og_title":"Tui Na - Creu Blava","og_url":"https:\/\/creublava.com\/ca\/tui-na\/","og_site_name":"Creu Blava","twitter_card":"summary_large_image","twitter_misc":{"Temps estimat de lectura":"10 minuts"},"schema":{"@context":"https:\/\/schema.org","@graph":[{"@type":"WebPage","@id":"https:\/\/creublava.com\/ca\/tui-na\/","url":"https:\/\/creublava.com\/ca\/tui-na\/","name":"Tui Na - Creu Blava","isPartOf":{"@id":"https:\/\/creublava.com\/ca\/#website"},"datePublished":"2019-02-13T12:20:12+00:00","breadcrumb":{"@id":"https:\/\/creublava.com\/ca\/tui-na\/#breadcrumb"},"inLanguage":"ca","potentialAction":[{"@type":"ReadAction","target":["https:\/\/creublava.com\/ca\/tui-na\/"]}]},{"@type":"BreadcrumbList","@id":"https:\/\/creublava.com\/ca\/tui-na\/#breadcrumb","itemListElement":[{"@type":"ListItem","position":1,"name":"Portada","item":"https:\/\/creublava.com\/ca\/creublava-malgrat-de-mar\/"},{"@type":"ListItem","position":2,"name":"Tui Na"}]},{"@type":"WebSite","@id":"https:\/\/creublava.com\/ca\/#website","url":"https:\/\/creublava.com\/ca\/","name":"Cloutions","description":"Centro cl\u00ednico en Malgrat de Mar","potentialAction":[{"@type":"SearchAction","target":{"@type":"EntryPoint","urlTemplate":"https:\/\/creublava.com\/ca\/?s={search_term_string}"},"query-input":{"@type":"PropertyValueSpecification","valueRequired":true,"valueName":"search_term_string"}}],"inLanguage":"ca"}]}},"_links":{"self":[{"href":"https:\/\/creublava.com\/ca\/wp-json\/wp\/v2\/pages\/5061","targetHints":{"allow":["GET"]}}],"collection":[{"href":"https:\/\/creublava.com\/ca\/wp-json\/wp\/v2\/pages"}],"about":[{"href":"https:\/\/creublava.com\/ca\/wp-json\/wp\/v2\/types\/page"}],"author":[{"embeddable":true,"href":"https:\/\/creublava.com\/ca\/wp-json\/wp\/v2\/users\/1"}],"replies":[{"embeddable":true,"href":"https:\/\/creublava.com\/ca\/wp-json\/wp\/v2\/comments?post=5061"}],"version-history":[{"count":0,"href":"https:\/\/creublava.com\/ca\/wp-json\/wp\/v2\/pages\/5061\/revisions"}],"wp:attachment":[{"href":"https:\/\/creublava.com\/ca\/wp-json\/wp\/v2\/media?parent=5061"}],"curies":[{"name":"wp","href":"https:\/\/api.w.org\/{rel}","templated":true}]}}