{"id":5558,"date":"2024-06-19T14:53:56","date_gmt":"2024-06-19T14:53:56","guid":{"rendered":"https:\/\/creublava.com\/tac-3d\/"},"modified":"2025-08-20T08:06:49","modified_gmt":"2025-08-20T08:06:49","slug":"tac-3d","status":"publish","type":"page","link":"https:\/\/creublava.com\/ca\/tac-3d\/","title":{"rendered":"TAC 3D"},"content":{"rendered":"<div id='av-layout-grid-1'  class='av-layout-grid-container av-jpkyr0tf-5c736f141f15f34ddf4fb777eee6e2ca entry-content-wrapper main_color av-flex-cells  avia-builder-el-0  el_before_av_one_half  avia-builder-el-first   container_wrap fullsize'  >\n\n<style type=\"text\/css\" data-created_by=\"avia_inline_auto\" id=\"style-css-av-jpkyz2g5-b3cbbef1318a0f8237740c3b12f2f238\">\n.flex_cell.av-jpkyz2g5-b3cbbef1318a0f8237740c3b12f2f238{\nvertical-align:top;\nheight:500px;\nmin-height:500px;\nbackground:url(https:\/\/creublava.com\/wp-content\/uploads\/2024\/06\/RX-dental-1030x687.jpg) 50% 50% no-repeat scroll ;\n}\n.responsive #top #wrap_all .flex_cell.av-jpkyz2g5-b3cbbef1318a0f8237740c3b12f2f238{\npadding:30px 30px 30px 30px !important;\n}\n<\/style>\n<div class='flex_cell av-jpkyz2g5-b3cbbef1318a0f8237740c3b12f2f238 av-gridrow-cell av_one_half no_margin  avia-builder-el-1  el_before_av_cell_one_half  avia-builder-el-first  content-align-top avia-full-stretch'  ><div class='flex_cell_inner'><\/div><\/div>\n<style type=\"text\/css\" data-created_by=\"avia_inline_auto\" id=\"style-css-av-jpkz03j8-d8ff8f85e64b4589fd1309656cfde080\">\n.flex_cell.av-jpkz03j8-d8ff8f85e64b4589fd1309656cfde080{\nvertical-align:middle;\nheight:500px;\nmin-height:500px;\nbackground-color:#0174c5;\n}\n.responsive #top #wrap_all .flex_cell.av-jpkz03j8-d8ff8f85e64b4589fd1309656cfde080{\npadding:80px 80px 80px 80px !important;\n}\n<\/style>\n<div class='flex_cell av-jpkz03j8-d8ff8f85e64b4589fd1309656cfde080 av-gridrow-cell av_one_half no_margin  avia-builder-el-2  el_after_av_cell_one_half  avia-builder-el-last  content-align-middle'  ><div class='flex_cell_inner'>\n<style type=\"text\/css\" data-created_by=\"avia_inline_auto\" id=\"style-css-av-9hoep-cd415fb806ec4a2c8a3985b8d863fa7d\">\n#top .av-special-heading.av-9hoep-cd415fb806ec4a2c8a3985b8d863fa7d{\npadding-bottom:10px;\ncolor:#ffffff;\nfont-size:34px;\n}\nbody .av-special-heading.av-9hoep-cd415fb806ec4a2c8a3985b8d863fa7d .av-special-heading-tag .heading-char{\nfont-size:25px;\n}\n#top #wrap_all .av-special-heading.av-9hoep-cd415fb806ec4a2c8a3985b8d863fa7d .av-special-heading-tag{\nfont-size:34px;\n}\n.av-special-heading.av-9hoep-cd415fb806ec4a2c8a3985b8d863fa7d .special-heading-inner-border{\nborder-color:#ffffff;\n}\n.av-special-heading.av-9hoep-cd415fb806ec4a2c8a3985b8d863fa7d .av-subheading{\nfont-size:15px;\n}\n\n@media only screen and (min-width: 480px) and (max-width: 767px){ \n#top #wrap_all .av-special-heading.av-9hoep-cd415fb806ec4a2c8a3985b8d863fa7d .av-special-heading-tag{\nfont-size:0.8em;\n}\n}\n\n@media only screen and (max-width: 479px){ \n#top #wrap_all .av-special-heading.av-9hoep-cd415fb806ec4a2c8a3985b8d863fa7d .av-special-heading-tag{\nfont-size:0.8em;\n}\n}\n<\/style>\n<div  class='av-special-heading av-9hoep-cd415fb806ec4a2c8a3985b8d863fa7d av-special-heading-h3 custom-color-heading blockquote modern-quote modern-centered  avia-builder-el-3  avia-builder-el-no-sibling  av-inherit-size av-linked-heading'><h3 class='av-special-heading-tag '  itemprop=\"headline\"  >TAC 3D<\/h3><div class='av_custom_color av-subheading av-subheading_below'><p>Un TAC 3D es fa servir per diagnosticar una malaltia, planificar un tractament o determinar si el tractament \u00e9s efica\u00e7. Tamb\u00e9 s&#8217;anomena TC, tomografia axial computada, tomografia computada i tomografia computada.<\/p>\n<\/div><div class=\"special-heading-border\"><div class=\"special-heading-inner-border\"><\/div><\/div><\/div>\n<\/div><\/div>\n<\/div><div id='after_grid_row_1'  class='main_color av_default_container_wrap container_wrap fullsize'  ><div class='container av-section-cont-open' ><div class='template-page content  av-content-full alpha units'><div class='post-entry post-entry-type-page post-entry-5558'><div class='entry-content-wrapper clearfix'>\n\n<style type=\"text\/css\" data-created_by=\"avia_inline_auto\" id=\"style-css-av-2ydjoh-8505c90dac3bd46dc7f2751d29fbb700\">\n.flex_column.av-2ydjoh-8505c90dac3bd46dc7f2751d29fbb700{\nborder-radius:0px 0px 0px 0px;\npadding:20px 0px 0px 0px;\n}\n<\/style>\n<div  class='flex_column av-2ydjoh-8505c90dac3bd46dc7f2751d29fbb700 av_one_half  avia-builder-el-4  el_after_av_layout_row  el_before_av_one_half  avia-builder-el-first  first flex_column_div  '     ><p>\n<style type=\"text\/css\" data-created_by=\"avia_inline_auto\" id=\"style-css-av-87pthd-eea87d9781f4e781dca4315333fc6dbc\">\n#top .av-special-heading.av-87pthd-eea87d9781f4e781dca4315333fc6dbc{\npadding-bottom:10px;\n}\nbody .av-special-heading.av-87pthd-eea87d9781f4e781dca4315333fc6dbc .av-special-heading-tag .heading-char{\nfont-size:25px;\n}\n.av-special-heading.av-87pthd-eea87d9781f4e781dca4315333fc6dbc .av-subheading{\nfont-size:15px;\n}\n<\/style>\n<div  class='av-special-heading av-87pthd-eea87d9781f4e781dca4315333fc6dbc av-special-heading-h2 blockquote modern-quote modern-centered  avia-builder-el-5  el_before_av_textblock  avia-builder-el-first  av-linked-heading'><h2 class='av-special-heading-tag '  itemprop=\"headline\"  >EINA D\u2019EXPLORACI\u00d3<\/h2><div class=\"special-heading-border\"><div class=\"special-heading-inner-border\"><\/div><\/div><\/div><br \/>\n<section  class='av_textblock_section av-jpmjn61t-1e7d4ee191ef24320c62583f5fd08050 '   itemscope=\"itemscope\" itemtype=\"https:\/\/schema.org\/CreativeWork\" ><div class='avia_textblock'  itemprop=\"text\" ><p>Grup Creu Blava disposa d&#8217;un<strong>\u00a0CBCT (Tomografia Computeritzada de Fes C\u00f2nic)<\/strong>; eina d\u02bbexploraci\u00f3 radiogr\u00e0fica que permet proporcionar imatges en 3D de la boca del pacient. L&#8217;esc\u00e0ner CBCT utilitza un tub de fluorosc\u00f2pia m\u00e8dica que utilitza un sistema de sortida de baixa pot\u00e8ncia.<\/p>\n<p>Un<strong> TAC dental<\/strong> consisteix en una exploraci\u00f3 amb raigs X per obtenir imatges de les estructures dentals, teixits tous, nervis i ossos del cap. Mitjan\u00e7ant la combinaci\u00f3 d&#8217;aquestes imatges per ordinador, es poden formar imatges tridimensionals (3D) que ajudaran al diagn\u00f2stic ia elaborar un pla de tractament.<\/p>\n<p>Els nens<strong> es poden fer un TAC dental<\/strong>; aquesta exploraci\u00f3 pot ajudar de manera significativa a crear un pla de tractament adequat, sobretot d&#8217;ortod\u00f2ncia.<\/p>\n<\/div><\/section><br \/>\n<section  class='av_textblock_section av-lxn35pug-c69bee47de0d611941443ae0ffa00719 '   itemscope=\"itemscope\" itemtype=\"https:\/\/schema.org\/CreativeWork\" ><div class='avia_textblock'  itemprop=\"text\" ><p>Aquest sistema permet realitzar exploracions completes perqu\u00e8 puguis tenir tota la <strong>planificaci\u00f3 en una sola cita<\/strong> i no hagis de despla\u00e7ar-te a altres establiments per realitzar-te el TAC dental.<\/p>\n<p>Gr\u00e0cies a aquesta<strong> tecnologia digital<\/strong>, controlada per experts maxil\u00b7lofacials, podem realitzar <strong>diagnostics m\u00e9s precisos, personalitzats i en menor temps<\/strong> que amb els sistemes tradicionals.<\/p>\n<\/div><\/section><\/p><\/div>\n\n<style type=\"text\/css\" data-created_by=\"avia_inline_auto\" id=\"style-css-av-2ydjoh-36-825a687895d40549d39c60ee1e1f8c3c\">\n.flex_column.av-2ydjoh-36-825a687895d40549d39c60ee1e1f8c3c{\nborder-radius:0px 0px 0px 0px;\npadding:20px 0px 0px 0px;\n}\n<\/style>\n<div  class='flex_column av-2ydjoh-36-825a687895d40549d39c60ee1e1f8c3c av_one_half  avia-builder-el-8  el_after_av_one_half  el_before_av_section  avia-builder-el-last  flex_column_div  '     ><style type=\"text\/css\" data-created_by=\"avia_inline_auto\" id=\"style-css-av-jrj1sw5l-d3e6ed638d8f10b28723eaa9da30bcbc\">\n.avia-image-container.av-jrj1sw5l-d3e6ed638d8f10b28723eaa9da30bcbc img.avia_image{\nbox-shadow:none;\n}\n.avia-image-container.av-jrj1sw5l-d3e6ed638d8f10b28723eaa9da30bcbc .av-image-caption-overlay-center{\ncolor:#ffffff;\n}\n<\/style>\n<div  class='avia-image-container av-jrj1sw5l-d3e6ed638d8f10b28723eaa9da30bcbc av-styling- avia-align-center  avia-builder-el-9  avia-builder-el-no-sibling '   itemprop=\"image\" itemscope=\"itemscope\" itemtype=\"https:\/\/schema.org\/ImageObject\" ><div class=\"avia-image-container-inner\"><div class=\"avia-image-overlay-wrap\"><img decoding=\"async\" fetchpriority=\"high\" class='wp-image-5553 avia-img-lazy-loading-not-5553 avia_image ' src=\"https:\/\/creublava.com\/wp-content\/uploads\/2024\/06\/TAC-dental-similar-1030x687.jpg\" alt='' title='TAC dental similar'  height=\"687\" width=\"1030\"  itemprop=\"thumbnailUrl\" srcset=\"https:\/\/creublava.com\/wp-content\/uploads\/2024\/06\/TAC-dental-similar-1030x687.jpg 1030w, https:\/\/creublava.com\/wp-content\/uploads\/2024\/06\/TAC-dental-similar-300x200.jpg 300w, https:\/\/creublava.com\/wp-content\/uploads\/2024\/06\/TAC-dental-similar-768x512.jpg 768w, https:\/\/creublava.com\/wp-content\/uploads\/2024\/06\/TAC-dental-similar-1536x1024.jpg 1536w, https:\/\/creublava.com\/wp-content\/uploads\/2024\/06\/TAC-dental-similar-2048x1365.jpg 2048w, https:\/\/creublava.com\/wp-content\/uploads\/2024\/06\/TAC-dental-similar-1500x1000.jpg 1500w, https:\/\/creublava.com\/wp-content\/uploads\/2024\/06\/TAC-dental-similar-705x470.jpg 705w\" sizes=\"(max-width: 1030px) 100vw, 1030px\" \/><\/div><\/div><\/div><\/div>\n<\/div><\/div><\/div><!-- close content main div --><\/div><\/div>\n<style type=\"text\/css\" data-created_by=\"avia_inline_auto\" id=\"style-css-av-2lxod4-63a8a66e57181a84440b225573b66286\">\n.avia-section.av-2lxod4-63a8a66e57181a84440b225573b66286{\nbackground-color:#e8e8e8;\nbackground-image:unset;\n}\n<\/style>\n<div id='av_section_1'  class='avia-section av-2lxod4-63a8a66e57181a84440b225573b66286 main_color avia-section-default avia-no-border-styling  avia-builder-el-10  el_after_av_one_half  avia-builder-el-last  avia-bg-style-scroll container_wrap fullsize'  ><div class='container av-section-cont-open' ><div class='template-page content  av-content-full alpha units'><div class='post-entry post-entry-type-page post-entry-5558'><div class='entry-content-wrapper clearfix'>\n\n<style type=\"text\/css\" data-created_by=\"avia_inline_auto\" id=\"style-css-av-jpmkgjfi-7-14-d003174b78d364086e4b57563c867206\">\n#top .togglecontainer.av-jpmkgjfi-7-14-d003174b78d364086e4b57563c867206 p.toggler.activeTitle{\ncolor:#40a8e4;\nborder-color:#40a8e4;\n}\n#top .togglecontainer.av-jpmkgjfi-7-14-d003174b78d364086e4b57563c867206 p.toggler:not(.activeTitle):hover{\ncolor:#000000;\n}\n#top .togglecontainer.av-jpmkgjfi-7-14-d003174b78d364086e4b57563c867206 p.toggler:not(.activeTitle):hover .toggle_icon, #top .togglecontainer.av-jpmkgjfi-7-14-d003174b78d364086e4b57563c867206 p.toggler:not(.activeTitle):hover .toggle_icon *{\nborder-color:#000000 !important;\n}\n<\/style>\n<div  class='togglecontainer av-jpmkgjfi-7-14-d003174b78d364086e4b57563c867206 av-minimal-toggle  avia-builder-el-11  avia-builder-el-no-sibling  toggle_close_all hasCurrentStyle' >\n<section class='av_toggle_section av-5ydd3l-6-13-07b5aaf837658baba45bf38df09aab82'  itemscope=\"itemscope\" itemtype=\"https:\/\/schema.org\/CreativeWork\" ><div role=\"tablist\" class=\"single_toggle\" data-tags=\"{All} \"  ><p id='toggle-toggle-id-1' data-fake-id='#toggle-id-1' class='toggler  av-title-above '  itemprop=\"headline\"  role='tab' tabindex='0' aria-controls='toggle-id-1' data-slide-speed=\"200\" data-title=\"Quin equip es fa servir?\" data-title-open=\"\" data-aria_collapsed=\"Click to expand: Quin equip es fa servir?\" data-aria_expanded=\"Click to collapse: Quin equip es fa servir?\">Quin equip es fa servir?<span class=\"toggle_icon\"><span class=\"vert_icon\"><\/span><span class=\"hor_icon\"><\/span><\/span><\/p><div id='toggle-id-1' aria-labelledby='toggle-toggle-id-1' role='region' class='toggle_wrap  av-title-above'  ><div class='toggle_content invers-color '  itemprop=\"text\" ><p>Equip Radiol\u00f2gic Digital<\/p>\n<\/div><\/div><\/div><\/section>\n<section class='av_toggle_section av-41mfvl-5-12-2bb8673b34da60ca818f67d3a1f8d280'  itemscope=\"itemscope\" itemtype=\"https:\/\/schema.org\/CreativeWork\" ><div role=\"tablist\" class=\"single_toggle\" data-tags=\"{All} \"  ><p id='toggle-toggle-id-2' data-fake-id='#toggle-id-2' class='toggler  av-title-above '  itemprop=\"headline\"  role='tab' tabindex='0' aria-controls='toggle-id-2' data-slide-speed=\"200\" data-title=\"Com em preparo?\" data-title-open=\"\" data-aria_collapsed=\"Click to expand: Com em preparo?\" data-aria_expanded=\"Click to collapse: Com em preparo?\">Com em preparo?<span class=\"toggle_icon\"><span class=\"vert_icon\"><\/span><span class=\"hor_icon\"><\/span><\/span><\/p><div id='toggle-id-2' aria-labelledby='toggle-toggle-id-2' role='region' class='toggle_wrap  av-title-above'  ><div class='toggle_content invers-color '  itemprop=\"text\" ><div>\n<section>\n<div id=\"tab-id-2-container\" aria-hidden=\"false\">\n<div>\n<p>No cal cap preparaci\u00f3 especial.<\/p>\n<\/div>\n<\/div>\n<\/section>\n<\/div>\n<\/div><\/div><\/div><\/section>\n<section class='av_toggle_section av-4u1w0h-11-d6c9316bcabfaebcd23f4e7f271cb30d'  itemscope=\"itemscope\" itemtype=\"https:\/\/schema.org\/CreativeWork\" ><div role=\"tablist\" class=\"single_toggle\" data-tags=\"{All} \"  ><p id='toggle-toggle-id-3' data-fake-id='#toggle-id-3' class='toggler  av-title-above '  itemprop=\"headline\"  role='tab' tabindex='0' aria-controls='toggle-id-3' data-slide-speed=\"200\" data-title=\"Quant de temps dura?\" data-title-open=\"\" data-aria_collapsed=\"Click to expand: Quant de temps dura?\" data-aria_expanded=\"Click to collapse: Quant de temps dura?\">Quant de temps dura?<span class=\"toggle_icon\"><span class=\"vert_icon\"><\/span><span class=\"hor_icon\"><\/span><\/span><\/p><div id='toggle-id-3' aria-labelledby='toggle-toggle-id-3' role='region' class='toggle_wrap  av-title-above'  ><div class='toggle_content invers-color '  itemprop=\"text\" ><p>10 minuts<\/p>\n<\/div><\/div><\/div><\/section>\n<section class='av_toggle_section av-5ulwk1-4-10-5179a64c2117236335086d4bf68bf768'  itemscope=\"itemscope\" itemtype=\"https:\/\/schema.org\/CreativeWork\" ><div role=\"tablist\" class=\"single_toggle\" data-tags=\"{All} \"  ><p id='toggle-toggle-id-4' data-fake-id='#toggle-id-4' class='toggler  av-title-above '  itemprop=\"headline\"  role='tab' tabindex='0' aria-controls='toggle-id-4' data-slide-speed=\"200\" data-title=\"Qu\u00e8 he de fer despr\u00e9s?\" data-title-open=\"\" data-aria_collapsed=\"Click to expand: Qu\u00e8 he de fer despr\u00e9s?\" data-aria_expanded=\"Click to collapse: Qu\u00e8 he de fer despr\u00e9s?\">Qu\u00e8 he de fer despr\u00e9s?<span class=\"toggle_icon\"><span class=\"vert_icon\"><\/span><span class=\"hor_icon\"><\/span><\/span><\/p><div id='toggle-id-4' aria-labelledby='toggle-toggle-id-4' role='region' class='toggle_wrap  av-title-above'  ><div class='toggle_content invers-color '  itemprop=\"text\" ><p>Podreu fer vida normal.<\/p>\n<\/div><\/div><\/div><\/section>\n<section class='av_toggle_section av-4idd4h-3-9-f9a94c72df5f3f117ca76c67c1d4ffe9'  itemscope=\"itemscope\" itemtype=\"https:\/\/schema.org\/CreativeWork\" ><div role=\"tablist\" class=\"single_toggle\" data-tags=\"{All} \"  ><p id='toggle-toggle-id-5' data-fake-id='#toggle-id-5' class='toggler  av-title-above '  itemprop=\"headline\"  role='tab' tabindex='0' aria-controls='toggle-id-5' data-slide-speed=\"200\" data-title=\"Observacions\" data-title-open=\"\" data-aria_collapsed=\"Click to expand: Observacions\" data-aria_expanded=\"Click to collapse: Observacions\">Observacions<span class=\"toggle_icon\"><span class=\"vert_icon\"><\/span><span class=\"hor_icon\"><\/span><\/span><\/p><div id='toggle-id-5' aria-labelledby='toggle-toggle-id-5' role='region' class='toggle_wrap  av-title-above'  ><div class='toggle_content invers-color '  itemprop=\"text\" ><p>\u00c9s molt <strong>IMPORTANT<\/strong> portar els estudis anteriors.<\/p>\n<\/div><\/div><\/div><\/section>\n<\/div>\n\n","protected":false},"excerpt":{"rendered":"","protected":false},"author":1,"featured_media":0,"parent":0,"menu_order":0,"comment_status":"closed","ping_status":"closed","template":"","meta":{"footnotes":""},"class_list":["post-5558","page","type-page","status-publish","hentry"],"yoast_head":"<!-- This site is optimized with the Yoast SEO plugin v27.4 - https:\/\/yoast.com\/product\/yoast-seo-wordpress\/ -->\n<title>TAC 3D - Creu Blava<\/title>\n<meta name=\"robots\" content=\"index, follow, max-snippet:-1, max-image-preview:large, max-video-preview:-1\" \/>\n<link rel=\"canonical\" href=\"https:\/\/creublava.com\/ca\/tac-3d\/\" \/>\n<meta property=\"og:locale\" content=\"ca_ES\" \/>\n<meta property=\"og:type\" content=\"article\" \/>\n<meta property=\"og:title\" content=\"TAC 3D - Creu Blava\" \/>\n<meta property=\"og:url\" content=\"https:\/\/creublava.com\/ca\/tac-3d\/\" \/>\n<meta property=\"og:site_name\" content=\"Creu Blava\" \/>\n<meta property=\"article:modified_time\" content=\"2025-08-20T08:06:49+00:00\" \/>\n<meta name=\"twitter:card\" content=\"summary_large_image\" \/>\n<meta name=\"twitter:label1\" content=\"Temps estimat de lectura\" \/>\n\t<meta name=\"twitter:data1\" content=\"2 minuts\" \/>\n<script type=\"application\/ld+json\" class=\"yoast-schema-graph\">{\"@context\":\"https:\\\/\\\/schema.org\",\"@graph\":[{\"@type\":\"WebPage\",\"@id\":\"https:\\\/\\\/creublava.com\\\/ca\\\/tac-3d\\\/\",\"url\":\"https:\\\/\\\/creublava.com\\\/ca\\\/tac-3d\\\/\",\"name\":\"TAC 3D - Creu Blava\",\"isPartOf\":{\"@id\":\"https:\\\/\\\/creublava.com\\\/ca\\\/#website\"},\"datePublished\":\"2024-06-19T14:53:56+00:00\",\"dateModified\":\"2025-08-20T08:06:49+00:00\",\"breadcrumb\":{\"@id\":\"https:\\\/\\\/creublava.com\\\/ca\\\/tac-3d\\\/#breadcrumb\"},\"inLanguage\":\"ca\",\"potentialAction\":[{\"@type\":\"ReadAction\",\"target\":[\"https:\\\/\\\/creublava.com\\\/ca\\\/tac-3d\\\/\"]}]},{\"@type\":\"BreadcrumbList\",\"@id\":\"https:\\\/\\\/creublava.com\\\/ca\\\/tac-3d\\\/#breadcrumb\",\"itemListElement\":[{\"@type\":\"ListItem\",\"position\":1,\"name\":\"Portada\",\"item\":\"https:\\\/\\\/creublava.com\\\/ca\\\/creublava-malgrat-de-mar\\\/\"},{\"@type\":\"ListItem\",\"position\":2,\"name\":\"TAC 3D\"}]},{\"@type\":\"WebSite\",\"@id\":\"https:\\\/\\\/creublava.com\\\/ca\\\/#website\",\"url\":\"https:\\\/\\\/creublava.com\\\/ca\\\/\",\"name\":\"Cloutions\",\"description\":\"Centro cl\u00ednico en Malgrat de Mar\",\"potentialAction\":[{\"@type\":\"SearchAction\",\"target\":{\"@type\":\"EntryPoint\",\"urlTemplate\":\"https:\\\/\\\/creublava.com\\\/ca\\\/?s={search_term_string}\"},\"query-input\":{\"@type\":\"PropertyValueSpecification\",\"valueRequired\":true,\"valueName\":\"search_term_string\"}}],\"inLanguage\":\"ca\"}]}<\/script>\n<!-- \/ Yoast SEO plugin. -->","yoast_head_json":{"title":"TAC 3D - Creu Blava","robots":{"index":"index","follow":"follow","max-snippet":"max-snippet:-1","max-image-preview":"max-image-preview:large","max-video-preview":"max-video-preview:-1"},"canonical":"https:\/\/creublava.com\/ca\/tac-3d\/","og_locale":"ca_ES","og_type":"article","og_title":"TAC 3D - Creu Blava","og_url":"https:\/\/creublava.com\/ca\/tac-3d\/","og_site_name":"Creu Blava","article_modified_time":"2025-08-20T08:06:49+00:00","twitter_card":"summary_large_image","twitter_misc":{"Temps estimat de lectura":"2 minuts"},"schema":{"@context":"https:\/\/schema.org","@graph":[{"@type":"WebPage","@id":"https:\/\/creublava.com\/ca\/tac-3d\/","url":"https:\/\/creublava.com\/ca\/tac-3d\/","name":"TAC 3D - Creu Blava","isPartOf":{"@id":"https:\/\/creublava.com\/ca\/#website"},"datePublished":"2024-06-19T14:53:56+00:00","dateModified":"2025-08-20T08:06:49+00:00","breadcrumb":{"@id":"https:\/\/creublava.com\/ca\/tac-3d\/#breadcrumb"},"inLanguage":"ca","potentialAction":[{"@type":"ReadAction","target":["https:\/\/creublava.com\/ca\/tac-3d\/"]}]},{"@type":"BreadcrumbList","@id":"https:\/\/creublava.com\/ca\/tac-3d\/#breadcrumb","itemListElement":[{"@type":"ListItem","position":1,"name":"Portada","item":"https:\/\/creublava.com\/ca\/creublava-malgrat-de-mar\/"},{"@type":"ListItem","position":2,"name":"TAC 3D"}]},{"@type":"WebSite","@id":"https:\/\/creublava.com\/ca\/#website","url":"https:\/\/creublava.com\/ca\/","name":"Cloutions","description":"Centro cl\u00ednico en Malgrat de Mar","potentialAction":[{"@type":"SearchAction","target":{"@type":"EntryPoint","urlTemplate":"https:\/\/creublava.com\/ca\/?s={search_term_string}"},"query-input":{"@type":"PropertyValueSpecification","valueRequired":true,"valueName":"search_term_string"}}],"inLanguage":"ca"}]}},"_links":{"self":[{"href":"https:\/\/creublava.com\/ca\/wp-json\/wp\/v2\/pages\/5558","targetHints":{"allow":["GET"]}}],"collection":[{"href":"https:\/\/creublava.com\/ca\/wp-json\/wp\/v2\/pages"}],"about":[{"href":"https:\/\/creublava.com\/ca\/wp-json\/wp\/v2\/types\/page"}],"author":[{"embeddable":true,"href":"https:\/\/creublava.com\/ca\/wp-json\/wp\/v2\/users\/1"}],"replies":[{"embeddable":true,"href":"https:\/\/creublava.com\/ca\/wp-json\/wp\/v2\/comments?post=5558"}],"version-history":[{"count":0,"href":"https:\/\/creublava.com\/ca\/wp-json\/wp\/v2\/pages\/5558\/revisions"}],"wp:attachment":[{"href":"https:\/\/creublava.com\/ca\/wp-json\/wp\/v2\/media?parent=5558"}],"curies":[{"name":"wp","href":"https:\/\/api.w.org\/{rel}","templated":true}]}}