{"id":5559,"date":"2024-06-19T14:58:30","date_gmt":"2024-06-19T14:58:30","guid":{"rendered":"https:\/\/creublava.com\/telemetria-extremidades\/"},"modified":"2025-08-20T08:07:14","modified_gmt":"2025-08-20T08:07:14","slug":"telemetria-extremitats","status":"publish","type":"page","link":"https:\/\/creublava.com\/ca\/telemetria-extremitats\/","title":{"rendered":"Telemetria d&#8217;extremitats"},"content":{"rendered":"<div id='av-layout-grid-1'  class='av-layout-grid-container av-jpkyr0tf-caa11138a32817598e2ea38b4dc49dcf entry-content-wrapper main_color av-flex-cells  avia-builder-el-0  el_before_av_one_half  avia-builder-el-first   container_wrap fullsize'  >\n\n<style type=\"text\/css\" data-created_by=\"avia_inline_auto\" id=\"style-css-av-jpkyz2g5-6f66b3c1c9dadbb2fa7bca93dfc31c88\">\n.flex_cell.av-jpkyz2g5-6f66b3c1c9dadbb2fa7bca93dfc31c88{\nvertical-align:top;\nheight:500px;\nmin-height:500px;\nbackground:url(https:\/\/creublava.com\/wp-content\/uploads\/2018\/12\/RayosX-e1523834221544.jpg) 50% 50% no-repeat scroll ;\n}\n.responsive #top #wrap_all .flex_cell.av-jpkyz2g5-6f66b3c1c9dadbb2fa7bca93dfc31c88{\npadding:30px 30px 30px 30px !important;\n}\n<\/style>\n<div class='flex_cell av-jpkyz2g5-6f66b3c1c9dadbb2fa7bca93dfc31c88 av-gridrow-cell av_one_half no_margin  avia-builder-el-1  el_before_av_cell_one_half  avia-builder-el-first  content-align-top avia-full-stretch'  ><div class='flex_cell_inner'><\/div><\/div>\n<style type=\"text\/css\" data-created_by=\"avia_inline_auto\" id=\"style-css-av-jpkz03j8-d8ff8f85e64b4589fd1309656cfde080\">\n.flex_cell.av-jpkz03j8-d8ff8f85e64b4589fd1309656cfde080{\nvertical-align:middle;\nheight:500px;\nmin-height:500px;\nbackground-color:#0174c5;\n}\n.responsive #top #wrap_all .flex_cell.av-jpkz03j8-d8ff8f85e64b4589fd1309656cfde080{\npadding:80px 80px 80px 80px !important;\n}\n<\/style>\n<div class='flex_cell av-jpkz03j8-d8ff8f85e64b4589fd1309656cfde080 av-gridrow-cell av_one_half no_margin  avia-builder-el-2  el_after_av_cell_one_half  avia-builder-el-last  content-align-middle'  ><div class='flex_cell_inner'>\n<style type=\"text\/css\" data-created_by=\"avia_inline_auto\" id=\"style-css-av-9hoep-eef412c6f31199e6efdfa216516f99df\">\n#top .av-special-heading.av-9hoep-eef412c6f31199e6efdfa216516f99df{\npadding-bottom:10px;\ncolor:#ffffff;\nfont-size:34px;\n}\nbody .av-special-heading.av-9hoep-eef412c6f31199e6efdfa216516f99df .av-special-heading-tag .heading-char{\nfont-size:25px;\n}\n#top #wrap_all .av-special-heading.av-9hoep-eef412c6f31199e6efdfa216516f99df .av-special-heading-tag{\nfont-size:34px;\n}\n.av-special-heading.av-9hoep-eef412c6f31199e6efdfa216516f99df .special-heading-inner-border{\nborder-color:#ffffff;\n}\n.av-special-heading.av-9hoep-eef412c6f31199e6efdfa216516f99df .av-subheading{\nfont-size:15px;\n}\n\n@media only screen and (min-width: 480px) and (max-width: 767px){ \n#top #wrap_all .av-special-heading.av-9hoep-eef412c6f31199e6efdfa216516f99df .av-special-heading-tag{\nfont-size:0.8em;\n}\n}\n\n@media only screen and (max-width: 479px){ \n#top #wrap_all .av-special-heading.av-9hoep-eef412c6f31199e6efdfa216516f99df .av-special-heading-tag{\nfont-size:0.8em;\n}\n}\n<\/style>\n<div  class='av-special-heading av-9hoep-eef412c6f31199e6efdfa216516f99df av-special-heading-h3 custom-color-heading blockquote modern-quote modern-centered  avia-builder-el-3  avia-builder-el-no-sibling  av-inherit-size av-linked-heading'><h3 class='av-special-heading-tag '  itemprop=\"headline\"  >Telemetria \u00f2ssia d\u2019extremitats<\/h3><div class='av_custom_color av-subheading av-subheading_below'><p>Es tracta d&#8217;una exploraci\u00f3 radiol\u00f2gica de les dues cames que es fa dreta i que va des dels turmells fins als malucs.<\/p>\n<\/div><div class=\"special-heading-border\"><div class=\"special-heading-inner-border\"><\/div><\/div><\/div>\n<\/div><\/div>\n<\/div><div id='after_grid_row_1'  class='main_color av_default_container_wrap container_wrap fullsize'  ><div class='container av-section-cont-open' ><div class='template-page content  av-content-full alpha units'><div class='post-entry post-entry-type-page post-entry-5559'><div class='entry-content-wrapper clearfix'>\n\n<style type=\"text\/css\" data-created_by=\"avia_inline_auto\" id=\"style-css-av-2ydjoh-8505c90dac3bd46dc7f2751d29fbb700\">\n.flex_column.av-2ydjoh-8505c90dac3bd46dc7f2751d29fbb700{\nborder-radius:0px 0px 0px 0px;\npadding:20px 0px 0px 0px;\n}\n<\/style>\n<div  class='flex_column av-2ydjoh-8505c90dac3bd46dc7f2751d29fbb700 av_one_half  avia-builder-el-4  el_after_av_layout_row  el_before_av_one_half  avia-builder-el-first  first flex_column_div  '     ><p>\n<style type=\"text\/css\" data-created_by=\"avia_inline_auto\" id=\"style-css-av-87pthd-b15436a22fe89df44c21f0473e9fdf99\">\n#top .av-special-heading.av-87pthd-b15436a22fe89df44c21f0473e9fdf99{\npadding-bottom:10px;\n}\nbody .av-special-heading.av-87pthd-b15436a22fe89df44c21f0473e9fdf99 .av-special-heading-tag .heading-char{\nfont-size:25px;\n}\n.av-special-heading.av-87pthd-b15436a22fe89df44c21f0473e9fdf99 .av-subheading{\nfont-size:15px;\n}\n<\/style>\n<div  class='av-special-heading av-87pthd-b15436a22fe89df44c21f0473e9fdf99 av-special-heading-h2 blockquote modern-quote modern-centered  avia-builder-el-5  el_before_av_textblock  avia-builder-el-first  av-linked-heading'><h2 class='av-special-heading-tag '  itemprop=\"headline\"  >MEDICINA ORTOP\u00c8DICA<\/h2><div class=\"special-heading-border\"><div class=\"special-heading-inner-border\"><\/div><\/div><\/div><br \/>\n<section  class='av_textblock_section av-jpmjn61t-1e7d4ee191ef24320c62583f5fd08050 '   itemscope=\"itemscope\" itemtype=\"https:\/\/schema.org\/CreativeWork\" ><div class='avia_textblock'  itemprop=\"text\" ><p>La telemetria d&#8217;extremitats inferiors \u00e9s una t\u00e8cnica radiol\u00f2gica utilitzada a les dues cames, per valorar dismetries de les extremitats inferiors a trav\u00e9s d&#8217;una radiografia des de la pelvis fins al turmell.<\/p>\n<p>Aquest procediment \u00e9s essencial en la valoraci\u00f3 i el diagn\u00f2stic de desigualtats a les extremitats, que poden causar problemes de postura i dolor cr\u00f2nic.<\/p>\n<\/div><\/section><br \/>\n<section  class='av_textblock_section av-lxn1fjt9-6c42bc333c4df58f022c06df1e992342 '   itemscope=\"itemscope\" itemtype=\"https:\/\/schema.org\/CreativeWork\" ><div class='avia_textblock'  itemprop=\"text\" ><p>Per qu\u00e8 serveix?<\/p>\n<p>Serveix per mesurar possibles escur\u00e7aments de les extremitats inferiors.<\/p>\n<p>Un escur\u00e7ament d&#8217;una extremitat sobre una altra pot ser causa d&#8217;escoliosi, coixeres, anomalies a la marxa i artrosi preco\u00e7.<\/p>\n<p>Tamb\u00e9 serveix per mesurar possibles desviacions o angulaments de les extremitats inferiors com el valg o el var i que, a la llarga, poden generar artrosi de genoll, turmell i maluc.<\/p>\n<p>La telemetria \u00f2ssia t\u00e9 com a objectiu mesurar possibles difer\u00e8ncies de mida o desviacions entre les extremitats, que si no es tracten a temps poden derivar en artrosi o altres complicacions que es podrien tractar amb prevenci\u00f3.<\/p>\n<\/div><\/section><br \/>\n<section  class='av_textblock_section av-2m4ypo-31d6c2573c8b23ac49173aa7026bd2ff '   itemscope=\"itemscope\" itemtype=\"https:\/\/schema.org\/CreativeWork\" ><div class='avia_textblock'  itemprop=\"text\" ><p>La telemetria sol tenir una durada de 10 minuts, es tracta d&#8217;una prova indolora i senzilla i per fer-la no cal cap preparaci\u00f3 especial.<\/p>\n<\/div><\/section><\/p><\/div>\n\n<style type=\"text\/css\" data-created_by=\"avia_inline_auto\" id=\"style-css-av-2ydjoh-36-825a687895d40549d39c60ee1e1f8c3c\">\n.flex_column.av-2ydjoh-36-825a687895d40549d39c60ee1e1f8c3c{\nborder-radius:0px 0px 0px 0px;\npadding:20px 0px 0px 0px;\n}\n<\/style>\n<div  class='flex_column av-2ydjoh-36-825a687895d40549d39c60ee1e1f8c3c av_one_half  avia-builder-el-9  el_after_av_one_half  el_before_av_section  avia-builder-el-last  flex_column_div  '     ><style type=\"text\/css\" data-created_by=\"avia_inline_auto\" id=\"style-css-av-jrj1sw5l-67d29cbd5bee69c060b2f0b79854bdf6\">\n.avia-image-container.av-jrj1sw5l-67d29cbd5bee69c060b2f0b79854bdf6 img.avia_image{\nbox-shadow:none;\n}\n.avia-image-container.av-jrj1sw5l-67d29cbd5bee69c060b2f0b79854bdf6 .av-image-caption-overlay-center{\ncolor:#ffffff;\n}\n<\/style>\n<div  class='avia-image-container av-jrj1sw5l-67d29cbd5bee69c060b2f0b79854bdf6 av-styling- avia-align-center  avia-builder-el-10  avia-builder-el-no-sibling '   itemprop=\"image\" itemscope=\"itemscope\" itemtype=\"https:\/\/schema.org\/ImageObject\" ><div class=\"avia-image-container-inner\"><div class=\"avia-image-overlay-wrap\"><img decoding=\"async\" fetchpriority=\"high\" class='wp-image-4757 avia-img-lazy-loading-not-4757 avia_image ' src=\"https:\/\/creublava.com\/wp-content\/uploads\/2019\/03\/1553587454_IMG3213.jpg\" alt='' title=''  height=\"428\" width=\"640\"  itemprop=\"thumbnailUrl\" srcset=\"https:\/\/creublava.com\/wp-content\/uploads\/2019\/03\/1553587454_IMG3213.jpg 640w, https:\/\/creublava.com\/wp-content\/uploads\/2019\/03\/1553587454_IMG3213-300x201.jpg 300w, https:\/\/creublava.com\/wp-content\/uploads\/2019\/03\/1553587454_IMG3213-450x301.jpg 450w\" sizes=\"(max-width: 640px) 100vw, 640px\" \/><\/div><\/div><\/div><\/div>\n<\/div><\/div><\/div><!-- close content main div --><\/div><\/div>\n<style type=\"text\/css\" data-created_by=\"avia_inline_auto\" id=\"style-css-av-lxmx51jq-0ae4ba81d6eca993a5b1ca5012c51809\">\n.avia-section.av-lxmx51jq-0ae4ba81d6eca993a5b1ca5012c51809{\nbackground-color:#e8e8e8;\nbackground-image:unset;\n}\n<\/style>\n<div id='av_section_1'  class='avia-section av-lxmx51jq-0ae4ba81d6eca993a5b1ca5012c51809 main_color avia-section-default avia-no-border-styling  avia-builder-el-11  el_after_av_one_half  avia-builder-el-last  avia-bg-style-scroll container_wrap fullsize'  ><div class='container av-section-cont-open' ><div class='template-page content  av-content-full alpha units'><div class='post-entry post-entry-type-page post-entry-5559'><div class='entry-content-wrapper clearfix'>\n\n<style type=\"text\/css\" data-created_by=\"avia_inline_auto\" id=\"style-css-av-jpmkgjfi-7-6-0380fd3c4ff8f7e1cf5964b0003f6658\">\n#top .togglecontainer.av-jpmkgjfi-7-6-0380fd3c4ff8f7e1cf5964b0003f6658 p.toggler.activeTitle{\ncolor:#40a8e4;\nborder-color:#40a8e4;\n}\n#top .togglecontainer.av-jpmkgjfi-7-6-0380fd3c4ff8f7e1cf5964b0003f6658 p.toggler:not(.activeTitle):hover{\ncolor:#000000;\n}\n#top .togglecontainer.av-jpmkgjfi-7-6-0380fd3c4ff8f7e1cf5964b0003f6658 p.toggler:not(.activeTitle):hover .toggle_icon, #top .togglecontainer.av-jpmkgjfi-7-6-0380fd3c4ff8f7e1cf5964b0003f6658 p.toggler:not(.activeTitle):hover .toggle_icon *{\nborder-color:#000000 !important;\n}\n<\/style>\n<div  class='togglecontainer av-jpmkgjfi-7-6-0380fd3c4ff8f7e1cf5964b0003f6658 av-minimal-toggle  avia-builder-el-12  avia-builder-el-no-sibling  toggle_close_all hasCurrentStyle' >\n<section class='av_toggle_section av-5ydd3l-6-5-480bbadb108e776fdfe250ecc28e812e'  itemscope=\"itemscope\" itemtype=\"https:\/\/schema.org\/CreativeWork\" ><div role=\"tablist\" class=\"single_toggle\" data-tags=\"{All} \"  ><p id='toggle-toggle-id-1' data-fake-id='#toggle-id-1' class='toggler  av-title-above '  itemprop=\"headline\"  role='tab' tabindex='0' aria-controls='toggle-id-1' data-slide-speed=\"200\" data-title=\"Quin equip s\u2019utilitza?\" data-title-open=\"\" data-aria_collapsed=\"Click to expand: Quin equip s\u2019utilitza?\" data-aria_expanded=\"Click to collapse: Quin equip s\u2019utilitza?\">Quin equip s\u2019utilitza?<span class=\"toggle_icon\"><span class=\"vert_icon\"><\/span><span class=\"hor_icon\"><\/span><\/span><\/p><div id='toggle-id-1' aria-labelledby='toggle-toggle-id-1' role='region' class='toggle_wrap  av-title-above'  ><div class='toggle_content invers-color '  itemprop=\"text\" ><p>Equipo Radiol\u00f3gico Digital<\/p>\n<\/div><\/div><\/div><\/section>\n<section class='av_toggle_section av-41mfvl-5-4-414e19eaffc86ee78117762014b89172'  itemscope=\"itemscope\" itemtype=\"https:\/\/schema.org\/CreativeWork\" ><div role=\"tablist\" class=\"single_toggle\" data-tags=\"{All} \"  ><p id='toggle-toggle-id-2' data-fake-id='#toggle-id-2' class='toggler  av-title-above '  itemprop=\"headline\"  role='tab' tabindex='0' aria-controls='toggle-id-2' data-slide-speed=\"200\" data-title=\"Com em preparo?\" data-title-open=\"\" data-aria_collapsed=\"Click to expand: Com em preparo?\" data-aria_expanded=\"Click to collapse: Com em preparo?\">Com em preparo?<span class=\"toggle_icon\"><span class=\"vert_icon\"><\/span><span class=\"hor_icon\"><\/span><\/span><\/p><div id='toggle-id-2' aria-labelledby='toggle-toggle-id-2' role='region' class='toggle_wrap  av-title-above'  ><div class='toggle_content invers-color '  itemprop=\"text\" ><div>\n<section>\n<div id=\"tab-id-2-container\" aria-hidden=\"false\">\n<div>\n<p>No cal cap preparaci\u00f3 especial.<\/p>\n<\/div>\n<\/div>\n<\/section>\n<\/div>\n<\/div><\/div><\/div><\/section>\n<section class='av_toggle_section av-4u1w0h-3-49db765e6bb67c05be6e622cff2d81ec'  itemscope=\"itemscope\" itemtype=\"https:\/\/schema.org\/CreativeWork\" ><div role=\"tablist\" class=\"single_toggle\" data-tags=\"{All} \"  ><p id='toggle-toggle-id-3' data-fake-id='#toggle-id-3' class='toggler  av-title-above '  itemprop=\"headline\"  role='tab' tabindex='0' aria-controls='toggle-id-3' data-slide-speed=\"200\" data-title=\"Quant temps dura?\" data-title-open=\"\" data-aria_collapsed=\"Click to expand: Quant temps dura?\" data-aria_expanded=\"Click to collapse: Quant temps dura?\">Quant temps dura?<span class=\"toggle_icon\"><span class=\"vert_icon\"><\/span><span class=\"hor_icon\"><\/span><\/span><\/p><div id='toggle-id-3' aria-labelledby='toggle-toggle-id-3' role='region' class='toggle_wrap  av-title-above'  ><div class='toggle_content invers-color '  itemprop=\"text\" ><p>10 minutos<\/p>\n<\/div><\/div><\/div><\/section>\n<section class='av_toggle_section av-5ulwk1-4-2-f53c0ce5d51fbec8dc67014e0e63f121'  itemscope=\"itemscope\" itemtype=\"https:\/\/schema.org\/CreativeWork\" ><div role=\"tablist\" class=\"single_toggle\" data-tags=\"{All} \"  ><p id='toggle-toggle-id-4' data-fake-id='#toggle-id-4' class='toggler  av-title-above '  itemprop=\"headline\"  role='tab' tabindex='0' aria-controls='toggle-id-4' data-slide-speed=\"200\" data-title=\"Qu\u00e8 he de fer despr\u00e9s?\" data-title-open=\"\" data-aria_collapsed=\"Click to expand: Qu\u00e8 he de fer despr\u00e9s?\" data-aria_expanded=\"Click to collapse: Qu\u00e8 he de fer despr\u00e9s?\">Qu\u00e8 he de fer despr\u00e9s?<span class=\"toggle_icon\"><span class=\"vert_icon\"><\/span><span class=\"hor_icon\"><\/span><\/span><\/p><div id='toggle-id-4' aria-labelledby='toggle-toggle-id-4' role='region' class='toggle_wrap  av-title-above'  ><div class='toggle_content invers-color '  itemprop=\"text\" ><p>Podr\u00e0 fer vida normal<\/p>\n<\/div><\/div><\/div><\/section>\n<section class='av_toggle_section av-4idd4h-3-1-96cfb58923cf411abff6a679bec22cac'  itemscope=\"itemscope\" itemtype=\"https:\/\/schema.org\/CreativeWork\" ><div role=\"tablist\" class=\"single_toggle\" data-tags=\"{All} \"  ><p id='toggle-toggle-id-5' data-fake-id='#toggle-id-5' class='toggler  av-title-above '  itemprop=\"headline\"  role='tab' tabindex='0' aria-controls='toggle-id-5' data-slide-speed=\"200\" data-title=\"Observacions\" data-title-open=\"\" data-aria_collapsed=\"Click to expand: Observacions\" data-aria_expanded=\"Click to collapse: Observacions\">Observacions<span class=\"toggle_icon\"><span class=\"vert_icon\"><\/span><span class=\"hor_icon\"><\/span><\/span><\/p><div id='toggle-id-5' aria-labelledby='toggle-toggle-id-5' role='region' class='toggle_wrap  av-title-above'  ><div class='toggle_content invers-color '  itemprop=\"text\" ><p>\u00c9s molt <strong>IMPORTANT<\/strong> portar els estudis anteriors.<\/p>\n<\/div><\/div><\/div><\/section>\n<\/div>\n\n","protected":false},"excerpt":{"rendered":"","protected":false},"author":1,"featured_media":0,"parent":0,"menu_order":0,"comment_status":"closed","ping_status":"closed","template":"","meta":{"footnotes":""},"class_list":["post-5559","page","type-page","status-publish","hentry"],"yoast_head":"<!-- This site is optimized with the Yoast SEO plugin v27.3 - https:\/\/yoast.com\/product\/yoast-seo-wordpress\/ -->\n<title>Telemetria d&#039;extremitats - Creu Blava<\/title>\n<meta name=\"robots\" content=\"index, follow, max-snippet:-1, max-image-preview:large, max-video-preview:-1\" \/>\n<link rel=\"canonical\" href=\"https:\/\/creublava.com\/ca\/telemetria-extremitats\/\" \/>\n<meta property=\"og:locale\" content=\"ca_ES\" \/>\n<meta property=\"og:type\" content=\"article\" \/>\n<meta property=\"og:title\" content=\"Telemetria d&#039;extremitats - Creu Blava\" \/>\n<meta property=\"og:url\" content=\"https:\/\/creublava.com\/ca\/telemetria-extremitats\/\" \/>\n<meta property=\"og:site_name\" content=\"Creu Blava\" \/>\n<meta property=\"article:modified_time\" content=\"2025-08-20T08:07:14+00:00\" \/>\n<meta name=\"twitter:card\" content=\"summary_large_image\" \/>\n<meta name=\"twitter:label1\" content=\"Temps estimat de lectura\" \/>\n\t<meta name=\"twitter:data1\" content=\"2 minuts\" \/>\n<script type=\"application\/ld+json\" class=\"yoast-schema-graph\">{\"@context\":\"https:\\\/\\\/schema.org\",\"@graph\":[{\"@type\":\"WebPage\",\"@id\":\"https:\\\/\\\/creublava.com\\\/ca\\\/telemetria-extremitats\\\/\",\"url\":\"https:\\\/\\\/creublava.com\\\/ca\\\/telemetria-extremitats\\\/\",\"name\":\"Telemetria d'extremitats - Creu Blava\",\"isPartOf\":{\"@id\":\"https:\\\/\\\/creublava.com\\\/ca\\\/#website\"},\"datePublished\":\"2024-06-19T14:58:30+00:00\",\"dateModified\":\"2025-08-20T08:07:14+00:00\",\"breadcrumb\":{\"@id\":\"https:\\\/\\\/creublava.com\\\/ca\\\/telemetria-extremitats\\\/#breadcrumb\"},\"inLanguage\":\"ca\",\"potentialAction\":[{\"@type\":\"ReadAction\",\"target\":[\"https:\\\/\\\/creublava.com\\\/ca\\\/telemetria-extremitats\\\/\"]}]},{\"@type\":\"BreadcrumbList\",\"@id\":\"https:\\\/\\\/creublava.com\\\/ca\\\/telemetria-extremitats\\\/#breadcrumb\",\"itemListElement\":[{\"@type\":\"ListItem\",\"position\":1,\"name\":\"Portada\",\"item\":\"https:\\\/\\\/creublava.com\\\/ca\\\/creublava-malgrat-de-mar\\\/\"},{\"@type\":\"ListItem\",\"position\":2,\"name\":\"Telemetria d&#8217;extremitats\"}]},{\"@type\":\"WebSite\",\"@id\":\"https:\\\/\\\/creublava.com\\\/ca\\\/#website\",\"url\":\"https:\\\/\\\/creublava.com\\\/ca\\\/\",\"name\":\"Cloutions\",\"description\":\"Centro cl\u00ednico en Malgrat de Mar\",\"potentialAction\":[{\"@type\":\"SearchAction\",\"target\":{\"@type\":\"EntryPoint\",\"urlTemplate\":\"https:\\\/\\\/creublava.com\\\/ca\\\/?s={search_term_string}\"},\"query-input\":{\"@type\":\"PropertyValueSpecification\",\"valueRequired\":true,\"valueName\":\"search_term_string\"}}],\"inLanguage\":\"ca\"}]}<\/script>\n<!-- \/ Yoast SEO plugin. -->","yoast_head_json":{"title":"Telemetria d'extremitats - Creu Blava","robots":{"index":"index","follow":"follow","max-snippet":"max-snippet:-1","max-image-preview":"max-image-preview:large","max-video-preview":"max-video-preview:-1"},"canonical":"https:\/\/creublava.com\/ca\/telemetria-extremitats\/","og_locale":"ca_ES","og_type":"article","og_title":"Telemetria d'extremitats - Creu Blava","og_url":"https:\/\/creublava.com\/ca\/telemetria-extremitats\/","og_site_name":"Creu Blava","article_modified_time":"2025-08-20T08:07:14+00:00","twitter_card":"summary_large_image","twitter_misc":{"Temps estimat de lectura":"2 minuts"},"schema":{"@context":"https:\/\/schema.org","@graph":[{"@type":"WebPage","@id":"https:\/\/creublava.com\/ca\/telemetria-extremitats\/","url":"https:\/\/creublava.com\/ca\/telemetria-extremitats\/","name":"Telemetria d'extremitats - Creu Blava","isPartOf":{"@id":"https:\/\/creublava.com\/ca\/#website"},"datePublished":"2024-06-19T14:58:30+00:00","dateModified":"2025-08-20T08:07:14+00:00","breadcrumb":{"@id":"https:\/\/creublava.com\/ca\/telemetria-extremitats\/#breadcrumb"},"inLanguage":"ca","potentialAction":[{"@type":"ReadAction","target":["https:\/\/creublava.com\/ca\/telemetria-extremitats\/"]}]},{"@type":"BreadcrumbList","@id":"https:\/\/creublava.com\/ca\/telemetria-extremitats\/#breadcrumb","itemListElement":[{"@type":"ListItem","position":1,"name":"Portada","item":"https:\/\/creublava.com\/ca\/creublava-malgrat-de-mar\/"},{"@type":"ListItem","position":2,"name":"Telemetria d&#8217;extremitats"}]},{"@type":"WebSite","@id":"https:\/\/creublava.com\/ca\/#website","url":"https:\/\/creublava.com\/ca\/","name":"Cloutions","description":"Centro cl\u00ednico en Malgrat de Mar","potentialAction":[{"@type":"SearchAction","target":{"@type":"EntryPoint","urlTemplate":"https:\/\/creublava.com\/ca\/?s={search_term_string}"},"query-input":{"@type":"PropertyValueSpecification","valueRequired":true,"valueName":"search_term_string"}}],"inLanguage":"ca"}]}},"_links":{"self":[{"href":"https:\/\/creublava.com\/ca\/wp-json\/wp\/v2\/pages\/5559","targetHints":{"allow":["GET"]}}],"collection":[{"href":"https:\/\/creublava.com\/ca\/wp-json\/wp\/v2\/pages"}],"about":[{"href":"https:\/\/creublava.com\/ca\/wp-json\/wp\/v2\/types\/page"}],"author":[{"embeddable":true,"href":"https:\/\/creublava.com\/ca\/wp-json\/wp\/v2\/users\/1"}],"replies":[{"embeddable":true,"href":"https:\/\/creublava.com\/ca\/wp-json\/wp\/v2\/comments?post=5559"}],"version-history":[{"count":0,"href":"https:\/\/creublava.com\/ca\/wp-json\/wp\/v2\/pages\/5559\/revisions"}],"wp:attachment":[{"href":"https:\/\/creublava.com\/ca\/wp-json\/wp\/v2\/media?parent=5559"}],"curies":[{"name":"wp","href":"https:\/\/api.w.org\/{rel}","templated":true}]}}