{"id":6040,"date":"2024-07-25T10:41:04","date_gmt":"2024-07-25T10:41:04","guid":{"rendered":"https:\/\/creublava.com\/tricologia\/"},"modified":"2025-08-20T07:56:08","modified_gmt":"2025-08-20T07:56:08","slug":"tricologia","status":"publish","type":"page","link":"https:\/\/creublava.com\/ca\/tricologia\/","title":{"rendered":"Tricologia"},"content":{"rendered":"<div id='av-layout-grid-1'  class='av-layout-grid-container av-e5guzw-1c6fda7aad9dcf56614fd1147b800670 entry-content-wrapper main_color av-flex-cells  avia-builder-el-0  el_before_av_section  avia-builder-el-first   container_wrap fullsize'  >\n\n<style type=\"text\/css\" data-created_by=\"avia_inline_auto\" id=\"style-css-av-c65zl8-05e32a14db1085d31e6a168d62bfe782\">\n.flex_cell.av-c65zl8-05e32a14db1085d31e6a168d62bfe782{\nvertical-align:middle;\nheight:500px;\nmin-height:500px;\nbackground:url(https:\/\/creublava.com\/wp-content\/uploads\/2024\/07\/man-getting-hair-loss-treatment-1030x687.jpg) 50% 0% no-repeat scroll #22689e;\n}\n.responsive #top #wrap_all .flex_cell.av-c65zl8-05e32a14db1085d31e6a168d62bfe782{\npadding:0px 0px 0px 0px !important;\n}\n<\/style>\n<div class='flex_cell av-c65zl8-05e32a14db1085d31e6a168d62bfe782 av-gridrow-cell av_one_half no_margin  avia-builder-el-1  el_before_av_cell_one_half  avia-builder-el-first  content-align-middle av-zero-padding avia-full-stretch'  ><div class='flex_cell_inner'><\/div><\/div>\n<style type=\"text\/css\" data-created_by=\"avia_inline_auto\" id=\"style-css-av-avyjbw-bb3635054c8f5d5026dc9095b9233cd8\">\n.flex_cell.av-avyjbw-bb3635054c8f5d5026dc9095b9233cd8{\nvertical-align:middle;\nheight:500px;\nmin-height:500px;\nbackground-color:#0174c5;\n}\n.responsive #top #wrap_all .flex_cell.av-avyjbw-bb3635054c8f5d5026dc9095b9233cd8{\npadding:80px 80px 80px 80px !important;\n}\n<\/style>\n<div class='flex_cell av-avyjbw-bb3635054c8f5d5026dc9095b9233cd8 av-gridrow-cell av_one_half no_margin  avia-builder-el-2  el_after_av_cell_one_half  avia-builder-el-last  content-align-middle'  ><div class='flex_cell_inner'><p>\n<style type=\"text\/css\" data-created_by=\"avia_inline_auto\" id=\"style-css-av-2gqa9q-c70cd9f15ea4d1e3dcf458e4e0c753f5\">\n#top .av-special-heading.av-2gqa9q-c70cd9f15ea4d1e3dcf458e4e0c753f5{\npadding-bottom:25px;\ncolor:#ffffff;\nfont-size:34px;\n}\nbody .av-special-heading.av-2gqa9q-c70cd9f15ea4d1e3dcf458e4e0c753f5 .av-special-heading-tag .heading-char{\nfont-size:25px;\n}\n#top #wrap_all .av-special-heading.av-2gqa9q-c70cd9f15ea4d1e3dcf458e4e0c753f5 .av-special-heading-tag{\nfont-size:34px;\n}\n.av-special-heading.av-2gqa9q-c70cd9f15ea4d1e3dcf458e4e0c753f5 .special-heading-inner-border{\nborder-color:#ffffff;\n}\n.av-special-heading.av-2gqa9q-c70cd9f15ea4d1e3dcf458e4e0c753f5 .av-subheading{\nfont-size:15px;\n}\n\n@media only screen and (min-width: 480px) and (max-width: 767px){ \n#top #wrap_all .av-special-heading.av-2gqa9q-c70cd9f15ea4d1e3dcf458e4e0c753f5 .av-special-heading-tag{\nfont-size:0.8em;\n}\n}\n\n@media only screen and (max-width: 479px){ \n#top #wrap_all .av-special-heading.av-2gqa9q-c70cd9f15ea4d1e3dcf458e4e0c753f5 .av-special-heading-tag{\nfont-size:0.8em;\n}\n}\n<\/style>\n<div  class='av-special-heading av-2gqa9q-c70cd9f15ea4d1e3dcf458e4e0c753f5 av-special-heading-h3 custom-color-heading blockquote modern-quote modern-centered  avia-builder-el-3  el_before_av_textblock  avia-builder-el-first  av-inherit-size av-linked-heading'><h3 class='av-special-heading-tag '  itemprop=\"headline\"  >NEFROLOGIA<\/h3><div class=\"special-heading-border\"><div class=\"special-heading-inner-border\"><\/div><\/div><\/div><br \/>\n\n<style type=\"text\/css\" data-created_by=\"avia_inline_auto\" id=\"style-css-av-9usg18-4e9bc52d73ef7518577259b32f3852ed\">\n#top .av_textblock_section.av-9usg18-4e9bc52d73ef7518577259b32f3852ed .avia_textblock{\ncolor:#ffffff;\n}\n<\/style>\n<section  class='av_textblock_section av-9usg18-4e9bc52d73ef7518577259b32f3852ed '   itemscope=\"itemscope\" itemtype=\"https:\/\/schema.org\/CreativeWork\" ><div class='avia_textblock av_inherit_color'  itemprop=\"text\" ><blockquote>\n<p><em>&#8220;La salut f\u00edsica \u00e9s el primer requisit de la felicitat&#8221;. <\/em><\/p>\n<p>Joseph Pilates.<\/p>\n<\/blockquote>\n<\/div><\/section><\/p>\n<\/div><\/div>\n<\/div>\n\n<style type=\"text\/css\" data-created_by=\"avia_inline_auto\" id=\"style-css-av-fpgx5z-29433baf8fd4b52b91d5b3320341b9d3\">\n.avia-section.av-fpgx5z-29433baf8fd4b52b91d5b3320341b9d3{\nbackground-color:#e8e8e8;\nbackground-image:unset;\n}\n<\/style>\n<div id='av_section_1'  class='avia-section av-fpgx5z-29433baf8fd4b52b91d5b3320341b9d3 main_color avia-section-default avia-no-border-styling  avia-builder-el-5  el_after_av_layout_row  el_before_av_textblock  avia-bg-style-scroll container_wrap fullsize'  ><div class='container av-section-cont-open' ><div class='template-page content  av-content-full alpha units'><div class='post-entry post-entry-type-page post-entry-6040'><div class='entry-content-wrapper clearfix'>\n\n<style type=\"text\/css\" data-created_by=\"avia_inline_auto\" id=\"style-css-av-cfqvri-396dcf8911c450cdc988fbf1df1d8498\">\n#top .av-special-heading.av-cfqvri-396dcf8911c450cdc988fbf1df1d8498{\npadding-bottom:10px;\n}\nbody .av-special-heading.av-cfqvri-396dcf8911c450cdc988fbf1df1d8498 .av-special-heading-tag .heading-char{\nfont-size:25px;\n}\n.av-special-heading.av-cfqvri-396dcf8911c450cdc988fbf1df1d8498 .av-subheading{\nfont-size:15px;\n}\n<\/style>\n<div  class='av-special-heading av-cfqvri-396dcf8911c450cdc988fbf1df1d8498 av-special-heading-h2 blockquote modern-quote  avia-builder-el-6  el_before_av_textblock  avia-builder-el-first  av-linked-heading'><h2 class='av-special-heading-tag '  itemprop=\"headline\"  >NEFROLOGIA<\/h2><div class=\"special-heading-border\"><div class=\"special-heading-inner-border\"><\/div><\/div><\/div>\n<section  class='av_textblock_section av-lusi4yuc-b9927920de27683a7f8d13fc19ff16ec '   itemscope=\"itemscope\" itemtype=\"https:\/\/schema.org\/CreativeWork\" ><div class='avia_textblock'  itemprop=\"text\" ><p>La nefrologia \u00e9s l&#8217;especialitat m\u00e8dica que s&#8217;ocupa de l&#8217;estudi, prevenci\u00f3, diagn\u00f2stic i tractament de les malalties del rony\u00f3, aix\u00ed com de les vies urin\u00e0ries i les seves repercussions en el rony\u00f3. La paraula &#8220;nefrologia&#8221; prov\u00e9 del grec &#8220;nephros&#8221;\u00a0(rony\u00f3) i &#8220;-log\u00eda&#8221;\u00a0(estudi).<br \/>\n<strong>Aspectes clau de la nefrologia:<\/strong><br \/>\nEstudi de l&#8217;estructura i funci\u00f3 renal:<br \/>\nLa nefrologia analitza l&#8217;anatomia, fisiologia i patologia dels ronyons, incloent-hi les vies urin\u00e0ries.<br \/>\n<strong>Prevenci\u00f3 i tractament de malalties renals:<\/strong><br \/>\nEls nefr\u00f2legs s&#8217;encarreguen de diagnosticar i tractar diverses afeccions renals, com la insufici\u00e8ncia renal cr\u00f2nica, malalties glomerulars, malalties tubulars, i altres patologies.<br \/>\n<strong>Atenci\u00f3 a pacients amb malalties renals:<\/strong><br \/>\nEls nefr\u00f2legs ofereixen atenci\u00f3 integral a pacients amb malalties renals, tant en consulta externa com en hospitalitzaci\u00f3, urg\u00e8ncies i UCI.<br \/>\n<strong>Col\u00b7laboraci\u00f3 multidisciplin\u00e0ria:<\/strong><br \/>\nLa nefrologia treballa en col\u00b7laboraci\u00f3 amb altres especialitats m\u00e8diques, com la urologia, la cardiologia, l&#8217;endocrinologia i l&#8217;oncologia, per a abordar la salut del pacient de manera integral.<\/p>\n<\/div><\/section>\n\n<style type=\"text\/css\" data-created_by=\"avia_inline_auto\" id=\"style-css-av-34depa-8f224f7b3591eb7975bd0241c636baba\">\n.flex_column.av-34depa-8f224f7b3591eb7975bd0241c636baba{\nborder-radius:0px 0px 0px 0px;\npadding:0px 0px 0px 0px;\n}\n<\/style>\n<div  class='flex_column av-34depa-8f224f7b3591eb7975bd0241c636baba av_one_half  avia-builder-el-8  el_after_av_textblock  el_before_av_one_half  first flex_column_div av-zero-column-padding  column-top-margin'     ><section  class='av_textblock_section av-lusi5fdr-a410ba0ffea2b3e7ebda2064d25514c3 '   itemscope=\"itemscope\" itemtype=\"https:\/\/schema.org\/CreativeWork\" ><div class='avia_textblock'  itemprop=\"text\" ><h3 id=\"que-es-un-tricograma\">Quines patolog\u00edes que tracta la Nefrologia?<\/h3>\n<ul>\n<li><strong>Insufici\u00e8ncia renal cr\u00f2nica:<\/strong><br \/>\nLa nefrologia s&#8217;ocupa de la prevenci\u00f3, diagn\u00f2stic i tractament de la insufici\u00e8ncia renal cr\u00f2nica, que \u00e9s una condici\u00f3 en la qual els ronyons no poden filtrar la sang adequadament.<\/li>\n<li><strong>Malalties glomerulars:<\/strong><br \/>\nTracta malalties que afecten els glom\u00e9rulos, que s\u00f3n estructures en els ronyons que filtren la sang.<\/li>\n<li><strong>Malalties tubulars:<\/strong><br \/>\nTracta malalties que afecten els t\u00fabuls renals, que s\u00f3n estructures que transporten l&#8217;orina a trav\u00e9s dels ronyons.<\/li>\n<\/ul>\n<\/div><\/section><\/div>\n<style type=\"text\/css\" data-created_by=\"avia_inline_auto\" id=\"style-css-av-aih3j2-7590bae865d2066fa251283c06b709f1\">\n.flex_column.av-aih3j2-7590bae865d2066fa251283c06b709f1{\nborder-radius:0px 0px 0px 0px;\npadding:0px 0px 0px 0px;\n}\n<\/style>\n<div  class='flex_column av-aih3j2-7590bae865d2066fa251283c06b709f1 av_one_half  avia-builder-el-10  el_after_av_one_half  avia-builder-el-last  flex_column_div av-zero-column-padding  column-top-margin'     ><section  class='av_textblock_section av-lusl9tgn-b2e1ce359f071caca1139480e591c5e1 '   itemscope=\"itemscope\" itemtype=\"https:\/\/schema.org\/CreativeWork\" ><div class='avia_textblock'  itemprop=\"text\" ><h3 id=\"que-es-un-tricograma\">Altres patolog\u00edes que tracta;<\/h3>\n<ul>\n<li><strong>Malalties cong\u00e8nites dels ronyons:<\/strong><br \/>\nS&#8217;ocupa de l&#8217;atenci\u00f3 a pacients amb malalties renals que s\u00f3n presents des del naixement.<\/li>\n<li><strong>Hipertensi\u00f3 arterial i diabetis:<\/strong><br \/>\nLa nefrologia juga un paper important en el maneig de la hipertensi\u00f3 arterial i la diabetis, ja que aquestes condicions poden danyar els ronyons.<\/li>\n<li><strong>Malalties metab\u00f2liques:<\/strong><br \/>\nTracta malalties metab\u00f2liques que poden afectar els ronyons.<\/li>\n<\/ul>\n<\/div><\/section><\/div>\n<\/div><\/div><\/div><!-- close content main div --><\/div><\/div><div id='after_section_1'  class='main_color av_default_container_wrap container_wrap fullsize'  ><div class='container av-section-cont-open' ><div class='template-page content  av-content-full alpha units'><div class='post-entry post-entry-type-page post-entry-6040'><div class='entry-content-wrapper clearfix'>\n\n<style type=\"text\/css\" data-created_by=\"avia_inline_auto\" id=\"style-css-av-jtikaxsb-3-05a747a56c4f2d83ac35025d0aaadba3\">\n#top .av_textblock_section.av-jtikaxsb-3-05a747a56c4f2d83ac35025d0aaadba3 .avia_textblock{\nfont-size:20px;\n}\n<\/style>\n<section  class='av_textblock_section av-jtikaxsb-3-05a747a56c4f2d83ac35025d0aaadba3 '   itemscope=\"itemscope\" itemtype=\"https:\/\/schema.org\/CreativeWork\" ><div class='avia_textblock'  itemprop=\"text\" ><p style=\"text-align: center;\"><strong>Dia de visita:<\/strong> dimecres mat\u00ed i tarda.<\/p>\n<\/div><\/section>\n","protected":false},"excerpt":{"rendered":"","protected":false},"author":3,"featured_media":0,"parent":0,"menu_order":0,"comment_status":"closed","ping_status":"closed","template":"","meta":{"footnotes":""},"class_list":["post-6040","page","type-page","status-publish","hentry"],"yoast_head":"<!-- This site is optimized with the Yoast SEO plugin v27.4 - https:\/\/yoast.com\/product\/yoast-seo-wordpress\/ -->\n<title>Tricologia - Creu Blava<\/title>\n<meta name=\"robots\" content=\"index, follow, max-snippet:-1, max-image-preview:large, max-video-preview:-1\" \/>\n<link rel=\"canonical\" href=\"https:\/\/creublava.com\/ca\/tricologia\/\" \/>\n<meta property=\"og:locale\" content=\"ca_ES\" \/>\n<meta property=\"og:type\" content=\"article\" \/>\n<meta property=\"og:title\" content=\"Tricologia - Creu Blava\" \/>\n<meta property=\"og:url\" content=\"https:\/\/creublava.com\/ca\/tricologia\/\" \/>\n<meta property=\"og:site_name\" content=\"Creu Blava\" \/>\n<meta property=\"article:modified_time\" content=\"2025-08-20T07:56:08+00:00\" \/>\n<meta name=\"twitter:card\" content=\"summary_large_image\" \/>\n<meta name=\"twitter:label1\" content=\"Temps estimat de lectura\" \/>\n\t<meta name=\"twitter:data1\" content=\"2 minuts\" \/>\n<script type=\"application\/ld+json\" class=\"yoast-schema-graph\">{\"@context\":\"https:\\\/\\\/schema.org\",\"@graph\":[{\"@type\":\"WebPage\",\"@id\":\"https:\\\/\\\/creublava.com\\\/ca\\\/tricologia\\\/\",\"url\":\"https:\\\/\\\/creublava.com\\\/ca\\\/tricologia\\\/\",\"name\":\"Tricologia - Creu Blava\",\"isPartOf\":{\"@id\":\"https:\\\/\\\/creublava.com\\\/ca\\\/#website\"},\"datePublished\":\"2024-07-25T10:41:04+00:00\",\"dateModified\":\"2025-08-20T07:56:08+00:00\",\"breadcrumb\":{\"@id\":\"https:\\\/\\\/creublava.com\\\/ca\\\/tricologia\\\/#breadcrumb\"},\"inLanguage\":\"ca\",\"potentialAction\":[{\"@type\":\"ReadAction\",\"target\":[\"https:\\\/\\\/creublava.com\\\/ca\\\/tricologia\\\/\"]}]},{\"@type\":\"BreadcrumbList\",\"@id\":\"https:\\\/\\\/creublava.com\\\/ca\\\/tricologia\\\/#breadcrumb\",\"itemListElement\":[{\"@type\":\"ListItem\",\"position\":1,\"name\":\"Portada\",\"item\":\"https:\\\/\\\/creublava.com\\\/ca\\\/creublava-malgrat-de-mar\\\/\"},{\"@type\":\"ListItem\",\"position\":2,\"name\":\"Tricologia\"}]},{\"@type\":\"WebSite\",\"@id\":\"https:\\\/\\\/creublava.com\\\/ca\\\/#website\",\"url\":\"https:\\\/\\\/creublava.com\\\/ca\\\/\",\"name\":\"Cloutions\",\"description\":\"Centro cl\u00ednico en Malgrat de Mar\",\"potentialAction\":[{\"@type\":\"SearchAction\",\"target\":{\"@type\":\"EntryPoint\",\"urlTemplate\":\"https:\\\/\\\/creublava.com\\\/ca\\\/?s={search_term_string}\"},\"query-input\":{\"@type\":\"PropertyValueSpecification\",\"valueRequired\":true,\"valueName\":\"search_term_string\"}}],\"inLanguage\":\"ca\"}]}<\/script>\n<!-- \/ Yoast SEO plugin. -->","yoast_head_json":{"title":"Tricologia - Creu Blava","robots":{"index":"index","follow":"follow","max-snippet":"max-snippet:-1","max-image-preview":"max-image-preview:large","max-video-preview":"max-video-preview:-1"},"canonical":"https:\/\/creublava.com\/ca\/tricologia\/","og_locale":"ca_ES","og_type":"article","og_title":"Tricologia - Creu Blava","og_url":"https:\/\/creublava.com\/ca\/tricologia\/","og_site_name":"Creu Blava","article_modified_time":"2025-08-20T07:56:08+00:00","twitter_card":"summary_large_image","twitter_misc":{"Temps estimat de lectura":"2 minuts"},"schema":{"@context":"https:\/\/schema.org","@graph":[{"@type":"WebPage","@id":"https:\/\/creublava.com\/ca\/tricologia\/","url":"https:\/\/creublava.com\/ca\/tricologia\/","name":"Tricologia - Creu Blava","isPartOf":{"@id":"https:\/\/creublava.com\/ca\/#website"},"datePublished":"2024-07-25T10:41:04+00:00","dateModified":"2025-08-20T07:56:08+00:00","breadcrumb":{"@id":"https:\/\/creublava.com\/ca\/tricologia\/#breadcrumb"},"inLanguage":"ca","potentialAction":[{"@type":"ReadAction","target":["https:\/\/creublava.com\/ca\/tricologia\/"]}]},{"@type":"BreadcrumbList","@id":"https:\/\/creublava.com\/ca\/tricologia\/#breadcrumb","itemListElement":[{"@type":"ListItem","position":1,"name":"Portada","item":"https:\/\/creublava.com\/ca\/creublava-malgrat-de-mar\/"},{"@type":"ListItem","position":2,"name":"Tricologia"}]},{"@type":"WebSite","@id":"https:\/\/creublava.com\/ca\/#website","url":"https:\/\/creublava.com\/ca\/","name":"Cloutions","description":"Centro cl\u00ednico en Malgrat de Mar","potentialAction":[{"@type":"SearchAction","target":{"@type":"EntryPoint","urlTemplate":"https:\/\/creublava.com\/ca\/?s={search_term_string}"},"query-input":{"@type":"PropertyValueSpecification","valueRequired":true,"valueName":"search_term_string"}}],"inLanguage":"ca"}]}},"_links":{"self":[{"href":"https:\/\/creublava.com\/ca\/wp-json\/wp\/v2\/pages\/6040","targetHints":{"allow":["GET"]}}],"collection":[{"href":"https:\/\/creublava.com\/ca\/wp-json\/wp\/v2\/pages"}],"about":[{"href":"https:\/\/creublava.com\/ca\/wp-json\/wp\/v2\/types\/page"}],"author":[{"embeddable":true,"href":"https:\/\/creublava.com\/ca\/wp-json\/wp\/v2\/users\/3"}],"replies":[{"embeddable":true,"href":"https:\/\/creublava.com\/ca\/wp-json\/wp\/v2\/comments?post=6040"}],"version-history":[{"count":0,"href":"https:\/\/creublava.com\/ca\/wp-json\/wp\/v2\/pages\/6040\/revisions"}],"wp:attachment":[{"href":"https:\/\/creublava.com\/ca\/wp-json\/wp\/v2\/media?parent=6040"}],"curies":[{"name":"wp","href":"https:\/\/api.w.org\/{rel}","templated":true}]}}